{"id":4274,"date":"2026-04-05T21:13:03","date_gmt":"2026-04-06T00:13:03","guid":{"rendered":"https:\/\/maluvati.com.ar\/es\/?page_id=4274"},"modified":"2026-04-06T00:26:44","modified_gmt":"2026-04-06T03:26:44","slug":"principal","status":"publish","type":"page","link":"https:\/\/maluvati.com.ar\/es\/","title":{"rendered":"Principal"},"content":{"rendered":"\t\t<div data-elementor-type=\"wp-page\" data-elementor-id=\"4274\" class=\"elementor elementor-4274\" data-elementor-post-type=\"page\">\n\t\t\t\t<div class=\"elementor-element elementor-element-3d83ca8 e-con-full e-flex e-con e-parent\" data-id=\"3d83ca8\" data-element_type=\"container\" data-e-type=\"container\">\n\t\t<div class=\"elementor-element elementor-element-08b7140 e-con-full e-flex e-con e-child\" data-id=\"08b7140\" data-element_type=\"container\" data-e-type=\"container\">\n\t\t\t\t\t\t\t\n\t\t<img class=\"e-image-base \" \n\t\t\t\t\tdata-interaction-id=\"7ecd9d9\" \n\t\t \n\t\t data-e-type=\"widget\" data-id=\"7ecd9d9\"\n\t\t\t\t\t\t\t\t\tid=\"4347\"\n\t\t\t\t\t\t\t\t\t\t\t\tsrc=\"https:\/\/maluvati.com.ar\/es\/wp-content\/uploads\/2026\/04\/ef-tran-deb-1-1024x512-1.webp\"\n\t\t\t\t\t\t\t\t\t\t\t\twidth=\"1024\"\n\t\t\t\t\t\t\t\t\t\t\t\theight=\"512\"\n\t\t\t\t\t\t\t\t\t\t\t\tsrcset=\"https:\/\/maluvati.com.ar\/es\/wp-content\/uploads\/2026\/04\/ef-tran-deb-1-1024x512-1.webp 1024w, https:\/\/maluvati.com.ar\/es\/wp-content\/uploads\/2026\/04\/ef-tran-deb-1-1024x512-1-300x150.webp 300w, https:\/\/maluvati.com.ar\/es\/wp-content\/uploads\/2026\/04\/ef-tran-deb-1-1024x512-1-768x384.webp 768w, https:\/\/maluvati.com.ar\/es\/wp-content\/uploads\/2026\/04\/ef-tran-deb-1-1024x512-1-600x300.webp 600w\"\n\t\t\t\t\t\t\t\t\t\t\t\talt=\"\"\n\t\t\t\t\t\t\/>\n\t\t\t\t\t\t\t\t\n\t\t<img class=\"e-image-base \" \n\t\t\t\t\tdata-interaction-id=\"3d4f08e\" \n\t\t \n\t\t data-e-type=\"widget\" data-id=\"3d4f08e\"\n\t\t\t\t\t\t\t\t\tid=\"4369\"\n\t\t\t\t\t\t\t\t\t\t\t\tsrc=\"https:\/\/maluvati.com.ar\/es\/wp-content\/uploads\/2026\/04\/Solo-Ventas-minoristas-1024x512-2.webp\"\n\t\t\t\t\t\t\t\t\t\t\t\twidth=\"1024\"\n\t\t\t\t\t\t\t\t\t\t\t\theight=\"512\"\n\t\t\t\t\t\t\t\t\t\t\t\tsrcset=\"https:\/\/maluvati.com.ar\/es\/wp-content\/uploads\/2026\/04\/Solo-Ventas-minoristas-1024x512-2.webp 1024w, https:\/\/maluvati.com.ar\/es\/wp-content\/uploads\/2026\/04\/Solo-Ventas-minoristas-1024x512-2-300x150.webp 300w, https:\/\/maluvati.com.ar\/es\/wp-content\/uploads\/2026\/04\/Solo-Ventas-minoristas-1024x512-2-768x384.webp 768w, https:\/\/maluvati.com.ar\/es\/wp-content\/uploads\/2026\/04\/Solo-Ventas-minoristas-1024x512-2-600x300.webp 600w\"\n\t\t\t\t\t\t\t\t\t\t\t\talt=\"\"\n\t\t\t\t\t\t\/>\n\t\t\t\t\t<\/div>\n\t\t<div class=\"elementor-element elementor-element-3cb34cd e-con-full e-flex e-con e-child\" data-id=\"3cb34cd\" data-element_type=\"container\" data-e-type=\"container\">\n\t\t<div class=\"elementor-element elementor-element-94a6ad4 e-con-full e-flex e-con e-child\" data-id=\"94a6ad4\" data-element_type=\"container\" data-e-type=\"container\">\n\t\t\t\t<div class=\"elementor-element elementor-element-0523b59 elementor-cta--skin-classic elementor-animated-content elementor-bg-transform elementor-bg-transform-zoom-in elementor-widget elementor-widget-call-to-action\" data-id=\"0523b59\" data-element_type=\"widget\" data-e-type=\"widget\" data-widget_type=\"call-to-action.default\">\n\t\t\t\t\t\t\t<div class=\"elementor-cta\">\n\t\t\t\t\t<div class=\"elementor-cta__bg-wrapper\">\n\t\t\t\t<div class=\"elementor-cta__bg elementor-bg\" style=\"background-image: url(https:\/\/maluvati.com.ar\/es\/wp-content\/uploads\/2026\/04\/envios_pais.webp);\" role=\"img\" aria-label=\"envios_pais\"><\/div>\n\t\t\t\t<div class=\"elementor-cta__bg-overlay\"><\/div>\n\t\t\t<\/div>\n\t\t\t\t\t\t\t<div class=\"elementor-cta__content\">\n\t\t\t\t\n\t\t\t\t\t\t\t\t\t<h2 class=\"elementor-cta__title elementor-cta__content-item elementor-content-item\">\n\t\t\t\t\t\tENVIOS NACIONALES\t\t\t\t\t<\/h2>\n\t\t\t\t\n\t\t\t\t\t\t\t\t\t<div class=\"elementor-cta__description elementor-cta__content-item elementor-content-item\">\n\t\t\t\t\t\tTu pedido llega a donde est\u00e9s, en cualquier punto de nuestra hermosa Argentina, a trav\u00e9s de PAQ.AR, servicio de Correo Argentino. Consultanos por WhatsApp sobre los costos de \u00e9ste servicio.-\t\t\t\t\t<\/div>\n\t\t\t\t\n\t\t\t\t\t\t\t<\/div>\n\t\t\t\t\t\t<\/div>\n\t\t\t\t\t\t<\/div>\n\t\t\t\t<\/div>\n\t\t<div class=\"elementor-element elementor-element-4e36cff e-con-full e-flex e-con e-child\" data-id=\"4e36cff\" data-element_type=\"container\" data-e-type=\"container\">\n\t\t\t\t<div class=\"elementor-element elementor-element-b71936c elementor-cta--skin-classic elementor-animated-content elementor-bg-transform elementor-bg-transform-zoom-in elementor-widget elementor-widget-call-to-action\" data-id=\"b71936c\" data-element_type=\"widget\" data-e-type=\"widget\" data-widget_type=\"call-to-action.default\">\n\t\t\t\t\t\t\t<a class=\"elementor-cta\" href=\"https:\/\/wa.link\/qvgi0w\" target=\"_blank\">\n\t\t\t\t\t<div class=\"elementor-cta__bg-wrapper\">\n\t\t\t\t<div class=\"elementor-cta__bg elementor-bg\" style=\"background-image: url(https:\/\/maluvati.com.ar\/es\/wp-content\/uploads\/2026\/04\/envios_cerca.webp);\" role=\"img\" aria-label=\"envios_cerca\"><\/div>\n\t\t\t\t<div class=\"elementor-cta__bg-overlay\"><\/div>\n\t\t\t<\/div>\n\t\t\t\t\t\t\t<div class=\"elementor-cta__content\">\n\t\t\t\t\n\t\t\t\t\t\t\t\t\t<h2 class=\"elementor-cta__title elementor-cta__content-item elementor-content-item\">\n\t\t\t\t\t\tENVIOS LOCALES\t\t\t\t\t<\/h2>\n\t\t\t\t\n\t\t\t\t\t\t\t\t\t<div class=\"elementor-cta__description elementor-cta__content-item elementor-content-item\">\n\t\t\t\t\t\tContamos con servicio de cadeter\u00eda para las localidades cercanas a nuestro local en Bialet Mass\u00e9, Provincia de C\u00f3rdoba. Hac\u00e9 clic en la imagen y consultanos por Whatsapp. los costos de \u00e9ste servicio.-\t\t\t\t\t<\/div>\n\t\t\t\t\n\t\t\t\t\t\t\t<\/div>\n\t\t\t\t\t\t<\/a>\n\t\t\t\t\t\t<\/div>\n\t\t\t\t<\/div>\n\t\t\t\t<\/div>\n\t\t\t\t<\/div>\n\t\t\t\t<\/div>\n\t\t","protected":false},"excerpt":{"rendered":"<p>ENVIOS NACIONALES Tu pedido llega a donde est\u00e9s, en cualquier punto de nuestra hermosa Argentina, a trav\u00e9s de PAQ.AR, servicio de Correo Argentino. Consultanos por WhatsApp sobre los costos de \u00e9ste servicio.- ENVIOS LOCALES Contamos con servicio de cadeter\u00eda para las localidades cercanas a nuestro local en Bialet Mass\u00e9, Provincia de C\u00f3rdoba. Hac\u00e9 clic en [&hellip;]<\/p>\n","protected":false},"author":1,"featured_media":0,"parent":0,"menu_order":0,"comment_status":"closed","ping_status":"closed","template":"","meta":{"footnotes":""},"class_list":["post-4274","page","type-page","status-publish","hentry"],"_links":{"self":[{"href":"https:\/\/maluvati.com.ar\/es\/wp-json\/wp\/v2\/pages\/4274","targetHints":{"allow":["GET"]}}],"collection":[{"href":"https:\/\/maluvati.com.ar\/es\/wp-json\/wp\/v2\/pages"}],"about":[{"href":"https:\/\/maluvati.com.ar\/es\/wp-json\/wp\/v2\/types\/page"}],"author":[{"embeddable":true,"href":"https:\/\/maluvati.com.ar\/es\/wp-json\/wp\/v2\/users\/1"}],"replies":[{"embeddable":true,"href":"https:\/\/maluvati.com.ar\/es\/wp-json\/wp\/v2\/comments?post=4274"}],"version-history":[{"count":22,"href":"https:\/\/maluvati.com.ar\/es\/wp-json\/wp\/v2\/pages\/4274\/revisions"}],"predecessor-version":[{"id":4372,"href":"https:\/\/maluvati.com.ar\/es\/wp-json\/wp\/v2\/pages\/4274\/revisions\/4372"}],"wp:attachment":[{"href":"https:\/\/maluvati.com.ar\/es\/wp-json\/wp\/v2\/media?parent=4274"}],"curies":[{"name":"wp","href":"https:\/\/api.w.org\/{rel}","templated":true}]}}