{"id":2836,"date":"2026-04-05T19:14:42","date_gmt":"2026-04-05T22:14:42","guid":{"rendered":"https:\/\/maluvati.com.ar\/es\/?post_type=product&#038;p=2836"},"modified":"2026-04-05T19:17:05","modified_gmt":"2026-04-05T22:17:05","slug":"sahumos-sagrada-madre","status":"publish","type":"product","link":"https:\/\/maluvati.com.ar\/es\/product\/sahumos-sagrada-madre\/","title":{"rendered":"Sahumos &#8211;  Sagrada Madre"},"content":{"rendered":"<p>Sahumos<\/p>\n<p>Varios Aromas &#8211; Chicos<\/p>\n<ul>\n<li>Copal<\/li>\n<li>Flores Chico<\/li>\n<li>Hierbas Arom\u00e1ticas<\/li>\n<li>Mirra y Palo Santo<\/li>\n<li>Romero<\/li>\n<li>Salvia<\/li>\n<li>Yagra<\/li>\n<li>Limpieza Energ\u00e9tica<\/li>\n<\/ul>\n<p>Consult\u00e1 disponibilidad<\/p>\n<p>*Consulte variedades disponibles debido a las ventas presenciales<\/p>\n<p>&nbsp;<\/p>\n","protected":false},"excerpt":{"rendered":"<p>Sahumos Varios Aromas &#8211; Chicos Copal Flores Chico Hierbas Arom\u00e1ticas Mirra y Palo Santo Romero Salvia Yagra Limpieza Energ\u00e9tica Consult\u00e1 disponibilidad *Consulte variedades disponibles debido a las ventas presenciales &nbsp;<\/p>\n","protected":false},"featured_media":1934,"comment_status":"closed","ping_status":"closed","template":"","meta":[],"product_brand":[],"product_cat":[30],"product_tag":[],"class_list":{"0":"post-2836","1":"product","2":"type-product","3":"status-publish","4":"has-post-thumbnail","6":"product_cat-sahumos","8":"first","9":"instock","10":"shipping-taxable","11":"purchasable","12":"product-type-variable"},"_links":{"self":[{"href":"https:\/\/maluvati.com.ar\/es\/wp-json\/wp\/v2\/product\/2836","targetHints":{"allow":["GET"]}}],"collection":[{"href":"https:\/\/maluvati.com.ar\/es\/wp-json\/wp\/v2\/product"}],"about":[{"href":"https:\/\/maluvati.com.ar\/es\/wp-json\/wp\/v2\/types\/product"}],"replies":[{"embeddable":true,"href":"https:\/\/maluvati.com.ar\/es\/wp-json\/wp\/v2\/comments?post=2836"}],"wp:featuredmedia":[{"embeddable":true,"href":"https:\/\/maluvati.com.ar\/es\/wp-json\/wp\/v2\/media\/1934"}],"wp:attachment":[{"href":"https:\/\/maluvati.com.ar\/es\/wp-json\/wp\/v2\/media?parent=2836"}],"wp:term":[{"taxonomy":"product_brand","embeddable":true,"href":"https:\/\/maluvati.com.ar\/es\/wp-json\/wp\/v2\/product_brand?post=2836"},{"taxonomy":"product_cat","embeddable":true,"href":"https:\/\/maluvati.com.ar\/es\/wp-json\/wp\/v2\/product_cat?post=2836"},{"taxonomy":"product_tag","embeddable":true,"href":"https:\/\/maluvati.com.ar\/es\/wp-json\/wp\/v2\/product_tag?post=2836"}],"curies":[{"name":"wp","href":"https:\/\/api.w.org\/{rel}","templated":true}]}}