{"id":2838,"date":"2026-04-05T19:14:42","date_gmt":"2026-04-05T22:14:42","guid":{"rendered":"https:\/\/maluvati.com.ar\/es\/?post_type=product&#038;p=2838"},"modified":"2026-04-05T19:16:30","modified_gmt":"2026-04-05T22:16:30","slug":"bombitas-herbal-x4-sagrada-madre","status":"publish","type":"product","link":"https:\/\/maluvati.com.ar\/es\/product\/bombitas-herbal-x4-sagrada-madre\/","title":{"rendered":"Bombitas Herbal x4 &#8211; Sagrada Madre"},"content":{"rendered":"<p>Tu complemento ideal a la hora de sahumar.<\/p>\n<ul>\n<li>Caja de 4 unidades<\/li>\n<li>Duraci\u00f3n: Aproximadamente 10 minutos<\/li>\n<\/ul>\n<p>Aromas y composici\u00f3n:<\/p>\n<ul>\n<li><em><strong>Amor:<\/strong><\/em> p\u00e9talos de rosas, ruda, laurel, eucalipto, cedro y aglutinante natural.<\/li>\n<li><em><strong>7 poderes:<\/strong><\/em> flor de lavanda, ruda, laurel, eucalipto, hierba buena, inca yuyo, cedro y aglutinante natural.<\/li>\n<li><em><strong>Destrabar:<\/strong><\/em> resina de mirra, cal\u00e9ndula, t\u00e9 verde, cedro y aglutinante natural.<\/li>\n<li><em><strong>Fortuna:<\/strong><\/em> c\u00e1scara de canela, an\u00eds estrellado, lemon grass, cedro y aglutinante natural.<\/li>\n<li><em><strong>Limpiar:<\/strong><\/em> c\u00e1scara de canela, palo santo, romero, cedro y aglutinante natural.<\/li>\n<li><em><strong>Purificar:<\/strong><\/em>\u00a0p\u00e9talos de salvia, laurel, eucalipto, cedro y aglutinante natural.<\/li>\n<li><em><strong>Armon\u00eda:<\/strong><\/em> Flor de cal\u00e9ndula, manzanilla, romero, contra yerba, hierba buena, ruda, alcanfor, cedro y aglutinante natural.<\/li>\n<li><em><strong>Renacer:<\/strong><\/em> aceite esencial de citronela, c\u00e1scara de naranja, romero, ruda, cedro y aglutinante natural.<\/li>\n<\/ul>\n<p>&nbsp;<\/p>\n<p>Consult\u00e1 disponibilidad.<\/p>\n<p>*Precio publicado por Caja de 4 unidad.<\/p>\n<p>&nbsp;<\/p>\n<p>&nbsp;<\/p>\n","protected":false},"excerpt":{"rendered":"<p>Tu complemento ideal a la hora de sahumar. Caja de 4 unidades Duraci\u00f3n: Aproximadamente 10 minutos Aromas y composici\u00f3n: Amor: p\u00e9talos de rosas, ruda, laurel, eucalipto, cedro y aglutinante natural. 7 poderes: flor de lavanda, ruda, laurel, eucalipto, hierba buena, inca yuyo, cedro y aglutinante natural. Destrabar: resina de mirra, cal\u00e9ndula, t\u00e9 verde, cedro y [&hellip;]<\/p>\n","protected":false},"featured_media":1936,"comment_status":"closed","ping_status":"closed","template":"","meta":[],"product_brand":[],"product_cat":[19],"product_tag":[],"class_list":{"0":"post-2838","1":"product","2":"type-product","3":"status-publish","4":"has-post-thumbnail","6":"product_cat-bombitas-defumacion","8":"first","9":"instock","10":"shipping-taxable","11":"purchasable","12":"product-type-variable"},"_links":{"self":[{"href":"https:\/\/maluvati.com.ar\/es\/wp-json\/wp\/v2\/product\/2838","targetHints":{"allow":["GET"]}}],"collection":[{"href":"https:\/\/maluvati.com.ar\/es\/wp-json\/wp\/v2\/product"}],"about":[{"href":"https:\/\/maluvati.com.ar\/es\/wp-json\/wp\/v2\/types\/product"}],"replies":[{"embeddable":true,"href":"https:\/\/maluvati.com.ar\/es\/wp-json\/wp\/v2\/comments?post=2838"}],"wp:featuredmedia":[{"embeddable":true,"href":"https:\/\/maluvati.com.ar\/es\/wp-json\/wp\/v2\/media\/1936"}],"wp:attachment":[{"href":"https:\/\/maluvati.com.ar\/es\/wp-json\/wp\/v2\/media?parent=2838"}],"wp:term":[{"taxonomy":"product_brand","embeddable":true,"href":"https:\/\/maluvati.com.ar\/es\/wp-json\/wp\/v2\/product_brand?post=2838"},{"taxonomy":"product_cat","embeddable":true,"href":"https:\/\/maluvati.com.ar\/es\/wp-json\/wp\/v2\/product_cat?post=2838"},{"taxonomy":"product_tag","embeddable":true,"href":"https:\/\/maluvati.com.ar\/es\/wp-json\/wp\/v2\/product_tag?post=2838"}],"curies":[{"name":"wp","href":"https:\/\/api.w.org\/{rel}","templated":true}]}}