{"id":2839,"date":"2026-04-05T19:14:42","date_gmt":"2026-04-05T22:14:42","guid":{"rendered":"https:\/\/maluvati.com.ar\/es\/?post_type=product&#038;p=2839"},"modified":"2026-04-05T19:16:27","modified_gmt":"2026-04-05T22:16:27","slug":"bomba-herbal-xl-sagrada-madre","status":"publish","type":"product","link":"https:\/\/maluvati.com.ar\/es\/product\/bomba-herbal-xl-sagrada-madre\/","title":{"rendered":"Bomba Herbal XL &#8211; Sagrada Madre"},"content":{"rendered":"<p style=\"text-align: center;\"><em><strong><span style=\"font-size: 130%;\">Bomba Herbal XL &#8211; Sagrada Madre<\/span><\/strong><\/em><\/p>\n<p>Tu complemento ideal a la hora de sahumar.<\/p>\n<ul>\n<li>Caja de 3 unidades<\/li>\n<li>Duraci\u00f3n: 10-15 minutos<\/li>\n<\/ul>\n<p><em>Variedad:<\/em><\/p>\n<ul>\n<li>\n<h4><span style=\"font-size: 110%;\"><strong>Purificaci\u00f3n:<\/strong><\/span><\/h4>\n<\/li>\n<\/ul>\n<p>Composici\u00f3n: hierbas arom\u00e1ticas, harina de madera, resinas naturales, aglutinante natural y aceites esenciales.<\/p>\n<p><em><strong>Palo santo<\/strong><\/em>, limpia. <em><strong>Rosa<\/strong><\/em>, amor.<em><strong> Lavanda<\/strong><\/em>, armoniza. <em><strong>Laurel<\/strong><\/em>, neutraliza.<em><strong> Eucalipto<\/strong><\/em>, transmuta. <em><strong>Alcanford<\/strong><\/em>, equilibra. <em><strong>Romero<\/strong><\/em>, conecta. <em><strong>Ruda<\/strong><\/em>, protege. <em><strong>Menta<\/strong><\/em>, amplifica. <em><strong>Cedro<\/strong><\/em>, gu\u00eda.<\/p>\n<p>&nbsp;<\/p>\n<ul>\n<li>\n<h4><span style=\"font-size: 110%;\"><strong>Limpieza Energ\u00e9tica:<\/strong>\u00a0<\/span><\/h4>\n<\/li>\n<\/ul>\n<p>Composici\u00f3n: hierbas arom\u00e1ticas, harina de madera, resinas naturales, aglutinante natural y aceites esenciales.<\/p>\n<p><strong><em>Benjui<\/em><\/strong>, apertura. <em><strong>Incienso<\/strong><\/em>, purifica. <em><strong>Eucalipto<\/strong><\/em>, transmuta. <em><strong>Ruda<\/strong><\/em>, protege. <em><strong>Alcanford<\/strong><\/em>, equilibra. <em><strong>Menta<\/strong><\/em>, amplifica. <em><strong>Cedro<\/strong><\/em>, guia. <em><strong>Laurel<\/strong><\/em>, neutraliza. <em><strong>Romero<\/strong><\/em>, conecta. <em><strong>Salvia<\/strong><\/em>, sana.<\/p>\n<p>&nbsp;<\/p>\n<p>Consult\u00e1 disponibilidad.<\/p>\n<p>*Precio publicado por Caja de 3 unidad.<\/p>\n<p>&nbsp;<\/p>\n<p>&nbsp;<\/p>\n","protected":false},"excerpt":{"rendered":"<p>Bomba Herbal XL &#8211; Sagrada Madre Tu complemento ideal a la hora de sahumar. Caja de 3 unidades Duraci\u00f3n: 10-15 minutos Variedad: Purificaci\u00f3n: Composici\u00f3n: hierbas arom\u00e1ticas, harina de madera, resinas naturales, aglutinante natural y aceites esenciales. Palo santo, limpia. Rosa, amor. Lavanda, armoniza. Laurel, neutraliza. Eucalipto, transmuta. Alcanford, equilibra. Romero, conecta. Ruda, protege. Menta, amplifica. [&hellip;]<\/p>\n","protected":false},"featured_media":1937,"comment_status":"closed","ping_status":"closed","template":"","meta":[],"product_brand":[],"product_cat":[19],"product_tag":[],"class_list":{"0":"post-2839","1":"product","2":"type-product","3":"status-publish","4":"has-post-thumbnail","6":"product_cat-bombitas-defumacion","8":"first","9":"instock","10":"shipping-taxable","11":"purchasable","12":"product-type-variable"},"_links":{"self":[{"href":"https:\/\/maluvati.com.ar\/es\/wp-json\/wp\/v2\/product\/2839","targetHints":{"allow":["GET"]}}],"collection":[{"href":"https:\/\/maluvati.com.ar\/es\/wp-json\/wp\/v2\/product"}],"about":[{"href":"https:\/\/maluvati.com.ar\/es\/wp-json\/wp\/v2\/types\/product"}],"replies":[{"embeddable":true,"href":"https:\/\/maluvati.com.ar\/es\/wp-json\/wp\/v2\/comments?post=2839"}],"wp:featuredmedia":[{"embeddable":true,"href":"https:\/\/maluvati.com.ar\/es\/wp-json\/wp\/v2\/media\/1937"}],"wp:attachment":[{"href":"https:\/\/maluvati.com.ar\/es\/wp-json\/wp\/v2\/media?parent=2839"}],"wp:term":[{"taxonomy":"product_brand","embeddable":true,"href":"https:\/\/maluvati.com.ar\/es\/wp-json\/wp\/v2\/product_brand?post=2839"},{"taxonomy":"product_cat","embeddable":true,"href":"https:\/\/maluvati.com.ar\/es\/wp-json\/wp\/v2\/product_cat?post=2839"},{"taxonomy":"product_tag","embeddable":true,"href":"https:\/\/maluvati.com.ar\/es\/wp-json\/wp\/v2\/product_tag?post=2839"}],"curies":[{"name":"wp","href":"https:\/\/api.w.org\/{rel}","templated":true}]}}