{"id":2840,"date":"2026-04-05T19:14:42","date_gmt":"2026-04-05T22:14:42","guid":{"rendered":"https:\/\/maluvati.com.ar\/es\/?post_type=product&#038;p=2840"},"modified":"2026-04-05T19:14:44","modified_gmt":"2026-04-05T22:14:44","slug":"bombitas-7-chakras-sagrada-madre","status":"publish","type":"product","link":"https:\/\/maluvati.com.ar\/es\/product\/bombitas-7-chakras-sagrada-madre\/","title":{"rendered":"Bombitas 7 Chakras-Sagrada Madre"},"content":{"rendered":"<p>Tu complemento ideal a la hora de sahumar.<\/p>\n<ul>\n<li>Contenido: 7 unidades<\/li>\n<li>Uso: para defumar<\/li>\n<li>Duraci\u00f3n: aproximadamente 8 minutos<\/li>\n<li>Composici\u00f3n: madera, hierbas, resinas, aceites esenciales y aglutinantes naturales.<\/li>\n<\/ul>\n<p>&nbsp;<\/p>\n<p>&nbsp;<\/p>\n<p>&nbsp;<\/p>\n<p>Consult\u00e1 disponibilidad.<\/p>\n<p>*Precio publicado por Caja de 7 unidades.<\/p>\n<p>&nbsp;<\/p>\n","protected":false},"excerpt":{"rendered":"<p>Tu complemento ideal a la hora de sahumar. Contenido: 7 unidades Uso: para defumar Duraci\u00f3n: aproximadamente 8 minutos Composici\u00f3n: madera, hierbas, resinas, aceites esenciales y aglutinantes naturales. &nbsp; &nbsp; &nbsp; Consult\u00e1 disponibilidad. *Precio publicado por Caja de 7 unidades. &nbsp;<\/p>\n","protected":false},"featured_media":1940,"comment_status":"closed","ping_status":"closed","template":"","meta":[],"product_brand":[],"product_cat":[19],"product_tag":[],"class_list":{"0":"post-2840","1":"product","2":"type-product","3":"status-publish","4":"has-post-thumbnail","6":"product_cat-bombitas-defumacion","8":"first","9":"instock","10":"sold-individually","11":"shipping-taxable","12":"purchasable","13":"product-type-simple"},"_links":{"self":[{"href":"https:\/\/maluvati.com.ar\/es\/wp-json\/wp\/v2\/product\/2840","targetHints":{"allow":["GET"]}}],"collection":[{"href":"https:\/\/maluvati.com.ar\/es\/wp-json\/wp\/v2\/product"}],"about":[{"href":"https:\/\/maluvati.com.ar\/es\/wp-json\/wp\/v2\/types\/product"}],"replies":[{"embeddable":true,"href":"https:\/\/maluvati.com.ar\/es\/wp-json\/wp\/v2\/comments?post=2840"}],"wp:featuredmedia":[{"embeddable":true,"href":"https:\/\/maluvati.com.ar\/es\/wp-json\/wp\/v2\/media\/1940"}],"wp:attachment":[{"href":"https:\/\/maluvati.com.ar\/es\/wp-json\/wp\/v2\/media?parent=2840"}],"wp:term":[{"taxonomy":"product_brand","embeddable":true,"href":"https:\/\/maluvati.com.ar\/es\/wp-json\/wp\/v2\/product_brand?post=2840"},{"taxonomy":"product_cat","embeddable":true,"href":"https:\/\/maluvati.com.ar\/es\/wp-json\/wp\/v2\/product_cat?post=2840"},{"taxonomy":"product_tag","embeddable":true,"href":"https:\/\/maluvati.com.ar\/es\/wp-json\/wp\/v2\/product_tag?post=2840"}],"curies":[{"name":"wp","href":"https:\/\/api.w.org\/{rel}","templated":true}]}}