{"id":2846,"date":"2026-04-05T19:14:42","date_gmt":"2026-04-05T22:14:42","guid":{"rendered":"https:\/\/maluvati.com.ar\/es\/?post_type=product&#038;p=2846"},"modified":"2026-04-05T19:17:05","modified_gmt":"2026-04-05T22:17:05","slug":"pastillas-defumacion-7-dias-de-limpieza-variedades-sagrada-madre","status":"publish","type":"product","link":"https:\/\/maluvati.com.ar\/es\/product\/pastillas-defumacion-7-dias-de-limpieza-variedades-sagrada-madre\/","title":{"rendered":"Pastillas Defumaci\u00f3n 7 d\u00edas de Limpieza (Variedades) &#8211; Sagrada Madre"},"content":{"rendered":"<p>Pastillas Defumaci\u00f3n 7 d\u00edas de limpieza<\/p>\n<p>Duraci\u00f3n: El carb\u00f3n permanece encendido hasta 15 minutos despu\u00e9s de consumir las hierbas.<br \/>\nPurificar d\u00eda a d\u00eda, renovar las energ\u00edas d\u00eda a d\u00eda, una pastilla de limpieza para cada d\u00eda de la semana.<\/p>\n<ul>\n<li><strong>7 d\u00edas VARIEDAD:<\/strong> surtidas.<\/li>\n<li><strong>ROSA &#8211; LAVANDA: <\/strong>Amor y Armon\u00eda<\/li>\n<li><strong>MIRRA &#8211; BENJUI:<\/strong> Protecci\u00f3n y Sanaci\u00f3n<\/li>\n<li><strong>COPAL &#8211; VAINILLA:\u00a0<\/strong>Limpieza Ancestral y Paz<\/li>\n<li><strong>S\u00c1NDALO &#8211; YAGRA:\u00a0<\/strong>Prosperidad y Purificaci\u00f3n<\/li>\n<li><strong>INCIENSO &#8211; S\u00c1NDALO:\u00a0<\/strong>Purificaci\u00f3n y Limpieza Ancestral<\/li>\n<\/ul>\n<p>&nbsp;<\/p>\n<p>&nbsp;<\/p>\n<p>Presentaci\u00f3n: cajita que contiene 7 Pastillas Defumaci\u00f3n<\/p>\n<p>Consulte disponibilidad<\/p>\n<p>*Precio publicado por cajita-<\/p>\n<p>*Consulte variedades disponibles debido a las ventas presenciales<\/p>\n<p>&nbsp;<\/p>\n","protected":false},"excerpt":{"rendered":"<p>Pastillas Defumaci\u00f3n 7 d\u00edas de limpieza Duraci\u00f3n: El carb\u00f3n permanece encendido hasta 15 minutos despu\u00e9s de consumir las hierbas. Purificar d\u00eda a d\u00eda, renovar las energ\u00edas d\u00eda a d\u00eda, una pastilla de limpieza para cada d\u00eda de la semana. 7 d\u00edas VARIEDAD: surtidas. ROSA &#8211; LAVANDA: Amor y Armon\u00eda MIRRA &#8211; BENJUI: Protecci\u00f3n y Sanaci\u00f3n [&hellip;]<\/p>\n","protected":false},"featured_media":1948,"comment_status":"closed","ping_status":"closed","template":"","meta":[],"product_brand":[],"product_cat":[31],"product_tag":[],"class_list":{"0":"post-2846","1":"product","2":"type-product","3":"status-publish","4":"has-post-thumbnail","6":"product_cat-pastillas-defumacion","8":"first","9":"instock","10":"shipping-taxable","11":"purchasable","12":"product-type-variable"},"_links":{"self":[{"href":"https:\/\/maluvati.com.ar\/es\/wp-json\/wp\/v2\/product\/2846","targetHints":{"allow":["GET"]}}],"collection":[{"href":"https:\/\/maluvati.com.ar\/es\/wp-json\/wp\/v2\/product"}],"about":[{"href":"https:\/\/maluvati.com.ar\/es\/wp-json\/wp\/v2\/types\/product"}],"replies":[{"embeddable":true,"href":"https:\/\/maluvati.com.ar\/es\/wp-json\/wp\/v2\/comments?post=2846"}],"wp:featuredmedia":[{"embeddable":true,"href":"https:\/\/maluvati.com.ar\/es\/wp-json\/wp\/v2\/media\/1948"}],"wp:attachment":[{"href":"https:\/\/maluvati.com.ar\/es\/wp-json\/wp\/v2\/media?parent=2846"}],"wp:term":[{"taxonomy":"product_brand","embeddable":true,"href":"https:\/\/maluvati.com.ar\/es\/wp-json\/wp\/v2\/product_brand?post=2846"},{"taxonomy":"product_cat","embeddable":true,"href":"https:\/\/maluvati.com.ar\/es\/wp-json\/wp\/v2\/product_cat?post=2846"},{"taxonomy":"product_tag","embeddable":true,"href":"https:\/\/maluvati.com.ar\/es\/wp-json\/wp\/v2\/product_tag?post=2846"}],"curies":[{"name":"wp","href":"https:\/\/api.w.org\/{rel}","templated":true}]}}