{"id":2847,"date":"2026-04-05T19:14:42","date_gmt":"2026-04-05T22:14:42","guid":{"rendered":"https:\/\/maluvati.com.ar\/es\/?post_type=product&#038;p=2847"},"modified":"2026-04-05T19:16:27","modified_gmt":"2026-04-05T22:16:27","slug":"kit-herbal-varios-sagrada-madre","status":"publish","type":"product","link":"https:\/\/maluvati.com.ar\/es\/product\/kit-herbal-varios-sagrada-madre\/","title":{"rendered":"Kit Herbal &#8211; Varios &#8211; Sagrada Madre"},"content":{"rendered":"<p>Hermosos Kit para regalar o regalarte.<\/p>\n<p>Vienen en diferentes opciones:<\/p>\n<ul>\n<li><em><strong>Kit de Relajaci\u00f3n y Armonizaci\u00f3n<\/strong><\/em><\/li>\n<li><em><strong>Kit de Prosperidad<\/strong><\/em><\/li>\n<li><em><strong>Kit de Proteccion y Sanaci\u00f3n<\/strong><\/em><\/li>\n<li><em><strong>Kit de Purificaci\u00f3n<\/strong><\/em><\/li>\n<\/ul>\n<p><em>Te detallamos cada uno su contenido:<\/em><\/p>\n<p>&nbsp;<\/p>\n<p><strong>KIT HERBAL DE RELAJACI\u00d3N Y ARMONIZACI\u00d3N:<\/strong><em> \u00abelegimos la lavanda por su propiedad de neutralizar energ\u00edas negativas y transformarlas en positivas. De esta manera, se logra equilibrio y armon\u00eda en los espacios.\u00bb<\/em><\/p>\n<p>Contenido:<br \/>\n&#8211; 4 Sahumerios de lavanda<br \/>\n&#8211; 1 Pastilla de lavanda<br \/>\n&#8211; 3 Bombitas premium de lavanda<br \/>\n&#8211; 1 Sahumo de lavanda<\/p>\n<p>&nbsp;<\/p>\n<p><strong>KIT HERBAL DE PROSPERIDAD: <\/strong><em>\u00abpor su poder y energ\u00eda el Yagra es considerado ideal para atraer prosperidad y abundancia. Combinada con el incienso generan un ambiente energ\u00e9tico positivo para el progreso espiritual y material.\u00bb<\/em><\/p>\n<p>Contenido:<br \/>\n&#8211; 4 Sahumerios de incienso blanco<br \/>\n&#8211; 1 Piramide de yagra olibano<br \/>\n&#8211; 3 Bombitas de copal<br \/>\n&#8211; 1 Sahumo blanco<\/p>\n<p>&nbsp;<\/p>\n<p><strong>KIT HERBAL DE PROTECCI\u00d3N Y SANACI\u00d3N: <\/strong><em>\u00abelegimos la Salvia blanca como hierba principal por sus maravillosas propiedades. Mantiene el alma y el esp\u00edritu limpios y en armon\u00eda. Adem\u00e1s, aporta serenidad, tranquilidad y sanaci\u00f3n a los espacios y personas, dejando un aura de luz y protecci\u00f3n a su alrededor.\u00bb<\/em><\/p>\n<p>Contenido:<br \/>\n&#8211; 4 Sahumerios de salvia<br \/>\n&#8211; 3 Bombitas de salvia<br \/>\n&#8211; 1 Pastilla de salvia<br \/>\n&#8211; 1 Sahumo de salvia<\/p>\n<p>&nbsp;<\/p>\n<p><strong>KIT HERBAL DE PURIFICACI\u00d3N: <\/strong><em>\u00abelegimos la Salvia blanca como hierba principal por sus maravillosas propiedades. Mantiene el alma y el esp\u00edritu limpios y en armon\u00eda. Adem\u00e1s, aporta serenidad, tranquilidad y sanaci\u00f3n a los espacios y personas, dejando un aura de luz y protecci\u00f3n a su alrededor.\u00bb<\/em><\/p>\n<p>Contenido:<br \/>\n&#8211; 4 Sahumerios de salvia<br \/>\n&#8211; 3 Bombitas de salvia<br \/>\n&#8211; 1 Pastilla de salvia<br \/>\n&#8211; 1 Sahumo de salvia<\/p>\n<p>&nbsp;<\/p>\n<p>*Precio publicado por un kit.-<\/p>\n<p>Consult\u00e1 disponibilidad.<\/p>\n<p>&nbsp;<\/p>\n<p>&nbsp;<\/p>\n","protected":false},"excerpt":{"rendered":"<p>Hermosos Kit para regalar o regalarte. Vienen en diferentes opciones: Kit de Relajaci\u00f3n y Armonizaci\u00f3n Kit de Prosperidad Kit de Proteccion y Sanaci\u00f3n Kit de Purificaci\u00f3n Te detallamos cada uno su contenido: &nbsp; KIT HERBAL DE RELAJACI\u00d3N Y ARMONIZACI\u00d3N: \u00abelegimos la lavanda por su propiedad de neutralizar energ\u00edas negativas y transformarlas en positivas. De esta [&hellip;]<\/p>\n","protected":false},"featured_media":1950,"comment_status":"closed","ping_status":"closed","template":"","meta":[],"product_brand":[],"product_cat":[19,31,23,30],"product_tag":[],"class_list":{"0":"post-2847","1":"product","2":"type-product","3":"status-publish","4":"has-post-thumbnail","6":"product_cat-bombitas-defumacion","7":"product_cat-pastillas-defumacion","8":"product_cat-sahumerios","9":"product_cat-sahumos","11":"first","12":"instock","13":"sold-individually","14":"shipping-taxable","15":"purchasable","16":"product-type-variable"},"_links":{"self":[{"href":"https:\/\/maluvati.com.ar\/es\/wp-json\/wp\/v2\/product\/2847","targetHints":{"allow":["GET"]}}],"collection":[{"href":"https:\/\/maluvati.com.ar\/es\/wp-json\/wp\/v2\/product"}],"about":[{"href":"https:\/\/maluvati.com.ar\/es\/wp-json\/wp\/v2\/types\/product"}],"replies":[{"embeddable":true,"href":"https:\/\/maluvati.com.ar\/es\/wp-json\/wp\/v2\/comments?post=2847"}],"wp:featuredmedia":[{"embeddable":true,"href":"https:\/\/maluvati.com.ar\/es\/wp-json\/wp\/v2\/media\/1950"}],"wp:attachment":[{"href":"https:\/\/maluvati.com.ar\/es\/wp-json\/wp\/v2\/media?parent=2847"}],"wp:term":[{"taxonomy":"product_brand","embeddable":true,"href":"https:\/\/maluvati.com.ar\/es\/wp-json\/wp\/v2\/product_brand?post=2847"},{"taxonomy":"product_cat","embeddable":true,"href":"https:\/\/maluvati.com.ar\/es\/wp-json\/wp\/v2\/product_cat?post=2847"},{"taxonomy":"product_tag","embeddable":true,"href":"https:\/\/maluvati.com.ar\/es\/wp-json\/wp\/v2\/product_tag?post=2847"}],"curies":[{"name":"wp","href":"https:\/\/api.w.org\/{rel}","templated":true}]}}