{"id":2857,"date":"2026-04-05T19:14:43","date_gmt":"2026-04-05T22:14:43","guid":{"rendered":"https:\/\/maluvati.com.ar\/es\/?post_type=product&#038;p=2857"},"modified":"2026-04-05T19:16:47","modified_gmt":"2026-04-05T22:16:47","slug":"velon-3-dias-color-liso-o-7-poderes","status":"publish","type":"product","link":"https:\/\/maluvati.com.ar\/es\/product\/velon-3-dias-color-liso-o-7-poderes\/","title":{"rendered":"Vel\u00f3n 3 d\u00edas &#8211; Color liso \u00f3 7 poderes"},"content":{"rendered":"<p>Vel\u00f3n 3 d\u00edas<\/p>\n<ul>\n<li>Naranja<\/li>\n<li>Lila<\/li>\n<li>Violeta<\/li>\n<li>Blanco<\/li>\n<li>Rojo<\/li>\n<li>Rosa<\/li>\n<li>Azul<\/li>\n<li>Celeste<\/li>\n<li>Verde<\/li>\n<li>Amarillo<\/li>\n<li>Marr\u00f3n<\/li>\n<li>Negro<\/li>\n<li>7 poderes<\/li>\n<\/ul>\n<p>Consulte disponibles.<\/p>\n<p>&nbsp;<\/p>\n","protected":false},"excerpt":{"rendered":"<p>Vel\u00f3n 3 d\u00edas Naranja Lila Violeta Blanco Rojo Rosa Azul Celeste Verde Amarillo Marr\u00f3n Negro 7 poderes Consulte disponibles. &nbsp;<\/p>\n","protected":false},"featured_media":1960,"comment_status":"closed","ping_status":"closed","template":"","meta":[],"product_brand":[],"product_cat":[27,29],"product_tag":[],"class_list":{"0":"post-2857","1":"product","2":"type-product","3":"status-publish","4":"has-post-thumbnail","6":"product_cat-vela","7":"product_cat-velas","9":"first","10":"instock","11":"shipping-taxable","12":"purchasable","13":"product-type-variable"},"_links":{"self":[{"href":"https:\/\/maluvati.com.ar\/es\/wp-json\/wp\/v2\/product\/2857","targetHints":{"allow":["GET"]}}],"collection":[{"href":"https:\/\/maluvati.com.ar\/es\/wp-json\/wp\/v2\/product"}],"about":[{"href":"https:\/\/maluvati.com.ar\/es\/wp-json\/wp\/v2\/types\/product"}],"replies":[{"embeddable":true,"href":"https:\/\/maluvati.com.ar\/es\/wp-json\/wp\/v2\/comments?post=2857"}],"wp:featuredmedia":[{"embeddable":true,"href":"https:\/\/maluvati.com.ar\/es\/wp-json\/wp\/v2\/media\/1960"}],"wp:attachment":[{"href":"https:\/\/maluvati.com.ar\/es\/wp-json\/wp\/v2\/media?parent=2857"}],"wp:term":[{"taxonomy":"product_brand","embeddable":true,"href":"https:\/\/maluvati.com.ar\/es\/wp-json\/wp\/v2\/product_brand?post=2857"},{"taxonomy":"product_cat","embeddable":true,"href":"https:\/\/maluvati.com.ar\/es\/wp-json\/wp\/v2\/product_cat?post=2857"},{"taxonomy":"product_tag","embeddable":true,"href":"https:\/\/maluvati.com.ar\/es\/wp-json\/wp\/v2\/product_tag?post=2857"}],"curies":[{"name":"wp","href":"https:\/\/api.w.org\/{rel}","templated":true}]}}