{"id":2860,"date":"2026-04-05T19:14:46","date_gmt":"2026-04-05T22:14:46","guid":{"rendered":"https:\/\/maluvati.com.ar\/es\/?post_type=product&#038;p=2860"},"modified":"2026-04-05T19:16:36","modified_gmt":"2026-04-05T22:16:36","slug":"lampara-5-15-o-24w","status":"publish","type":"product","link":"https:\/\/maluvati.com.ar\/es\/product\/lampara-5-15-o-24w\/","title":{"rendered":"L\u00e1mpara 5, 15 o 24w"},"content":{"rendered":"<p>\u00bfEl foco de tu L\u00e1mpara de Sal u hornillo no funciona?<\/p>\n<p>En Maluvati siempre pensamos en vos&#8230;<\/p>\n<p>Corrobor\u00e1 cu\u00e1l foco necesita tu l\u00e1mpara y consultanos disponibilidad.<\/p>\n<p>&nbsp;<\/p>\n<p>&nbsp;<\/p>\n","protected":false},"excerpt":{"rendered":"<p>\u00bfEl foco de tu L\u00e1mpara de Sal u hornillo no funciona? En Maluvati siempre pensamos en vos&#8230; Corrobor\u00e1 cu\u00e1l foco necesita tu l\u00e1mpara y consultanos disponibilidad. &nbsp; &nbsp;<\/p>\n","protected":false},"featured_media":1993,"comment_status":"closed","ping_status":"closed","template":"","meta":[],"product_brand":[],"product_cat":[58,59,60],"product_tag":[],"class_list":{"0":"post-2860","1":"product","2":"type-product","3":"status-publish","4":"has-post-thumbnail","6":"product_cat-hornillo","7":"product_cat-insumos","8":"product_cat-lamparas-de-sal","10":"first","11":"instock","12":"shipping-taxable","13":"purchasable","14":"product-type-variable"},"_links":{"self":[{"href":"https:\/\/maluvati.com.ar\/es\/wp-json\/wp\/v2\/product\/2860","targetHints":{"allow":["GET"]}}],"collection":[{"href":"https:\/\/maluvati.com.ar\/es\/wp-json\/wp\/v2\/product"}],"about":[{"href":"https:\/\/maluvati.com.ar\/es\/wp-json\/wp\/v2\/types\/product"}],"replies":[{"embeddable":true,"href":"https:\/\/maluvati.com.ar\/es\/wp-json\/wp\/v2\/comments?post=2860"}],"wp:featuredmedia":[{"embeddable":true,"href":"https:\/\/maluvati.com.ar\/es\/wp-json\/wp\/v2\/media\/1993"}],"wp:attachment":[{"href":"https:\/\/maluvati.com.ar\/es\/wp-json\/wp\/v2\/media?parent=2860"}],"wp:term":[{"taxonomy":"product_brand","embeddable":true,"href":"https:\/\/maluvati.com.ar\/es\/wp-json\/wp\/v2\/product_brand?post=2860"},{"taxonomy":"product_cat","embeddable":true,"href":"https:\/\/maluvati.com.ar\/es\/wp-json\/wp\/v2\/product_cat?post=2860"},{"taxonomy":"product_tag","embeddable":true,"href":"https:\/\/maluvati.com.ar\/es\/wp-json\/wp\/v2\/product_tag?post=2860"}],"curies":[{"name":"wp","href":"https:\/\/api.w.org\/{rel}","templated":true}]}}