{"id":2861,"date":"2026-04-05T19:14:46","date_gmt":"2026-04-05T22:14:46","guid":{"rendered":"https:\/\/maluvati.com.ar\/es\/?post_type=product&#038;p=2861"},"modified":"2026-04-05T19:14:47","modified_gmt":"2026-04-05T22:14:47","slug":"kit-electrico","status":"publish","type":"product","link":"https:\/\/maluvati.com.ar\/es\/product\/kit-electrico\/","title":{"rendered":"Kit El\u00e9ctrico"},"content":{"rendered":"<p>\u00bfEl sistema el\u00e9ctrico de tu L\u00e1mpara de Sal u hornillo no funciona? \u00bfQu\u00e9res hacerte tu propia L\u00e1mpara u hornillo?<\/p>\n<p>En Maluvati siempre pensamos en vos&#8230;<\/p>\n<p>Kit El\u00e9ctrico, incluye:<\/p>\n<ul>\n<li>L\u00e1mpara 5, 15 \u00f3 24w<\/li>\n<li>Cable<\/li>\n<li>Porta l\u00e1mpara<\/li>\n<\/ul>\n<p>&nbsp;<\/p>\n<p>&nbsp;<\/p>\n","protected":false},"excerpt":{"rendered":"<p>\u00bfEl sistema el\u00e9ctrico de tu L\u00e1mpara de Sal u hornillo no funciona? \u00bfQu\u00e9res hacerte tu propia L\u00e1mpara u hornillo? En Maluvati siempre pensamos en vos&#8230; Kit El\u00e9ctrico, incluye: L\u00e1mpara 5, 15 \u00f3 24w Cable Porta l\u00e1mpara &nbsp; &nbsp;<\/p>\n","protected":false},"featured_media":1994,"comment_status":"closed","ping_status":"closed","template":"","meta":[],"product_brand":[],"product_cat":[58,59,60],"product_tag":[],"class_list":{"0":"post-2861","1":"product","2":"type-product","3":"status-publish","4":"has-post-thumbnail","6":"product_cat-hornillo","7":"product_cat-insumos","8":"product_cat-lamparas-de-sal","10":"first","11":"outofstock","12":"sold-individually","13":"shipping-taxable","14":"purchasable","15":"product-type-simple"},"_links":{"self":[{"href":"https:\/\/maluvati.com.ar\/es\/wp-json\/wp\/v2\/product\/2861","targetHints":{"allow":["GET"]}}],"collection":[{"href":"https:\/\/maluvati.com.ar\/es\/wp-json\/wp\/v2\/product"}],"about":[{"href":"https:\/\/maluvati.com.ar\/es\/wp-json\/wp\/v2\/types\/product"}],"replies":[{"embeddable":true,"href":"https:\/\/maluvati.com.ar\/es\/wp-json\/wp\/v2\/comments?post=2861"}],"wp:featuredmedia":[{"embeddable":true,"href":"https:\/\/maluvati.com.ar\/es\/wp-json\/wp\/v2\/media\/1994"}],"wp:attachment":[{"href":"https:\/\/maluvati.com.ar\/es\/wp-json\/wp\/v2\/media?parent=2861"}],"wp:term":[{"taxonomy":"product_brand","embeddable":true,"href":"https:\/\/maluvati.com.ar\/es\/wp-json\/wp\/v2\/product_brand?post=2861"},{"taxonomy":"product_cat","embeddable":true,"href":"https:\/\/maluvati.com.ar\/es\/wp-json\/wp\/v2\/product_cat?post=2861"},{"taxonomy":"product_tag","embeddable":true,"href":"https:\/\/maluvati.com.ar\/es\/wp-json\/wp\/v2\/product_tag?post=2861"}],"curies":[{"name":"wp","href":"https:\/\/api.w.org\/{rel}","templated":true}]}}