{"id":2868,"date":"2026-04-05T19:14:46","date_gmt":"2026-04-05T22:14:46","guid":{"rendered":"https:\/\/maluvati.com.ar\/es\/?post_type=product&#038;p=2868"},"modified":"2026-04-05T19:16:52","modified_gmt":"2026-04-05T22:16:52","slug":"medalla-de-resina-ovalada-17-cm","status":"publish","type":"product","link":"https:\/\/maluvati.com.ar\/es\/product\/medalla-de-resina-ovalada-17-cm\/","title":{"rendered":"Medalla de Resina Ovalada 1,7 cm"},"content":{"rendered":"<p>Medalla de Resina Ovalada 1,7 cm<\/p>\n<p style=\"text-align: left;\"><em>&#8211; Francisco de Asis<\/em><br \/>\n<em>&#8211; Desatanudos<\/em><br \/>\n<em>&#8211; Antonio de Padua<\/em><br \/>\n<em>&#8211; Auxiliadora<\/em><br \/>\n<em>&#8211; Madre Maria<\/em><br \/>\n<em>&#8211; Divino Ni\u00f1o<\/em><br \/>\n<em>&#8211; Rosa M\u00edstica<\/em><br \/>\n<em>&#8211; Lujan<\/em><br \/>\n<em>&#8211; Benito Abad<\/em><br \/>\n<em>&#8211; Jes\u00fas Misericordioso<\/em><br \/>\n<em>&#8211; San Jorge<\/em><\/p>\n<p>&nbsp;<\/p>\n<p>Consulte disponible.<\/p>\n<p>&nbsp;<\/p>\n<p>*Precio publicado por unidad.<\/p>\n<p>&nbsp;<\/p>\n<p>&nbsp;<\/p>\n","protected":false},"excerpt":{"rendered":"<p>Medalla de Resina Ovalada 1,7 cm &#8211; Francisco de Asis &#8211; Desatanudos &#8211; Antonio de Padua &#8211; Auxiliadora &#8211; Madre Maria &#8211; Divino Ni\u00f1o &#8211; Rosa M\u00edstica &#8211; Lujan &#8211; Benito Abad &#8211; Jes\u00fas Misericordioso &#8211; San Jorge &nbsp; Consulte disponible. &nbsp; *Precio publicado por unidad. &nbsp; &nbsp;<\/p>\n","protected":false},"featured_media":2005,"comment_status":"closed","ping_status":"closed","template":"","meta":[],"product_brand":[],"product_cat":[61],"product_tag":[],"class_list":{"0":"post-2868","1":"product","2":"type-product","3":"status-publish","4":"has-post-thumbnail","6":"product_cat-rosarios-cruces-medallas","8":"first","9":"instock","10":"shipping-taxable","11":"purchasable","12":"product-type-variable"},"_links":{"self":[{"href":"https:\/\/maluvati.com.ar\/es\/wp-json\/wp\/v2\/product\/2868","targetHints":{"allow":["GET"]}}],"collection":[{"href":"https:\/\/maluvati.com.ar\/es\/wp-json\/wp\/v2\/product"}],"about":[{"href":"https:\/\/maluvati.com.ar\/es\/wp-json\/wp\/v2\/types\/product"}],"replies":[{"embeddable":true,"href":"https:\/\/maluvati.com.ar\/es\/wp-json\/wp\/v2\/comments?post=2868"}],"wp:featuredmedia":[{"embeddable":true,"href":"https:\/\/maluvati.com.ar\/es\/wp-json\/wp\/v2\/media\/2005"}],"wp:attachment":[{"href":"https:\/\/maluvati.com.ar\/es\/wp-json\/wp\/v2\/media?parent=2868"}],"wp:term":[{"taxonomy":"product_brand","embeddable":true,"href":"https:\/\/maluvati.com.ar\/es\/wp-json\/wp\/v2\/product_brand?post=2868"},{"taxonomy":"product_cat","embeddable":true,"href":"https:\/\/maluvati.com.ar\/es\/wp-json\/wp\/v2\/product_cat?post=2868"},{"taxonomy":"product_tag","embeddable":true,"href":"https:\/\/maluvati.com.ar\/es\/wp-json\/wp\/v2\/product_tag?post=2868"}],"curies":[{"name":"wp","href":"https:\/\/api.w.org\/{rel}","templated":true}]}}