{"id":2873,"date":"2026-04-05T19:14:46","date_gmt":"2026-04-05T22:14:46","guid":{"rendered":"https:\/\/maluvati.com.ar\/es\/?post_type=product&#038;p=2873"},"modified":"2026-04-05T19:16:27","modified_gmt":"2026-04-05T22:16:27","slug":"kit-humito-sagrado-sagrada-madre","status":"publish","type":"product","link":"https:\/\/maluvati.com.ar\/es\/product\/kit-humito-sagrado-sagrada-madre\/","title":{"rendered":"Kit &#8211; Humito Sagrado &#8211; Sagrada Madre"},"content":{"rendered":"<p>Hermosos Kit para regalar o regalarte.<\/p>\n<p><em style=\"color: #555555; font-size: 14.4px;\">Te detallamos su contenido:<\/em><\/p>\n<ul>\n<li>4 carbones vegetales<\/li>\n<li>perlas arom\u00e1ticas<\/li>\n<li>hierbas arom\u00e1ticas<\/li>\n<\/ul>\n<p>&nbsp;<\/p>\n<p>Variedades:<\/p>\n<ul>\n<li><strong>Armon\u00eda:\u00a0<\/strong>Composici\u00f3n: Lavanda &#8211; armon\u00eda y renovaci\u00f3n incienso (Ol\u00edbano) &#8211; purificaci\u00f3n y liberaci\u00f3n palo santo &#8211; limpieza y recarga energ\u00e9tica manzanilla &#8211; relajaci\u00f3n y calma emocional calendula &#8211; creatividad y optimismo Cuando se expanden en el ambiente las fragancias de este Kit Humito, se percibe la lavanda que renueva, el palo santo que permite lograr una limpieza y recarga energ\u00e9tica, mientras la manzanilla calma y la cal\u00e9ndula da optimismo.<\/li>\n<\/ul>\n<p>&nbsp;<\/p>\n<ul>\n<li><strong>Energ\u00eda Limpia:<\/strong> Composici\u00f3n: s\u00e1ndalo &#8211; Energ\u00eda limpia y desbloqueos incienso (Olibano) &#8211; purificaci\u00f3n y liberaci\u00f3n mirra &#8211; claridad y bienestar canela &#8211; prosperidad y buena fortuna an\u00eds &#8211; transformaci\u00f3n y receptividad Cuando se expanden en el ambiente, las fragancias de este Kit Humito se percibe el aroma de la mirra que transmite bienestar, el del an\u00eds receptividad, el de la canela que atrae la buena fortuna y el del s\u00e1ndalo que desbloquea para fluir.<\/li>\n<\/ul>\n<p>&nbsp;<\/p>\n<ul>\n<li><strong>Amor y Uni\u00f3n:<\/strong>\u00a0Composici\u00f3n: rosa &#8211; amor y uni\u00f3n incienso (Olibano) &#8211; purificaci\u00f3n y liberaci\u00f3n romero &#8211; conexi\u00f3n y altas vibraciones eucalipto &#8211; apertura y potencial laurel &#8211; equilibrio y armon\u00eda cedro &#8211; protecci\u00f3n y prosperidad Cuando se expanden en el ambiente las fragancias de este kit humito se experimenta la armon\u00eda que da el laurel, la claridad que aporta el incienso, el cedro que invita a la prosperidad y el romero que eleva la vibraci\u00f3n personal para conectar.<\/li>\n<\/ul>\n<p>&nbsp;<\/p>\n<ul>\n<li><strong>Protecci\u00f3n:\u00a0<\/strong>Composici\u00f3n: citronella &#8211; protector y concentraci\u00f3n incienso (Ol\u00edbano) &#8211; purificaci\u00f3n y liberaci\u00f3n reina de la noche &#8211; afrodisiaco y energ\u00eda naranja &#8211; transformaci\u00f3n y elevaci\u00f3n ruda &#8211; conector y visi\u00f3n romero &#8211; conexi\u00f3n y altas vibraciones lemongrass &#8211; calmante y refrescante Cuando se expanden en el ambiente las fragancias de este Kit Humito, el aroma del lemongrass refresca la visi\u00f3n, que impulsa la ruda, la citronella favorece la concentraci\u00f3n y el incienso libera.<\/li>\n<\/ul>\n<p>&nbsp;<\/p>\n<ul>\n<li><strong>Prosperidad:<\/strong> Composici\u00f3n: Yagra &#8211; prosperidad y valent\u00eda Ratnamala &#8211; purificaci\u00f3n y armon\u00eda lemongrass &#8211; calmante y refrescante estoraque &#8211; protector total y poder incienso (Ol\u00edbano) &#8211; purificaci\u00f3n y liberaci\u00f3n benjui &#8211; sanaci\u00f3n y bienestar Cuando se expanden en el ambiente, las fragancias de este Kit Humito, el aroma del benju\u00ed da una sensaci\u00f3n de bienestar, la resina yagra impulsa la valent\u00eda, el estoraque refuerza el poder interior y el perfume del incienso invita a celebrar la prosperidad.<\/li>\n<\/ul>\n<p>&nbsp;<\/p>\n<ul>\n<li><strong>Purificaci\u00f3n:<\/strong> Composici\u00f3n: Jazmin &#8211; revitalizante y invita al amor incienso (Ol\u00edbano) &#8211; purificaci\u00f3n y liberaci\u00f3n Copal &#8211; Purificaci\u00f3n y curaci\u00f3n Salvia &#8211; armonizante y vivificante palo santo &#8211; limpieza y recarga energ\u00e9tica Cuando se expanden en el ambiente las fragancias de este Kit Humito, se siente el aroma vivificante de la salvia, la sanaci\u00f3n que aporta la resina copal y el perfume del jazm\u00edn que invita al amor, esta exquisita combinaci\u00f3n permite recibir la purificaci\u00f3n deseada.<\/li>\n<\/ul>\n<p>&nbsp;<\/p>\n<ul>\n<li><strong>7 Energ\u00edas:\u00a0<\/strong>Composici\u00f3n: incienso (Ol\u00edbano) &#8211; purificaci\u00f3n y liberaci\u00f3n Salvia &#8211; armonizante y vivificante palo santo &#8211; limpieza y recarga energ\u00e9tica lemongrass &#8211; calmante y refrescante rosa &#8211; amor y uni\u00f3n manzanilla &#8211; relajaci\u00f3n y calma emocional calendula &#8211; creatividad y optimismo Cuando se expanden en el ambiente las fragancias de este Kit Humito, se siente el aroma purificador del incienso, lo vivificante de la salvia, la calma que trae la manzanilla, la purificaci\u00f3n que da el palo santo y el perfume de la rosa y la cal\u00e9ndula que invitan a la unidad. Estos 7 aromas, combinados, como rayos de luz, limpian la energ\u00eda \u00e1urica.<\/li>\n<\/ul>\n<p>&nbsp;<\/p>\n<p>&nbsp;<\/p>\n<p>*Precio publicado por un kit.-<\/p>\n<p>Consult\u00e1 disponibilidad<\/p>\n<p>&nbsp;<\/p>\n<p>&nbsp;<\/p>\n<p>&nbsp;<\/p>\n","protected":false},"excerpt":{"rendered":"<p>Hermosos Kit para regalar o regalarte. Te detallamos su contenido: 4 carbones vegetales perlas arom\u00e1ticas hierbas arom\u00e1ticas &nbsp; Variedades: Armon\u00eda:\u00a0Composici\u00f3n: Lavanda &#8211; armon\u00eda y renovaci\u00f3n incienso (Ol\u00edbano) &#8211; purificaci\u00f3n y liberaci\u00f3n palo santo &#8211; limpieza y recarga energ\u00e9tica manzanilla &#8211; relajaci\u00f3n y calma emocional calendula &#8211; creatividad y optimismo Cuando se expanden en el ambiente [&hellip;]<\/p>\n","protected":false},"featured_media":2010,"comment_status":"closed","ping_status":"closed","template":"","meta":[],"product_brand":[],"product_cat":[19,18,31,30],"product_tag":[],"class_list":{"0":"post-2873","1":"product","2":"type-product","3":"status-publish","4":"has-post-thumbnail","6":"product_cat-bombitas-defumacion","7":"product_cat-carbon-activado","8":"product_cat-pastillas-defumacion","9":"product_cat-sahumos","11":"first","12":"instock","13":"shipping-taxable","14":"purchasable","15":"product-type-variable"},"_links":{"self":[{"href":"https:\/\/maluvati.com.ar\/es\/wp-json\/wp\/v2\/product\/2873","targetHints":{"allow":["GET"]}}],"collection":[{"href":"https:\/\/maluvati.com.ar\/es\/wp-json\/wp\/v2\/product"}],"about":[{"href":"https:\/\/maluvati.com.ar\/es\/wp-json\/wp\/v2\/types\/product"}],"replies":[{"embeddable":true,"href":"https:\/\/maluvati.com.ar\/es\/wp-json\/wp\/v2\/comments?post=2873"}],"wp:featuredmedia":[{"embeddable":true,"href":"https:\/\/maluvati.com.ar\/es\/wp-json\/wp\/v2\/media\/2010"}],"wp:attachment":[{"href":"https:\/\/maluvati.com.ar\/es\/wp-json\/wp\/v2\/media?parent=2873"}],"wp:term":[{"taxonomy":"product_brand","embeddable":true,"href":"https:\/\/maluvati.com.ar\/es\/wp-json\/wp\/v2\/product_brand?post=2873"},{"taxonomy":"product_cat","embeddable":true,"href":"https:\/\/maluvati.com.ar\/es\/wp-json\/wp\/v2\/product_cat?post=2873"},{"taxonomy":"product_tag","embeddable":true,"href":"https:\/\/maluvati.com.ar\/es\/wp-json\/wp\/v2\/product_tag?post=2873"}],"curies":[{"name":"wp","href":"https:\/\/api.w.org\/{rel}","templated":true}]}}