{"id":2875,"date":"2026-04-05T19:14:46","date_gmt":"2026-04-05T22:14:46","guid":{"rendered":"https:\/\/maluvati.com.ar\/es\/?post_type=product&#038;p=2875"},"modified":"2026-04-05T19:16:30","modified_gmt":"2026-04-05T22:16:30","slug":"carbon-activado-eco-artesanal-sagrada-madre","status":"publish","type":"product","link":"https:\/\/maluvati.com.ar\/es\/product\/carbon-activado-eco-artesanal-sagrada-madre\/","title":{"rendered":"Carb\u00f3n Activado Eco Artesanal &#8211; Sagrada Madre"},"content":{"rendered":"<p>Tu complemento ideal a la hora de sahumar hierbas, resinas.<\/p>\n<p><em><strong>Composici\u00f3n:<\/strong><\/em> Carb\u00f3n vegetal, alcanfor, ruda, romero.<br \/>\n<em><strong>Duraci\u00f3n:<\/strong><\/em> aproximadamente 20 minutos<\/p>\n<p>&nbsp;<\/p>\n<p>&nbsp;<\/p>\n<p><b><i>Por unidad \u00f3 caja de 12 unidades<\/i><\/b><\/p>\n","protected":false},"excerpt":{"rendered":"<p>Tu complemento ideal a la hora de sahumar hierbas, resinas. Composici\u00f3n: Carb\u00f3n vegetal, alcanfor, ruda, romero. Duraci\u00f3n: aproximadamente 20 minutos &nbsp; &nbsp; Por unidad \u00f3 caja de 12 unidades<\/p>\n","protected":false},"featured_media":2019,"comment_status":"closed","ping_status":"closed","template":"","meta":[],"product_brand":[],"product_cat":[18,65],"product_tag":[],"class_list":{"0":"post-2875","1":"product","2":"type-product","3":"status-publish","4":"has-post-thumbnail","6":"product_cat-carbon-activado","7":"product_cat-hierbas-y-resinas","9":"first","10":"instock","11":"shipping-taxable","12":"purchasable","13":"product-type-variable"},"_links":{"self":[{"href":"https:\/\/maluvati.com.ar\/es\/wp-json\/wp\/v2\/product\/2875","targetHints":{"allow":["GET"]}}],"collection":[{"href":"https:\/\/maluvati.com.ar\/es\/wp-json\/wp\/v2\/product"}],"about":[{"href":"https:\/\/maluvati.com.ar\/es\/wp-json\/wp\/v2\/types\/product"}],"replies":[{"embeddable":true,"href":"https:\/\/maluvati.com.ar\/es\/wp-json\/wp\/v2\/comments?post=2875"}],"wp:featuredmedia":[{"embeddable":true,"href":"https:\/\/maluvati.com.ar\/es\/wp-json\/wp\/v2\/media\/2019"}],"wp:attachment":[{"href":"https:\/\/maluvati.com.ar\/es\/wp-json\/wp\/v2\/media?parent=2875"}],"wp:term":[{"taxonomy":"product_brand","embeddable":true,"href":"https:\/\/maluvati.com.ar\/es\/wp-json\/wp\/v2\/product_brand?post=2875"},{"taxonomy":"product_cat","embeddable":true,"href":"https:\/\/maluvati.com.ar\/es\/wp-json\/wp\/v2\/product_cat?post=2875"},{"taxonomy":"product_tag","embeddable":true,"href":"https:\/\/maluvati.com.ar\/es\/wp-json\/wp\/v2\/product_tag?post=2875"}],"curies":[{"name":"wp","href":"https:\/\/api.w.org\/{rel}","templated":true}]}}