{"id":2876,"date":"2026-04-05T19:14:46","date_gmt":"2026-04-05T22:14:46","guid":{"rendered":"https:\/\/maluvati.com.ar\/es\/?post_type=product&#038;p=2876"},"modified":"2026-04-05T19:16:36","modified_gmt":"2026-04-05T22:16:36","slug":"hierbas-en-sobre-sagrada-madre","status":"publish","type":"product","link":"https:\/\/maluvati.com.ar\/es\/product\/hierbas-en-sobre-sagrada-madre\/","title":{"rendered":"Hierbas en Sobre &#8211; Sagrada Madre"},"content":{"rendered":"<p>A la hora de sahumar podr\u00e1s complementar tu carb\u00f3n activado con hierbas.<\/p>\n<ul>\n<li><em><strong>RUDA\u00a0<\/strong><\/em><em>&#8211; Protecci\u00f3n: <\/em>La penetrante fragancia de las hojas de Ruda protege y refuerza el poder interior. El aroma de la Ruda protege el espacio f\u00edsico y ps\u00edquico.<\/li>\n<li><em><strong>ROSAS<\/strong> &#8211; Amor:<\/em> La suave fragancia de los p\u00e9talos de la Rosa, eleva la autoestima y la valoraci\u00f3n personal. Las Rosas desbloquean la energ\u00eda para Dar y Recibir Amor.<\/li>\n<li><em><strong>MANZANILLA<\/strong> &#8211; Suerte:<\/em> La fragancia de las hojas y flores de la manzanilla tiene un efecto calmante y antiestr\u00e9s. El suave aroma de la manzanilla, transmite Relax y Calma.<\/li>\n<li><em><strong>JARILLA<\/strong> &#8211; Sanaci\u00f3n:<\/em> La reconfortante fragancia de la Jarilla recompone el campo emocional y da Resiliencia. El aroma de las flores y hojas de la jarilla es un t\u00f3nico sanador del alma.<\/li>\n<li><em><strong>EUCALIPTO<\/strong> &#8211; Apertura de Camino:<\/em> La fresca y sanadora fragancia de las hojas del Eucalipto abre y despeja caminos. El aroma del Eucalipto, libera y expande el Potencial Personal.<\/li>\n<li><em><strong>CONTRAYERBA<\/strong> &#8211; Sanaci\u00f3n:<\/em> La misteriosa fragancia de la Contrayerba desbloquea las energ\u00edas estancadas. El m\u00e1gico aroma de las hojas y tallos de la Contrayerba, con su efecto transmutador, aleja lo que te detiene y limpia el camino hacia la Transmutaci\u00f3n.<\/li>\n<li><em><strong>T\u00c9 VERDE<\/strong> &#8211; Felicidad:<\/em> La natural y herb\u00e1cea fragancia del T\u00e9 Verde activa el intelecto y la memoria. El placentero aroma de las hojas de T\u00e9 verde da claridad y ayuda en la concentraci\u00f3n.<\/li>\n<\/ul>\n<p>&nbsp;<\/p>\n<p>&nbsp;<\/p>\n","protected":false},"excerpt":{"rendered":"<p>A la hora de sahumar podr\u00e1s complementar tu carb\u00f3n activado con hierbas. RUDA\u00a0&#8211; Protecci\u00f3n: La penetrante fragancia de las hojas de Ruda protege y refuerza el poder interior. El aroma de la Ruda protege el espacio f\u00edsico y ps\u00edquico. ROSAS &#8211; Amor: La suave fragancia de los p\u00e9talos de la Rosa, eleva la autoestima y [&hellip;]<\/p>\n","protected":false},"featured_media":2020,"comment_status":"closed","ping_status":"closed","template":"","meta":[],"product_brand":[],"product_cat":[65],"product_tag":[],"class_list":{"0":"post-2876","1":"product","2":"type-product","3":"status-publish","4":"has-post-thumbnail","6":"product_cat-hierbas-y-resinas","8":"first","9":"instock","10":"shipping-taxable","11":"purchasable","12":"product-type-variable"},"_links":{"self":[{"href":"https:\/\/maluvati.com.ar\/es\/wp-json\/wp\/v2\/product\/2876","targetHints":{"allow":["GET"]}}],"collection":[{"href":"https:\/\/maluvati.com.ar\/es\/wp-json\/wp\/v2\/product"}],"about":[{"href":"https:\/\/maluvati.com.ar\/es\/wp-json\/wp\/v2\/types\/product"}],"replies":[{"embeddable":true,"href":"https:\/\/maluvati.com.ar\/es\/wp-json\/wp\/v2\/comments?post=2876"}],"wp:featuredmedia":[{"embeddable":true,"href":"https:\/\/maluvati.com.ar\/es\/wp-json\/wp\/v2\/media\/2020"}],"wp:attachment":[{"href":"https:\/\/maluvati.com.ar\/es\/wp-json\/wp\/v2\/media?parent=2876"}],"wp:term":[{"taxonomy":"product_brand","embeddable":true,"href":"https:\/\/maluvati.com.ar\/es\/wp-json\/wp\/v2\/product_brand?post=2876"},{"taxonomy":"product_cat","embeddable":true,"href":"https:\/\/maluvati.com.ar\/es\/wp-json\/wp\/v2\/product_cat?post=2876"},{"taxonomy":"product_tag","embeddable":true,"href":"https:\/\/maluvati.com.ar\/es\/wp-json\/wp\/v2\/product_tag?post=2876"}],"curies":[{"name":"wp","href":"https:\/\/api.w.org\/{rel}","templated":true}]}}