{"id":2878,"date":"2026-04-05T19:14:46","date_gmt":"2026-04-05T22:14:46","guid":{"rendered":"https:\/\/maluvati.com.ar\/es\/?post_type=product&#038;p=2878"},"modified":"2026-04-05T19:17:01","modified_gmt":"2026-04-05T22:17:01","slug":"sahumerios-linea-natural-sagrada-madre","status":"publish","type":"product","link":"https:\/\/maluvati.com.ar\/es\/product\/sahumerios-linea-natural-sagrada-madre\/","title":{"rendered":"Sahumerios L\u00ednea Natural &#8211; Sagrada Madre"},"content":{"rendered":"<p>Sahumerios<em> l\u00ednea Natural<\/em><\/p>\n<ul>\n<li>Contenido: 8 varillas gruesas de duraci\u00f3n extra<br \/>\nDuraci\u00f3n: cada varilla dura 1 hora aproximadamente<\/li>\n<\/ul>\n<p>Opciones:<\/p>\n<div>\n<ul>\n<li>Citronella, Naranja y Palo Santo<\/li>\n<li>Copal<\/li>\n<li>Incienso<\/li>\n<li>Mirra<\/li>\n<li>Ruda Romero e Incienso<\/li>\n<li>Romero e Incienso<\/li>\n<li>S\u00e1ndalo y Ol\u00edbano<\/li>\n<li>Yagra<\/li>\n<\/ul>\n<\/div>\n<p>&nbsp;<\/p>\n<p>*Precio publicado por cajita de 8 unidades.<\/p>\n<p>*Consulte variedades disponibles debido a las ventas presenciales<\/p>\n<p>&nbsp;<\/p>\n","protected":false},"excerpt":{"rendered":"<p>Sahumerios l\u00ednea Natural Contenido: 8 varillas gruesas de duraci\u00f3n extra Duraci\u00f3n: cada varilla dura 1 hora aproximadamente Opciones: Citronella, Naranja y Palo Santo Copal Incienso Mirra Ruda Romero e Incienso Romero e Incienso S\u00e1ndalo y Ol\u00edbano Yagra &nbsp; *Precio publicado por cajita de 8 unidades. *Consulte variedades disponibles debido a las ventas presenciales &nbsp;<\/p>\n","protected":false},"featured_media":2022,"comment_status":"closed","ping_status":"closed","template":"","meta":[],"product_brand":[],"product_cat":[23],"product_tag":[],"class_list":{"0":"post-2878","1":"product","2":"type-product","3":"status-publish","4":"has-post-thumbnail","6":"product_cat-sahumerios","8":"first","9":"instock","10":"shipping-taxable","11":"purchasable","12":"product-type-variable"},"_links":{"self":[{"href":"https:\/\/maluvati.com.ar\/es\/wp-json\/wp\/v2\/product\/2878","targetHints":{"allow":["GET"]}}],"collection":[{"href":"https:\/\/maluvati.com.ar\/es\/wp-json\/wp\/v2\/product"}],"about":[{"href":"https:\/\/maluvati.com.ar\/es\/wp-json\/wp\/v2\/types\/product"}],"replies":[{"embeddable":true,"href":"https:\/\/maluvati.com.ar\/es\/wp-json\/wp\/v2\/comments?post=2878"}],"wp:featuredmedia":[{"embeddable":true,"href":"https:\/\/maluvati.com.ar\/es\/wp-json\/wp\/v2\/media\/2022"}],"wp:attachment":[{"href":"https:\/\/maluvati.com.ar\/es\/wp-json\/wp\/v2\/media?parent=2878"}],"wp:term":[{"taxonomy":"product_brand","embeddable":true,"href":"https:\/\/maluvati.com.ar\/es\/wp-json\/wp\/v2\/product_brand?post=2878"},{"taxonomy":"product_cat","embeddable":true,"href":"https:\/\/maluvati.com.ar\/es\/wp-json\/wp\/v2\/product_cat?post=2878"},{"taxonomy":"product_tag","embeddable":true,"href":"https:\/\/maluvati.com.ar\/es\/wp-json\/wp\/v2\/product_tag?post=2878"}],"curies":[{"name":"wp","href":"https:\/\/api.w.org\/{rel}","templated":true}]}}