{"id":2881,"date":"2026-04-05T19:14:46","date_gmt":"2026-04-05T22:14:46","guid":{"rendered":"https:\/\/maluvati.com.ar\/es\/?post_type=product&#038;p=2881"},"modified":"2026-04-05T19:16:59","modified_gmt":"2026-04-05T22:16:59","slug":"sahumerios-piramide-energetica-sagrada-madre","status":"publish","type":"product","link":"https:\/\/maluvati.com.ar\/es\/product\/sahumerios-piramide-energetica-sagrada-madre\/","title":{"rendered":"Sahumerios Pir\u00e1mide Energ\u00e9tica &#8211; Sagrada Madre"},"content":{"rendered":"<p>Pir\u00e1mide energ\u00e9tica para sahumar: s\u00edmbolo del Fuego, milenaria Geometr\u00eda Divina de la raza Humana, conector entre el mundo celestial y terrenal, su poder El Sol, energ\u00eda de vida y transformaci\u00f3n, conductora del poder c\u00f3smico sobre el ambiente donde se utilice.<\/p>\n<ul>\n<li>Contenido: 4 unidades<br \/>\nDuraci\u00f3n: cada una dura 15 minutos aproximadamente<\/li>\n<\/ul>\n<p>Variedad:<\/p>\n<ul>\n<li><span style=\"font-size: 14.4px;\">4 Poderes<\/span><\/li>\n<li>Ol\u00edbano Puro<\/li>\n<li>Ol\u00edbano y 7 Hierbas<\/li>\n<li>Ol\u00edbano y Manzanilla<\/li>\n<li>Ol\u00edbano y Yagra<\/li>\n<li>Rosa<\/li>\n<li>Ruda Citronella y Cal\u00e9ndula<\/li>\n<\/ul>\n<div><\/div>\n<p>&nbsp;<\/p>\n<p>*Precio publicado por cajita de 4 unidades.<\/p>\n<p>*Consulte variedades disponibles debido a las ventas presenciales<\/p>\n<p>&nbsp;<\/p>\n","protected":false},"excerpt":{"rendered":"<p>Pir\u00e1mide energ\u00e9tica para sahumar: s\u00edmbolo del Fuego, milenaria Geometr\u00eda Divina de la raza Humana, conector entre el mundo celestial y terrenal, su poder El Sol, energ\u00eda de vida y transformaci\u00f3n, conductora del poder c\u00f3smico sobre el ambiente donde se utilice. Contenido: 4 unidades Duraci\u00f3n: cada una dura 15 minutos aproximadamente Variedad: 4 Poderes Ol\u00edbano Puro [&hellip;]<\/p>\n","protected":false},"featured_media":2235,"comment_status":"closed","ping_status":"closed","template":"","meta":[],"product_brand":[],"product_cat":[23],"product_tag":[],"class_list":{"0":"post-2881","1":"product","2":"type-product","3":"status-publish","4":"has-post-thumbnail","6":"product_cat-sahumerios","8":"first","9":"instock","10":"shipping-taxable","11":"purchasable","12":"product-type-variable"},"_links":{"self":[{"href":"https:\/\/maluvati.com.ar\/es\/wp-json\/wp\/v2\/product\/2881","targetHints":{"allow":["GET"]}}],"collection":[{"href":"https:\/\/maluvati.com.ar\/es\/wp-json\/wp\/v2\/product"}],"about":[{"href":"https:\/\/maluvati.com.ar\/es\/wp-json\/wp\/v2\/types\/product"}],"replies":[{"embeddable":true,"href":"https:\/\/maluvati.com.ar\/es\/wp-json\/wp\/v2\/comments?post=2881"}],"wp:featuredmedia":[{"embeddable":true,"href":"https:\/\/maluvati.com.ar\/es\/wp-json\/wp\/v2\/media\/2235"}],"wp:attachment":[{"href":"https:\/\/maluvati.com.ar\/es\/wp-json\/wp\/v2\/media?parent=2881"}],"wp:term":[{"taxonomy":"product_brand","embeddable":true,"href":"https:\/\/maluvati.com.ar\/es\/wp-json\/wp\/v2\/product_brand?post=2881"},{"taxonomy":"product_cat","embeddable":true,"href":"https:\/\/maluvati.com.ar\/es\/wp-json\/wp\/v2\/product_cat?post=2881"},{"taxonomy":"product_tag","embeddable":true,"href":"https:\/\/maluvati.com.ar\/es\/wp-json\/wp\/v2\/product_tag?post=2881"}],"curies":[{"name":"wp","href":"https:\/\/api.w.org\/{rel}","templated":true}]}}