{"id":2882,"date":"2026-04-05T19:14:47","date_gmt":"2026-04-05T22:14:47","guid":{"rendered":"https:\/\/maluvati.com.ar\/es\/?post_type=product&#038;p=2882"},"modified":"2026-04-05T19:16:59","modified_gmt":"2026-04-05T22:16:59","slug":"sahumerio-en-polvo-sagrada-madre","status":"publish","type":"product","link":"https:\/\/maluvati.com.ar\/es\/product\/sahumerio-en-polvo-sagrada-madre\/","title":{"rendered":"Sahumerio en Polvo &#8211; Sagrada Madre"},"content":{"rendered":"<p>Sahumerio en Polvo<\/p>\n<ul>\n<li>Uso: Como un sahumerio o para defumaci\u00f3n.<br \/>\nContenido: 60 grs.<br \/>\nDuraci\u00f3n: Puede variar seg\u00fan la cantidad que se utilice.<\/li>\n<\/ul>\n<p>Variedad:<\/p>\n<ul>\n<li>Alcanfor con Laurel<\/li>\n<li>Benjui con Estoraque<\/li>\n<li>Jazm\u00edn Manzanilla<\/li>\n<li>Lavanda<\/li>\n<li>Limpieza Energ\u00e9tica<\/li>\n<li>S\u00e1ndalo de la India<\/li>\n<\/ul>\n<div><\/div>\n<p>&nbsp;<\/p>\n<p>*Precio publicado por cajita.<\/p>\n<p>*Consulte variedades disponibles debido a las ventas presenciales<\/p>\n<p>&nbsp;<\/p>\n<p>&nbsp;<\/p>\n","protected":false},"excerpt":{"rendered":"<p>Sahumerio en Polvo Uso: Como un sahumerio o para defumaci\u00f3n. Contenido: 60 grs. Duraci\u00f3n: Puede variar seg\u00fan la cantidad que se utilice. Variedad: Alcanfor con Laurel Benjui con Estoraque Jazm\u00edn Manzanilla Lavanda Limpieza Energ\u00e9tica S\u00e1ndalo de la India &nbsp; *Precio publicado por cajita. *Consulte variedades disponibles debido a las ventas presenciales &nbsp; &nbsp;<\/p>\n","protected":false},"featured_media":2236,"comment_status":"closed","ping_status":"closed","template":"","meta":[],"product_brand":[],"product_cat":[23],"product_tag":[66,67],"class_list":{"0":"post-2882","1":"product","2":"type-product","3":"status-publish","4":"has-post-thumbnail","6":"product_cat-sahumerios","7":"product_tag-oferta","8":"product_tag-promo-limitada","10":"first","11":"instock","12":"sale","13":"shipping-taxable","14":"purchasable","15":"product-type-variable"},"_links":{"self":[{"href":"https:\/\/maluvati.com.ar\/es\/wp-json\/wp\/v2\/product\/2882","targetHints":{"allow":["GET"]}}],"collection":[{"href":"https:\/\/maluvati.com.ar\/es\/wp-json\/wp\/v2\/product"}],"about":[{"href":"https:\/\/maluvati.com.ar\/es\/wp-json\/wp\/v2\/types\/product"}],"replies":[{"embeddable":true,"href":"https:\/\/maluvati.com.ar\/es\/wp-json\/wp\/v2\/comments?post=2882"}],"wp:featuredmedia":[{"embeddable":true,"href":"https:\/\/maluvati.com.ar\/es\/wp-json\/wp\/v2\/media\/2236"}],"wp:attachment":[{"href":"https:\/\/maluvati.com.ar\/es\/wp-json\/wp\/v2\/media?parent=2882"}],"wp:term":[{"taxonomy":"product_brand","embeddable":true,"href":"https:\/\/maluvati.com.ar\/es\/wp-json\/wp\/v2\/product_brand?post=2882"},{"taxonomy":"product_cat","embeddable":true,"href":"https:\/\/maluvati.com.ar\/es\/wp-json\/wp\/v2\/product_cat?post=2882"},{"taxonomy":"product_tag","embeddable":true,"href":"https:\/\/maluvati.com.ar\/es\/wp-json\/wp\/v2\/product_tag?post=2882"}],"curies":[{"name":"wp","href":"https:\/\/api.w.org\/{rel}","templated":true}]}}