{"id":2883,"date":"2026-04-05T19:14:47","date_gmt":"2026-04-05T22:14:47","guid":{"rendered":"https:\/\/maluvati.com.ar\/es\/?post_type=product&#038;p=2883"},"modified":"2026-04-05T19:14:48","modified_gmt":"2026-04-05T22:14:48","slug":"sahumerio-triple-combinado-sagrada-madre","status":"publish","type":"product","link":"https:\/\/maluvati.com.ar\/es\/product\/sahumerio-triple-combinado-sagrada-madre\/","title":{"rendered":"Sahumerio Triple Combinado &#8211; Sagrada Madre"},"content":{"rendered":"<p>Sahumerio Triple Combinado<\/p>\n<ul>\n<li>Composici\u00f3n: puede contener ol\u00edbano, mirra, copal, yagra, ruda, champa, s\u00e1ndalo, romero y palo santo.<br \/>\nContenido: 8 varillas triples premium.<br \/>\nDuraci\u00f3n: cada varilla dura 1 hora aproximadamente<\/li>\n<\/ul>\n<div><\/div>\n<p>&nbsp;<\/p>\n<p>*Precio publicado por cajita.<\/p>\n<p>&nbsp;<\/p>\n<p>&nbsp;<\/p>\n","protected":false},"excerpt":{"rendered":"<p>Sahumerio Triple Combinado Composici\u00f3n: puede contener ol\u00edbano, mirra, copal, yagra, ruda, champa, s\u00e1ndalo, romero y palo santo. Contenido: 8 varillas triples premium. Duraci\u00f3n: cada varilla dura 1 hora aproximadamente &nbsp; *Precio publicado por cajita. &nbsp; &nbsp;<\/p>\n","protected":false},"featured_media":2237,"comment_status":"closed","ping_status":"closed","template":"","meta":[],"product_brand":[],"product_cat":[23],"product_tag":[],"class_list":{"0":"post-2883","1":"product","2":"type-product","3":"status-publish","4":"has-post-thumbnail","6":"product_cat-sahumerios","8":"first","9":"instock","10":"shipping-taxable","11":"purchasable","12":"product-type-simple"},"_links":{"self":[{"href":"https:\/\/maluvati.com.ar\/es\/wp-json\/wp\/v2\/product\/2883","targetHints":{"allow":["GET"]}}],"collection":[{"href":"https:\/\/maluvati.com.ar\/es\/wp-json\/wp\/v2\/product"}],"about":[{"href":"https:\/\/maluvati.com.ar\/es\/wp-json\/wp\/v2\/types\/product"}],"replies":[{"embeddable":true,"href":"https:\/\/maluvati.com.ar\/es\/wp-json\/wp\/v2\/comments?post=2883"}],"wp:featuredmedia":[{"embeddable":true,"href":"https:\/\/maluvati.com.ar\/es\/wp-json\/wp\/v2\/media\/2237"}],"wp:attachment":[{"href":"https:\/\/maluvati.com.ar\/es\/wp-json\/wp\/v2\/media?parent=2883"}],"wp:term":[{"taxonomy":"product_brand","embeddable":true,"href":"https:\/\/maluvati.com.ar\/es\/wp-json\/wp\/v2\/product_brand?post=2883"},{"taxonomy":"product_cat","embeddable":true,"href":"https:\/\/maluvati.com.ar\/es\/wp-json\/wp\/v2\/product_cat?post=2883"},{"taxonomy":"product_tag","embeddable":true,"href":"https:\/\/maluvati.com.ar\/es\/wp-json\/wp\/v2\/product_tag?post=2883"}],"curies":[{"name":"wp","href":"https:\/\/api.w.org\/{rel}","templated":true}]}}