{"id":2886,"date":"2026-04-05T19:14:47","date_gmt":"2026-04-05T22:14:47","guid":{"rendered":"https:\/\/maluvati.com.ar\/es\/?post_type=product&#038;p=2886"},"modified":"2026-04-05T19:16:42","modified_gmt":"2026-04-05T22:16:42","slug":"locion-esoterica-70ml","status":"publish","type":"product","link":"https:\/\/maluvati.com.ar\/es\/product\/locion-esoterica-70ml\/","title":{"rendered":"Loci\u00f3n Esot\u00e9rica &#8211; 70ml"},"content":{"rendered":"<p>Loci\u00f3n esot\u00e9rica.<\/p>\n<p>Contenido 70ml<\/p>\n<p>Consultar disponibilidad<\/p>\n<p>&nbsp;<\/p>\n<p>&nbsp;<\/p>\n","protected":false},"excerpt":{"rendered":"<p>Loci\u00f3n esot\u00e9rica. Contenido 70ml Consultar disponibilidad &nbsp; &nbsp;<\/p>\n","protected":false},"featured_media":2240,"comment_status":"closed","ping_status":"closed","template":"","meta":[],"product_brand":[],"product_cat":[68,71],"product_tag":[],"class_list":{"0":"post-2886","1":"product","2":"type-product","3":"status-publish","4":"has-post-thumbnail","6":"product_cat-esoterico","7":"product_cat-locion-esoterica","9":"first","10":"instock","11":"shipping-taxable","12":"purchasable","13":"product-type-variable"},"_links":{"self":[{"href":"https:\/\/maluvati.com.ar\/es\/wp-json\/wp\/v2\/product\/2886","targetHints":{"allow":["GET"]}}],"collection":[{"href":"https:\/\/maluvati.com.ar\/es\/wp-json\/wp\/v2\/product"}],"about":[{"href":"https:\/\/maluvati.com.ar\/es\/wp-json\/wp\/v2\/types\/product"}],"replies":[{"embeddable":true,"href":"https:\/\/maluvati.com.ar\/es\/wp-json\/wp\/v2\/comments?post=2886"}],"wp:featuredmedia":[{"embeddable":true,"href":"https:\/\/maluvati.com.ar\/es\/wp-json\/wp\/v2\/media\/2240"}],"wp:attachment":[{"href":"https:\/\/maluvati.com.ar\/es\/wp-json\/wp\/v2\/media?parent=2886"}],"wp:term":[{"taxonomy":"product_brand","embeddable":true,"href":"https:\/\/maluvati.com.ar\/es\/wp-json\/wp\/v2\/product_brand?post=2886"},{"taxonomy":"product_cat","embeddable":true,"href":"https:\/\/maluvati.com.ar\/es\/wp-json\/wp\/v2\/product_cat?post=2886"},{"taxonomy":"product_tag","embeddable":true,"href":"https:\/\/maluvati.com.ar\/es\/wp-json\/wp\/v2\/product_tag?post=2886"}],"curies":[{"name":"wp","href":"https:\/\/api.w.org\/{rel}","templated":true}]}}