{"id":2887,"date":"2026-04-05T19:14:47","date_gmt":"2026-04-05T22:14:47","guid":{"rendered":"https:\/\/maluvati.com.ar\/es\/?post_type=product&#038;p=2887"},"modified":"2026-04-05T19:16:33","modified_gmt":"2026-04-05T22:16:33","slug":"fluido-esoterico-100ml","status":"publish","type":"product","link":"https:\/\/maluvati.com.ar\/es\/product\/fluido-esoterico-100ml\/","title":{"rendered":"Flu\u00eddo Esot\u00e9rico &#8211; 100ml."},"content":{"rendered":"<p>Flu\u00eddo esot\u00e9rico.<\/p>\n<p>Contenido 100ml<\/p>\n<p>Consultar disponibilidad.-<\/p>\n<p>&nbsp;<\/p>\n<p>&nbsp;<\/p>\n","protected":false},"excerpt":{"rendered":"<p>Flu\u00eddo esot\u00e9rico. Contenido 100ml Consultar disponibilidad.- &nbsp; &nbsp;<\/p>\n","protected":false},"featured_media":2241,"comment_status":"closed","ping_status":"closed","template":"","meta":[],"product_brand":[],"product_cat":[68,69],"product_tag":[],"class_list":{"0":"post-2887","1":"product","2":"type-product","3":"status-publish","4":"has-post-thumbnail","6":"product_cat-esoterico","7":"product_cat-fluido-esoterico","9":"first","10":"instock","11":"shipping-taxable","12":"purchasable","13":"product-type-variable"},"_links":{"self":[{"href":"https:\/\/maluvati.com.ar\/es\/wp-json\/wp\/v2\/product\/2887","targetHints":{"allow":["GET"]}}],"collection":[{"href":"https:\/\/maluvati.com.ar\/es\/wp-json\/wp\/v2\/product"}],"about":[{"href":"https:\/\/maluvati.com.ar\/es\/wp-json\/wp\/v2\/types\/product"}],"replies":[{"embeddable":true,"href":"https:\/\/maluvati.com.ar\/es\/wp-json\/wp\/v2\/comments?post=2887"}],"wp:featuredmedia":[{"embeddable":true,"href":"https:\/\/maluvati.com.ar\/es\/wp-json\/wp\/v2\/media\/2241"}],"wp:attachment":[{"href":"https:\/\/maluvati.com.ar\/es\/wp-json\/wp\/v2\/media?parent=2887"}],"wp:term":[{"taxonomy":"product_brand","embeddable":true,"href":"https:\/\/maluvati.com.ar\/es\/wp-json\/wp\/v2\/product_brand?post=2887"},{"taxonomy":"product_cat","embeddable":true,"href":"https:\/\/maluvati.com.ar\/es\/wp-json\/wp\/v2\/product_cat?post=2887"},{"taxonomy":"product_tag","embeddable":true,"href":"https:\/\/maluvati.com.ar\/es\/wp-json\/wp\/v2\/product_tag?post=2887"}],"curies":[{"name":"wp","href":"https:\/\/api.w.org\/{rel}","templated":true}]}}