{"id":2895,"date":"2026-04-05T19:14:50","date_gmt":"2026-04-05T22:14:50","guid":{"rendered":"https:\/\/maluvati.com.ar\/es\/?post_type=product&#038;p=2895"},"modified":"2026-04-05T19:17:29","modified_gmt":"2026-04-05T22:17:29","slug":"velas-cortas-lisas","status":"publish","type":"product","link":"https:\/\/maluvati.com.ar\/es\/product\/velas-cortas-lisas\/","title":{"rendered":"Velas Cortas: Lisas"},"content":{"rendered":"<p>Velas Cortas: Lisas<\/p>\n<p>Consulte colores disponibles.<\/p>\n<ul>\n<li>Blanca<\/li>\n<li>Azul<\/li>\n<li>Violeta<\/li>\n<li>Amarilla<\/li>\n<li>Negra<\/li>\n<li>Roja<\/li>\n<li>Rosa<\/li>\n<li>Verde<\/li>\n<li>Naranja<\/li>\n<li>Marr\u00f3n<\/li>\n<\/ul>\n<p>&nbsp;<\/p>\n<p>Consulte colores disponibles.<\/p>\n<p>Precio por unidad \u00f3 PROMO X 5 \u00d3\u00a0 10 UNIDADES (color surtido o iguales, dependiendo stock)<\/p>\n<p>&nbsp;<\/p>\n<p>&nbsp;<\/p>\n","protected":false},"excerpt":{"rendered":"<p>Velas Cortas: Lisas Consulte colores disponibles. Blanca Azul Violeta Amarilla Negra Roja Rosa Verde Naranja Marr\u00f3n &nbsp; Consulte colores disponibles. Precio por unidad \u00f3 PROMO X 5 \u00d3\u00a0 10 UNIDADES (color surtido o iguales, dependiendo stock) &nbsp; &nbsp;<\/p>\n","protected":false},"featured_media":2253,"comment_status":"closed","ping_status":"closed","template":"","meta":[],"product_brand":[],"product_cat":[27,29],"product_tag":[],"class_list":{"0":"post-2895","1":"product","2":"type-product","3":"status-publish","4":"has-post-thumbnail","6":"product_cat-vela","7":"product_cat-velas","9":"first","10":"instock","11":"shipping-taxable","12":"purchasable","13":"product-type-variable"},"_links":{"self":[{"href":"https:\/\/maluvati.com.ar\/es\/wp-json\/wp\/v2\/product\/2895","targetHints":{"allow":["GET"]}}],"collection":[{"href":"https:\/\/maluvati.com.ar\/es\/wp-json\/wp\/v2\/product"}],"about":[{"href":"https:\/\/maluvati.com.ar\/es\/wp-json\/wp\/v2\/types\/product"}],"replies":[{"embeddable":true,"href":"https:\/\/maluvati.com.ar\/es\/wp-json\/wp\/v2\/comments?post=2895"}],"wp:featuredmedia":[{"embeddable":true,"href":"https:\/\/maluvati.com.ar\/es\/wp-json\/wp\/v2\/media\/2253"}],"wp:attachment":[{"href":"https:\/\/maluvati.com.ar\/es\/wp-json\/wp\/v2\/media?parent=2895"}],"wp:term":[{"taxonomy":"product_brand","embeddable":true,"href":"https:\/\/maluvati.com.ar\/es\/wp-json\/wp\/v2\/product_brand?post=2895"},{"taxonomy":"product_cat","embeddable":true,"href":"https:\/\/maluvati.com.ar\/es\/wp-json\/wp\/v2\/product_cat?post=2895"},{"taxonomy":"product_tag","embeddable":true,"href":"https:\/\/maluvati.com.ar\/es\/wp-json\/wp\/v2\/product_tag?post=2895"}],"curies":[{"name":"wp","href":"https:\/\/api.w.org\/{rel}","templated":true}]}}