{"id":2896,"date":"2026-04-05T19:14:50","date_gmt":"2026-04-05T22:14:50","guid":{"rendered":"https:\/\/maluvati.com.ar\/es\/?post_type=product&#038;p=2896"},"modified":"2026-04-05T19:16:55","modified_gmt":"2026-04-05T22:16:55","slug":"dijes-de-piedras-variedades","status":"publish","type":"product","link":"https:\/\/maluvati.com.ar\/es\/product\/dijes-de-piedras-variedades\/","title":{"rendered":"Dijes de Piedras &#8211; variedades"},"content":{"rendered":"<p>En\u00a0<a class=\"x1i10hfl xjbqb8w x1ejq31n xd10rxx x1sy0etr x17r0tee x972fbf xcfux6l x1qhh985 xm0m39n x9f619 x1ypdohk xt0psk2 xe8uvvx xdj266r x11i5rnm xat24cr x1mh8g0r xexx8yu x4uap5 x18d9i69 xkhd6sd x16tdsg8 x1hl2dhg xggy1nq x1a2a7pz notranslate _a6hd\" tabindex=\"0\" role=\"link\" href=\"https:\/\/www.instagram.com\/maluvati.regalos\/\">@maluvati.regalos<\/a>\u00a0tenemos hermosos dijes! \ud83d\ude0d<\/p>\n<p>\ud83d\udc49 Te dejamos peque\u00f1a rese\u00f1a de algunos:<\/p>\n<p>\u25aa\ufe0f Cuarzo Cristal: sanadora, profunda limpiadora del alma.<\/p>\n<p>\u25aa\ufe0f Cuarzo Rosa: piedra del amor y paz, calma y da seguridad.<\/p>\n<p>\u25aa\ufe0f Cuarzo Verde: relajante, equilibra la energ\u00eda f\u00edsica, brinda confianza y madurez.<\/p>\n<p>\u25aa\ufe0f Cuarzo Azul: brinda calma, ayuda a la comunicaci\u00f3n y a la espiritualidad.<\/p>\n<p>\u25aa\ufe0f Amatista: piedra poderosa y protectora con elevada vibraci\u00f3n espiritual.<\/p>\n<p>\u25aa\ufe0f Citrino: absorbe, transmuta, disipa y conduce a tierra la energ\u00eda negativa.<\/p>\n<p>\u25aa\ufe0f Ojo de Tigre: protectora, equilibra las energ\u00edas del yin y yang, energiza el cuerpo emocional.<\/p>\n<p>\u25aa\ufe0f Turmalina: limpia el aura, retira bloqueos, dispersa energ\u00eda negativa.<\/p>\n<p>\u25aa\ufe0f Pirita: excelente escudo de energ\u00eda. Atrae dinero y fortuna.<\/p>\n<p>\u25aa\ufe0f Coral: atrae el amor, protector de mal de ojo.<\/p>\n<p>\u25aa\ufe0f Sodalita: aporta equilibrio emocional, autoestima, autoaceptaci\u00f3n y confianza.<\/p>\n<p>\u25aa\ufe0f Cornalina: Calma las tensiones y da claridad mental.<\/p>\n<p>\u25aa\ufe0f Obsidiana: <span data-huuid=\"7919838685469799633\">Absorbe la energ\u00eda densa y malas vibras.<\/span><\/p>\n<p>\u25aa\ufe0f Hematite: Simboliza el enraizamiento.<\/p>\n<p>\u25aa\ufe0f Calcita Amarilla: ampliaci\u00f3n de la energ\u00eda, limpieza y rejuvenecimiento del aura.<\/p>\n<p>\u25aa\ufe0f Calcita \u00d3ptica: Fomenta la introspecci\u00f3n, amplifica la energ\u00eda<\/p>\n<p>\u25aa\ufe0f Amazonita: esperanza y valor, nos relaja ante una situaci\u00f3n de estr\u00e9s.<\/p>\n<p>\u25aa\ufe0f Aventurina Verde: prosperidad, equilibrio emocinal, conexi\u00f3n con la naturaleza.<\/p>\n<p>\u25aa\ufe0f Selenita Blanca: promueve la paz interior, limpia y purifica.<\/p>\n<p>\u25aa\ufe0f Jaspe Rojo: ayuda contra el estancamiento, nos ayuda a tener coraje.<\/p>\n<p>&nbsp;<\/p>\n<p>&nbsp;<\/p>\n<p>*Valor por unidad<\/p>\n<p>*Consulte disponibles, debido a la gran varidad, tama\u00f1os y formas, roladas o bruto.<\/p>\n<p>&nbsp;<\/p>\n<p>&nbsp;<\/p>\n<p>&nbsp;<\/p>\n","protected":false},"excerpt":{"rendered":"<p>En\u00a0@maluvati.regalos\u00a0tenemos hermosos dijes! \ud83d\ude0d \ud83d\udc49 Te dejamos peque\u00f1a rese\u00f1a de algunos: \u25aa\ufe0f Cuarzo Cristal: sanadora, profunda limpiadora del alma. \u25aa\ufe0f Cuarzo Rosa: piedra del amor y paz, calma y da seguridad. \u25aa\ufe0f Cuarzo Verde: relajante, equilibra la energ\u00eda f\u00edsica, brinda confianza y madurez. \u25aa\ufe0f Cuarzo Azul: brinda calma, ayuda a la comunicaci\u00f3n y a la [&hellip;]<\/p>\n","protected":false},"featured_media":2254,"comment_status":"closed","ping_status":"closed","template":"","meta":[],"product_brand":[],"product_cat":[74,20],"product_tag":[67],"class_list":{"0":"post-2896","1":"product","2":"type-product","3":"status-publish","4":"has-post-thumbnail","6":"product_cat-dijes","7":"product_cat-regaleria-y-accesorios-holisticos","8":"product_tag-promo-limitada","10":"first","11":"instock","12":"sale","13":"shipping-taxable","14":"purchasable","15":"product-type-variable"},"_links":{"self":[{"href":"https:\/\/maluvati.com.ar\/es\/wp-json\/wp\/v2\/product\/2896","targetHints":{"allow":["GET"]}}],"collection":[{"href":"https:\/\/maluvati.com.ar\/es\/wp-json\/wp\/v2\/product"}],"about":[{"href":"https:\/\/maluvati.com.ar\/es\/wp-json\/wp\/v2\/types\/product"}],"replies":[{"embeddable":true,"href":"https:\/\/maluvati.com.ar\/es\/wp-json\/wp\/v2\/comments?post=2896"}],"wp:featuredmedia":[{"embeddable":true,"href":"https:\/\/maluvati.com.ar\/es\/wp-json\/wp\/v2\/media\/2254"}],"wp:attachment":[{"href":"https:\/\/maluvati.com.ar\/es\/wp-json\/wp\/v2\/media?parent=2896"}],"wp:term":[{"taxonomy":"product_brand","embeddable":true,"href":"https:\/\/maluvati.com.ar\/es\/wp-json\/wp\/v2\/product_brand?post=2896"},{"taxonomy":"product_cat","embeddable":true,"href":"https:\/\/maluvati.com.ar\/es\/wp-json\/wp\/v2\/product_cat?post=2896"},{"taxonomy":"product_tag","embeddable":true,"href":"https:\/\/maluvati.com.ar\/es\/wp-json\/wp\/v2\/product_tag?post=2896"}],"curies":[{"name":"wp","href":"https:\/\/api.w.org\/{rel}","templated":true}]}}