{"id":2897,"date":"2026-04-05T19:14:50","date_gmt":"2026-04-05T22:14:50","guid":{"rendered":"https:\/\/maluvati.com.ar\/es\/?post_type=product&#038;p=2897"},"modified":"2026-04-05T19:16:21","modified_gmt":"2026-04-05T22:16:21","slug":"cascada-de-humo-varios-disenos","status":"publish","type":"product","link":"https:\/\/maluvati.com.ar\/es\/product\/cascada-de-humo-varios-disenos\/","title":{"rendered":"Cascada de Humo &#8211; Varios Dise\u00f1os"},"content":{"rendered":"<p>Cascada de Humo para aromatizar tus ambientes de una forma diferente con los conos para cascada.<\/p>\n<p>A dem\u00e1s brinda una sensaci\u00f3n de relajaci\u00f3n al ver el humo caer por el dise\u00f1o de la cascada.<\/p>\n<p>Consulte dise\u00f1os y colores disponibles.<\/p>\n<p>*Valor por unidad<\/p>\n","protected":false},"excerpt":{"rendered":"<p>Cascada de Humo para aromatizar tus ambientes de una forma diferente con los conos para cascada. A dem\u00e1s brinda una sensaci\u00f3n de relajaci\u00f3n al ver el humo caer por el dise\u00f1o de la cascada. Consulte dise\u00f1os y colores disponibles. *Valor por unidad<\/p>\n","protected":false},"featured_media":2255,"comment_status":"closed","ping_status":"closed","template":"","meta":[],"product_brand":[],"product_cat":[21,20],"product_tag":[],"class_list":{"0":"post-2897","1":"product","2":"type-product","3":"status-publish","4":"has-post-thumbnail","6":"product_cat-cascada-humo","7":"product_cat-regaleria-y-accesorios-holisticos","9":"first","10":"instock","11":"sold-individually","12":"shipping-taxable","13":"purchasable","14":"product-type-variable"},"_links":{"self":[{"href":"https:\/\/maluvati.com.ar\/es\/wp-json\/wp\/v2\/product\/2897","targetHints":{"allow":["GET"]}}],"collection":[{"href":"https:\/\/maluvati.com.ar\/es\/wp-json\/wp\/v2\/product"}],"about":[{"href":"https:\/\/maluvati.com.ar\/es\/wp-json\/wp\/v2\/types\/product"}],"replies":[{"embeddable":true,"href":"https:\/\/maluvati.com.ar\/es\/wp-json\/wp\/v2\/comments?post=2897"}],"wp:featuredmedia":[{"embeddable":true,"href":"https:\/\/maluvati.com.ar\/es\/wp-json\/wp\/v2\/media\/2255"}],"wp:attachment":[{"href":"https:\/\/maluvati.com.ar\/es\/wp-json\/wp\/v2\/media?parent=2897"}],"wp:term":[{"taxonomy":"product_brand","embeddable":true,"href":"https:\/\/maluvati.com.ar\/es\/wp-json\/wp\/v2\/product_brand?post=2897"},{"taxonomy":"product_cat","embeddable":true,"href":"https:\/\/maluvati.com.ar\/es\/wp-json\/wp\/v2\/product_cat?post=2897"},{"taxonomy":"product_tag","embeddable":true,"href":"https:\/\/maluvati.com.ar\/es\/wp-json\/wp\/v2\/product_tag?post=2897"}],"curies":[{"name":"wp","href":"https:\/\/api.w.org\/{rel}","templated":true}]}}