{"id":2900,"date":"2026-04-05T19:14:50","date_gmt":"2026-04-05T22:14:50","guid":{"rendered":"https:\/\/maluvati.com.ar\/es\/?post_type=product&#038;p=2900"},"modified":"2026-04-05T19:16:59","modified_gmt":"2026-04-05T22:16:59","slug":"sahumerios-simples-caja-hexagonal-mantra-vividha-sree-vani","status":"publish","type":"product","link":"https:\/\/maluvati.com.ar\/es\/product\/sahumerios-simples-caja-hexagonal-mantra-vividha-sree-vani\/","title":{"rendered":"Sahumerios Simples &#8211; caja hexagonal &#8211; Mantra \/ Vividha \/ Sree Vani"},"content":{"rendered":"<p>Sahumerios Simples &#8211; caja hexagonal &#8211; Mantra \/ Vividha \/ Sree Vani<\/p>\n<p>Diferentes variedades.-<\/p>\n<ul>\n<li>Violeta<\/li>\n<li>Lava Casa<\/li>\n<li>Contraenvidia<\/li>\n<li>Atrae Dinero<\/li>\n<li>Purifica Casa<\/li>\n<li>Om<\/li>\n<li>Chandan<\/li>\n<li>Almizcle<\/li>\n<li>Copal<\/li>\n<li>Sangre de Drag\u00f3n<\/li>\n<li>Incienso<\/li>\n<li>7 Chakras<\/li>\n<li>Maderas de S\u00e1ndalo<\/li>\n<li>Lavanda<\/li>\n<li>Lavanda con Salvia Blanca<\/li>\n<li>Lemongrass<\/li>\n<li>Salvia Blanca<\/li>\n<li>Salvia Blanca con S\u00e1ndalo<\/li>\n<li>Sri Ganesh<\/li>\n<li>Energ\u00eda<\/li>\n<\/ul>\n<p>*Consulte disponibilidad<\/p>\n<p>*Consulte variedades disponibles debido a las ventas presenciales<\/p>\n<p>&nbsp;<\/p>\n<p>&nbsp;<\/p>\n","protected":false},"excerpt":{"rendered":"<p>Sahumerios Simples &#8211; caja hexagonal &#8211; Mantra \/ Vividha \/ Sree Vani Diferentes variedades.- Violeta Lava Casa Contraenvidia Atrae Dinero Purifica Casa Om Chandan Almizcle Copal Sangre de Drag\u00f3n Incienso 7 Chakras Maderas de S\u00e1ndalo Lavanda Lavanda con Salvia Blanca Lemongrass Salvia Blanca Salvia Blanca con S\u00e1ndalo Sri Ganesh Energ\u00eda *Consulte disponibilidad *Consulte variedades disponibles [&hellip;]<\/p>\n","protected":false},"featured_media":2261,"comment_status":"closed","ping_status":"closed","template":"","meta":[],"product_brand":[],"product_cat":[23],"product_tag":[66,67],"class_list":{"0":"post-2900","1":"product","2":"type-product","3":"status-publish","4":"has-post-thumbnail","6":"product_cat-sahumerios","7":"product_tag-oferta","8":"product_tag-promo-limitada","10":"first","11":"instock","12":"shipping-taxable","13":"purchasable","14":"product-type-variable"},"_links":{"self":[{"href":"https:\/\/maluvati.com.ar\/es\/wp-json\/wp\/v2\/product\/2900","targetHints":{"allow":["GET"]}}],"collection":[{"href":"https:\/\/maluvati.com.ar\/es\/wp-json\/wp\/v2\/product"}],"about":[{"href":"https:\/\/maluvati.com.ar\/es\/wp-json\/wp\/v2\/types\/product"}],"replies":[{"embeddable":true,"href":"https:\/\/maluvati.com.ar\/es\/wp-json\/wp\/v2\/comments?post=2900"}],"wp:featuredmedia":[{"embeddable":true,"href":"https:\/\/maluvati.com.ar\/es\/wp-json\/wp\/v2\/media\/2261"}],"wp:attachment":[{"href":"https:\/\/maluvati.com.ar\/es\/wp-json\/wp\/v2\/media?parent=2900"}],"wp:term":[{"taxonomy":"product_brand","embeddable":true,"href":"https:\/\/maluvati.com.ar\/es\/wp-json\/wp\/v2\/product_brand?post=2900"},{"taxonomy":"product_cat","embeddable":true,"href":"https:\/\/maluvati.com.ar\/es\/wp-json\/wp\/v2\/product_cat?post=2900"},{"taxonomy":"product_tag","embeddable":true,"href":"https:\/\/maluvati.com.ar\/es\/wp-json\/wp\/v2\/product_tag?post=2900"}],"curies":[{"name":"wp","href":"https:\/\/api.w.org\/{rel}","templated":true}]}}