{"id":2901,"date":"2026-04-05T19:14:50","date_gmt":"2026-04-05T22:14:50","guid":{"rendered":"https:\/\/maluvati.com.ar\/es\/?post_type=product&#038;p=2901"},"modified":"2026-04-05T19:16:59","modified_gmt":"2026-04-05T22:16:59","slug":"sahumerios-7-arcangeles-o-7-chakras-iluminarte","status":"publish","type":"product","link":"https:\/\/maluvati.com.ar\/es\/product\/sahumerios-7-arcangeles-o-7-chakras-iluminarte\/","title":{"rendered":"Sahumerios 7 Arc\u00e1ngeles \u00f3 7 Chakras &#8211; Iluminarte"},"content":{"rendered":"<p><strong>Sahumerios 7 Chakras &#8211; Iluminarte<\/strong><\/p>\n<ul>\n<li>Chakra RA\u00cdZ Muladhra: <em>Confianza b\u00e1sica &#8211; DOMINGO<\/em><\/li>\n<li>Chakra SACRO Svadhisthana: <em>Gozo, Disfrute &#8211; LUNES<\/em><\/li>\n<li>Chakra PLEXO SOLAR Manipura: <em>Poder Personal &#8211; MARTES<\/em><\/li>\n<li>Chakra CORAZ\u00d3N \/ PUL Anahata: <em>Capacidad Afectiva &#8211; MI\u00c9RCOLES<\/em><\/li>\n<li>Chakra GARGANTA Vishuddha: <em>Capacidad Creativa &#8211; JUEVES<\/em><\/li>\n<li>Chakra TERCER OJO Ajna: <em>Capacidad Intuitiva &#8211; VIERNES<\/em><\/li>\n<li>Chakra CORONILLA Sahasrara: <em>Trascendencia &#8211; S\u00c1BADO<\/em><\/li>\n<\/ul>\n<p>La caja contiene 3 varillas por cada Chakra. Total, 21 varillas.-<\/p>\n<p>Se sugiere encender un sahumerio al despertarse, uno luego del mediod\u00eda y uno al atardecer, respetando el d\u00eda que corresponde a cada chakra, comenzando el d\u00eda domingo (rojo).<\/p>\n<p>&nbsp;<\/p>\n<p><strong>Sahumerios 7 Arc\u00e1ngeles &#8211; Iluminarte<\/strong><\/p>\n<ul>\n<li>MIGUEL: <em>Azul &#8211; DOMINGO<\/em><\/li>\n<li>JOFIEL: <em>Amarillo &#8211; LUNES<\/em><\/li>\n<li>CHAMUEL: <em>Rosa &#8211; MARTES<\/em><\/li>\n<li>GABRIEL: <em>Blanco &#8211; MI\u00c9RCOLES<\/em><\/li>\n<li>RAFAEL: Verde<em>\u00a0&#8211; JUEVES<\/em><\/li>\n<li>URIEL: <em>Naranja &#8211; VIERNES<\/em><\/li>\n<li>ZADKIEL: <em>Violeta &#8211; S\u00c1BADO<\/em><\/li>\n<\/ul>\n<p>La caja contiene 3 varillas por cada Arc\u00e1ngel. Total, 21 varillas.-<\/p>\n<p>Se sugiere encender un sahumerio al despertarse, uno luego del mediod\u00eda y uno al atardecer, respetando el d\u00eda que corresponde a cada chakra, comenzando el d\u00eda domingo (azul).<\/p>\n<p>&nbsp;<\/p>\n<p>*Precio publicado por cajita. Consulte disponibilidad.<\/p>\n<p>*Consulte variedades disponibles debido a las ventas presenciales<\/p>\n<p>&nbsp;<\/p>\n","protected":false},"excerpt":{"rendered":"<p>Sahumerios 7 Chakras &#8211; Iluminarte Chakra RA\u00cdZ Muladhra: Confianza b\u00e1sica &#8211; DOMINGO Chakra SACRO Svadhisthana: Gozo, Disfrute &#8211; LUNES Chakra PLEXO SOLAR Manipura: Poder Personal &#8211; MARTES Chakra CORAZ\u00d3N \/ PUL Anahata: Capacidad Afectiva &#8211; MI\u00c9RCOLES Chakra GARGANTA Vishuddha: Capacidad Creativa &#8211; JUEVES Chakra TERCER OJO Ajna: Capacidad Intuitiva &#8211; VIERNES Chakra CORONILLA Sahasrara: Trascendencia [&hellip;]<\/p>\n","protected":false},"featured_media":2919,"comment_status":"closed","ping_status":"closed","template":"","meta":[],"product_brand":[],"product_cat":[17,23],"product_tag":[],"class_list":{"0":"post-2901","1":"product","2":"type-product","3":"status-publish","4":"has-post-thumbnail","6":"product_cat-holistica-y-esoterico","7":"product_cat-sahumerios","9":"first","10":"instock","11":"shipping-taxable","12":"purchasable","13":"product-type-variable"},"_links":{"self":[{"href":"https:\/\/maluvati.com.ar\/es\/wp-json\/wp\/v2\/product\/2901","targetHints":{"allow":["GET"]}}],"collection":[{"href":"https:\/\/maluvati.com.ar\/es\/wp-json\/wp\/v2\/product"}],"about":[{"href":"https:\/\/maluvati.com.ar\/es\/wp-json\/wp\/v2\/types\/product"}],"replies":[{"embeddable":true,"href":"https:\/\/maluvati.com.ar\/es\/wp-json\/wp\/v2\/comments?post=2901"}],"wp:featuredmedia":[{"embeddable":true,"href":"https:\/\/maluvati.com.ar\/es\/wp-json\/wp\/v2\/media\/2919"}],"wp:attachment":[{"href":"https:\/\/maluvati.com.ar\/es\/wp-json\/wp\/v2\/media?parent=2901"}],"wp:term":[{"taxonomy":"product_brand","embeddable":true,"href":"https:\/\/maluvati.com.ar\/es\/wp-json\/wp\/v2\/product_brand?post=2901"},{"taxonomy":"product_cat","embeddable":true,"href":"https:\/\/maluvati.com.ar\/es\/wp-json\/wp\/v2\/product_cat?post=2901"},{"taxonomy":"product_tag","embeddable":true,"href":"https:\/\/maluvati.com.ar\/es\/wp-json\/wp\/v2\/product_tag?post=2901"}],"curies":[{"name":"wp","href":"https:\/\/api.w.org\/{rel}","templated":true}]}}