{"id":3096,"date":"2026-04-05T19:15:09","date_gmt":"2026-04-05T22:15:09","guid":{"rendered":"https:\/\/maluvati.com.ar\/es\/?post_type=product&#038;p=3096"},"modified":"2026-04-05T19:16:59","modified_gmt":"2026-04-05T22:16:59","slug":"sahumerios-botanico-sagrada-madre","status":"publish","type":"product","link":"https:\/\/maluvati.com.ar\/es\/product\/sahumerios-botanico-sagrada-madre\/","title":{"rendered":"Sahumerios Bot\u00e1nico &#8211; Sagrada Madre"},"content":{"rendered":"<p>Sahumerios Bot\u00e1nico &#8211; Sagrada Madre<\/p>\n<p>Contenido: 6 varillas gruesas de duraci\u00f3n extra<br \/>\nDuraci\u00f3n: cada varilla dura 1 hora<\/p>\n<ul>\n<li><em><strong>Gardenias y Cal\u00e9ndula<\/strong><\/em>: El puro aroma de la Gardenia al combinarse con lo natural de la Cal\u00e9ndula impregna todo de calidez espiritual.<\/li>\n<li><strong><em>Jazm\u00edn y Rosas: <\/em><\/strong>La cautivante fragancia del Jazm\u00edn y la Rosa invitan a fluir hacia la plenitud y la abundancia.<\/li>\n<li><em><strong>Lavanda y Rosas: <\/strong><\/em>La animada fragancia de la Lavanda combinada con la delicadeza de la Rosa atraen la buena fortuna e inspiran los sentimientos de satisfacci\u00f3n y agradecimiento.<\/li>\n<li><strong><em>T\u00e9 Verde y Champa:<\/em><\/strong>El curativo aroma del t\u00e9 verde, cuando se combina con la exquisita fragancia de las flores Champa, sanan e inundan el coraz\u00f3n de sentimientos de agradecimiento y felicidad espiritual.<\/li>\n<li><em><strong>Magnolia:<\/strong><\/em> La exuberante fragancia de la Magnolia, favorece la relajaci\u00f3n del cuerpo, produciendo sensaciones de placer, dando la claridad y la gu\u00eda para ajustar el rumbo de la vida.<\/li>\n<li><em><strong>Fresias:<\/strong><\/em> La delicada y maravillosa fragancia de las Fresias favorece el romance, la inocencia y la alegr\u00eda juvenil del alma.<\/li>\n<li><em><strong>Nardo y Ol\u00edbano:<\/strong><\/em> La fragancia del Incienso y la del Nardo despliegan una poderosa fuerza de purificaci\u00f3n y transmutaci\u00f3n energ\u00e9tica que libera el camino del triunfo y del destino.<\/li>\n<li><em><strong>Clavo de Olor y Rosas:<\/strong><\/em> El perfume divino de las Rosas combinado con el Clavo de olor, sana el pasado, da suerte en las relaciones y abundancia en el amor.<\/li>\n<\/ul>\n<p>&nbsp;<\/p>\n<p>&nbsp;<\/p>\n<p>&nbsp;<\/p>\n<p>*Precio publicado por cajita.<\/p>\n<p>*Consulte variedades disponibles debido a las ventas presenciales<\/p>\n<p>&nbsp;<\/p>\n<p>&nbsp;<\/p>\n","protected":false},"excerpt":{"rendered":"<p>Sahumerios Bot\u00e1nico &#8211; Sagrada Madre Contenido: 6 varillas gruesas de duraci\u00f3n extra Duraci\u00f3n: cada varilla dura 1 hora Gardenias y Cal\u00e9ndula: El puro aroma de la Gardenia al combinarse con lo natural de la Cal\u00e9ndula impregna todo de calidez espiritual. Jazm\u00edn y Rosas: La cautivante fragancia del Jazm\u00edn y la Rosa invitan a fluir hacia [&hellip;]<\/p>\n","protected":false},"featured_media":2293,"comment_status":"closed","ping_status":"closed","template":"","meta":[],"product_brand":[],"product_cat":[17,23],"product_tag":[],"class_list":{"0":"post-3096","1":"product","2":"type-product","3":"status-publish","4":"has-post-thumbnail","6":"product_cat-holistica-y-esoterico","7":"product_cat-sahumerios","9":"first","10":"instock","11":"shipping-taxable","12":"purchasable","13":"product-type-variable"},"_links":{"self":[{"href":"https:\/\/maluvati.com.ar\/es\/wp-json\/wp\/v2\/product\/3096","targetHints":{"allow":["GET"]}}],"collection":[{"href":"https:\/\/maluvati.com.ar\/es\/wp-json\/wp\/v2\/product"}],"about":[{"href":"https:\/\/maluvati.com.ar\/es\/wp-json\/wp\/v2\/types\/product"}],"replies":[{"embeddable":true,"href":"https:\/\/maluvati.com.ar\/es\/wp-json\/wp\/v2\/comments?post=3096"}],"wp:featuredmedia":[{"embeddable":true,"href":"https:\/\/maluvati.com.ar\/es\/wp-json\/wp\/v2\/media\/2293"}],"wp:attachment":[{"href":"https:\/\/maluvati.com.ar\/es\/wp-json\/wp\/v2\/media?parent=3096"}],"wp:term":[{"taxonomy":"product_brand","embeddable":true,"href":"https:\/\/maluvati.com.ar\/es\/wp-json\/wp\/v2\/product_brand?post=3096"},{"taxonomy":"product_cat","embeddable":true,"href":"https:\/\/maluvati.com.ar\/es\/wp-json\/wp\/v2\/product_cat?post=3096"},{"taxonomy":"product_tag","embeddable":true,"href":"https:\/\/maluvati.com.ar\/es\/wp-json\/wp\/v2\/product_tag?post=3096"}],"curies":[{"name":"wp","href":"https:\/\/api.w.org\/{rel}","templated":true}]}}