{"id":3105,"date":"2026-04-05T19:15:11","date_gmt":"2026-04-05T22:15:11","guid":{"rendered":"https:\/\/maluvati.com.ar\/es\/?post_type=product&#038;p=3105"},"modified":"2026-04-05T19:16:55","modified_gmt":"2026-04-05T22:16:55","slug":"sahumerios-linea-yagra-sagrada-madre","status":"publish","type":"product","link":"https:\/\/maluvati.com.ar\/es\/product\/sahumerios-linea-yagra-sagrada-madre\/","title":{"rendered":"Sahumerios L\u00ednea Yagra &#8211; Sagrada Madre"},"content":{"rendered":"<p>Sahumerios<em> l\u00ednea Palo Santo<\/em><\/p>\n<p>Contenido: 8 varillas gruesas de duraci\u00f3n extra<br \/>\nDuraci\u00f3n: cada varilla dura 1 hora<\/p>\n<p>Variedades:<\/p>\n<ul>\n<li><em><strong>Yagra- Vainilla- Rosa:<\/strong><\/em> El vibrante aroma del Yagra revitaliza el cuerpo, combinado con el encantador perfume de los p\u00e9talos de rosa, despiertan el deseo y la pasi\u00f3n. Se une a esta seductora combinaci\u00f3n, la dulce y reconfortante fragancia de la vainilla, que predispone al placer y favorece los encuentros amorosos.<\/li>\n<li><em><strong>Yagra- Violetas &#8211; Lavanda:\u00a0<\/strong><\/em>El poderoso aroma del Yagra disuelve las malas vibras, combinado con la frescura de la lavanda, despejan la mente y el bello aroma de la Violeta potencia esta combinaci\u00f3n para lograr una limpieza astral completa.<\/li>\n<li><em><strong>Yagra- Orqu\u00eddea &#8211; Laurel:<\/strong><\/em> El poderoso aroma del Yagra, junto al Laurel propician las ganancias y combinado con el perfume de la orqu\u00eddea, desbloquean el poder personal y camino al triunfo, esta mezcla \u00fanica de fragancias augura un pr\u00f3spero destino.<\/li>\n<li><em><strong>Yagra &#8211; Manzanilla &#8211; Ol\u00edbano:\u00a0<\/strong><\/em>\u00a0La exquisita fragancia del Yagra brinda acceso a los c\u00f3digos sagrados del cosmos, combinada con el potente aroma del Ol\u00edbano favorecen la claridad mental intuitiva y se suma la Manzanilla que da paz y purifica el alma. Esta poderosa combinaci\u00f3n expresa energ\u00eda, entusiasmo, brindando \u00e9xitos y buena fortuna.<\/li>\n<\/ul>\n<p>&nbsp;<\/p>\n<p>*Precio publicado por cajita de 8 unidades.<\/p>\n<p>*Consulte variedades disponibles debido a las ventas presenciales<\/p>\n<p>&nbsp;<\/p>\n","protected":false},"excerpt":{"rendered":"<p>Sahumerios l\u00ednea Palo Santo Contenido: 8 varillas gruesas de duraci\u00f3n extra Duraci\u00f3n: cada varilla dura 1 hora Variedades: Yagra- Vainilla- Rosa: El vibrante aroma del Yagra revitaliza el cuerpo, combinado con el encantador perfume de los p\u00e9talos de rosa, despiertan el deseo y la pasi\u00f3n. Se une a esta seductora combinaci\u00f3n, la dulce y reconfortante [&hellip;]<\/p>\n","protected":false},"featured_media":3131,"comment_status":"closed","ping_status":"closed","template":"","meta":[],"product_brand":[],"product_cat":[17,23],"product_tag":[],"class_list":{"0":"post-3105","1":"product","2":"type-product","3":"status-publish","4":"has-post-thumbnail","6":"product_cat-holistica-y-esoterico","7":"product_cat-sahumerios","9":"first","10":"instock","11":"shipping-taxable","12":"purchasable","13":"product-type-variable"},"_links":{"self":[{"href":"https:\/\/maluvati.com.ar\/es\/wp-json\/wp\/v2\/product\/3105","targetHints":{"allow":["GET"]}}],"collection":[{"href":"https:\/\/maluvati.com.ar\/es\/wp-json\/wp\/v2\/product"}],"about":[{"href":"https:\/\/maluvati.com.ar\/es\/wp-json\/wp\/v2\/types\/product"}],"replies":[{"embeddable":true,"href":"https:\/\/maluvati.com.ar\/es\/wp-json\/wp\/v2\/comments?post=3105"}],"wp:featuredmedia":[{"embeddable":true,"href":"https:\/\/maluvati.com.ar\/es\/wp-json\/wp\/v2\/media\/3131"}],"wp:attachment":[{"href":"https:\/\/maluvati.com.ar\/es\/wp-json\/wp\/v2\/media?parent=3105"}],"wp:term":[{"taxonomy":"product_brand","embeddable":true,"href":"https:\/\/maluvati.com.ar\/es\/wp-json\/wp\/v2\/product_brand?post=3105"},{"taxonomy":"product_cat","embeddable":true,"href":"https:\/\/maluvati.com.ar\/es\/wp-json\/wp\/v2\/product_cat?post=3105"},{"taxonomy":"product_tag","embeddable":true,"href":"https:\/\/maluvati.com.ar\/es\/wp-json\/wp\/v2\/product_tag?post=3105"}],"curies":[{"name":"wp","href":"https:\/\/api.w.org\/{rel}","templated":true}]}}