{"id":3111,"date":"2026-04-05T19:15:11","date_gmt":"2026-04-05T22:15:11","guid":{"rendered":"https:\/\/maluvati.com.ar\/es\/?post_type=product&#038;p=3111"},"modified":"2026-04-05T19:16:21","modified_gmt":"2026-04-05T22:16:21","slug":"imanes-decorativos-varios-disenos","status":"publish","type":"product","link":"https:\/\/maluvati.com.ar\/es\/product\/imanes-decorativos-varios-disenos\/","title":{"rendered":"Imanes decorativos &#8211; Varios Dise\u00f1os"},"content":{"rendered":"<p>Hermosos imanes, con diferentes dise\u00f1os.<\/p>\n<p><em>Consult\u00e1 los motivos disponibles.<\/em><\/p>\n<p>Medidas placa de im\u00e1n:25x10cm<\/p>\n<p>Medida Redondo mdf: 6\/8cm aprox.<\/p>\n<p>Aguayo<\/p>\n<p>MDF 5cm<\/p>\n<p>Goma chico 2cm<\/p>\n<p>Goma mediano 5cm<\/p>\n<p>&nbsp;<\/p>\n<p>&nbsp;<\/p>\n<p>&nbsp;<\/p>\n","protected":false},"excerpt":{"rendered":"<p>Hermosos imanes, con diferentes dise\u00f1os. Consult\u00e1 los motivos disponibles. Medidas placa de im\u00e1n:25x10cm Medida Redondo mdf: 6\/8cm aprox. Aguayo MDF 5cm Goma chico 2cm Goma mediano 5cm &nbsp; &nbsp; &nbsp;<\/p>\n","protected":false},"featured_media":3133,"comment_status":"closed","ping_status":"closed","template":"","meta":[],"product_brand":[],"product_cat":[40,41],"product_tag":[],"class_list":{"0":"post-3111","1":"product","2":"type-product","3":"status-publish","4":"has-post-thumbnail","6":"product_cat-accesorios-en-madera","7":"product_cat-decoracion","9":"first","10":"instock","11":"shipping-taxable","12":"purchasable","13":"product-type-variable"},"_links":{"self":[{"href":"https:\/\/maluvati.com.ar\/es\/wp-json\/wp\/v2\/product\/3111","targetHints":{"allow":["GET"]}}],"collection":[{"href":"https:\/\/maluvati.com.ar\/es\/wp-json\/wp\/v2\/product"}],"about":[{"href":"https:\/\/maluvati.com.ar\/es\/wp-json\/wp\/v2\/types\/product"}],"replies":[{"embeddable":true,"href":"https:\/\/maluvati.com.ar\/es\/wp-json\/wp\/v2\/comments?post=3111"}],"wp:featuredmedia":[{"embeddable":true,"href":"https:\/\/maluvati.com.ar\/es\/wp-json\/wp\/v2\/media\/3133"}],"wp:attachment":[{"href":"https:\/\/maluvati.com.ar\/es\/wp-json\/wp\/v2\/media?parent=3111"}],"wp:term":[{"taxonomy":"product_brand","embeddable":true,"href":"https:\/\/maluvati.com.ar\/es\/wp-json\/wp\/v2\/product_brand?post=3111"},{"taxonomy":"product_cat","embeddable":true,"href":"https:\/\/maluvati.com.ar\/es\/wp-json\/wp\/v2\/product_cat?post=3111"},{"taxonomy":"product_tag","embeddable":true,"href":"https:\/\/maluvati.com.ar\/es\/wp-json\/wp\/v2\/product_tag?post=3111"}],"curies":[{"name":"wp","href":"https:\/\/api.w.org\/{rel}","templated":true}]}}