{"id":3112,"date":"2026-04-05T19:15:11","date_gmt":"2026-04-05T22:15:11","guid":{"rendered":"https:\/\/maluvati.com.ar\/es\/?post_type=product&#038;p=3112"},"modified":"2026-04-05T19:16:18","modified_gmt":"2026-04-05T22:16:18","slug":"japa-mala-45-o-108-cuentas","status":"publish","type":"product","link":"https:\/\/maluvati.com.ar\/es\/product\/japa-mala-45-o-108-cuentas\/","title":{"rendered":"Japa Mala 45 \u00f3 108 cuentas"},"content":{"rendered":"<p>Japa Mala 45 o 108 cuentas<\/p>\n<p>&nbsp;<\/p>\n<p>Un japa mala es un rosario de cuentas utilizado en pr\u00e1cticas espirituales como el hinduismo, budismo y otras tradiciones orientales, especialmente para la meditaci\u00f3n y la repetici\u00f3n de mantras. La palabra \u00abjapa\u00bb significa \u00abrepetir\u00bb y \u00abmala\u00bb significa \u00abguirnalda\u00bb o \u00abcollar\u00bb, por lo tanto, un japa mala es una herramienta para la repetici\u00f3n de mantras, ayudando a la concentraci\u00f3n y la conexi\u00f3n con el momento presente.<\/p>\n","protected":false},"excerpt":{"rendered":"<p>Japa Mala 45 o 108 cuentas &nbsp; Un japa mala es un rosario de cuentas utilizado en pr\u00e1cticas espirituales como el hinduismo, budismo y otras tradiciones orientales, especialmente para la meditaci\u00f3n y la repetici\u00f3n de mantras. La palabra \u00abjapa\u00bb significa \u00abrepetir\u00bb y \u00abmala\u00bb significa \u00abguirnalda\u00bb o \u00abcollar\u00bb, por lo tanto, un japa mala es una [&hellip;]<\/p>\n","protected":false},"featured_media":3135,"comment_status":"closed","ping_status":"closed","template":"","meta":[],"product_brand":[],"product_cat":[20],"product_tag":[],"class_list":{"0":"post-3112","1":"product","2":"type-product","3":"status-publish","4":"has-post-thumbnail","6":"product_cat-regaleria-y-accesorios-holisticos","8":"first","9":"instock","10":"sold-individually","11":"shipping-taxable","12":"purchasable","13":"product-type-variable"},"_links":{"self":[{"href":"https:\/\/maluvati.com.ar\/es\/wp-json\/wp\/v2\/product\/3112","targetHints":{"allow":["GET"]}}],"collection":[{"href":"https:\/\/maluvati.com.ar\/es\/wp-json\/wp\/v2\/product"}],"about":[{"href":"https:\/\/maluvati.com.ar\/es\/wp-json\/wp\/v2\/types\/product"}],"replies":[{"embeddable":true,"href":"https:\/\/maluvati.com.ar\/es\/wp-json\/wp\/v2\/comments?post=3112"}],"wp:featuredmedia":[{"embeddable":true,"href":"https:\/\/maluvati.com.ar\/es\/wp-json\/wp\/v2\/media\/3135"}],"wp:attachment":[{"href":"https:\/\/maluvati.com.ar\/es\/wp-json\/wp\/v2\/media?parent=3112"}],"wp:term":[{"taxonomy":"product_brand","embeddable":true,"href":"https:\/\/maluvati.com.ar\/es\/wp-json\/wp\/v2\/product_brand?post=3112"},{"taxonomy":"product_cat","embeddable":true,"href":"https:\/\/maluvati.com.ar\/es\/wp-json\/wp\/v2\/product_cat?post=3112"},{"taxonomy":"product_tag","embeddable":true,"href":"https:\/\/maluvati.com.ar\/es\/wp-json\/wp\/v2\/product_tag?post=3112"}],"curies":[{"name":"wp","href":"https:\/\/api.w.org\/{rel}","templated":true}]}}