{"id":3113,"date":"2026-04-05T19:15:11","date_gmt":"2026-04-05T22:15:11","guid":{"rendered":"https:\/\/maluvati.com.ar\/es\/?post_type=product&#038;p=3113"},"modified":"2026-04-05T19:16:21","modified_gmt":"2026-04-05T22:16:21","slug":"pulsera-ojo-turco-o-7-nudos","status":"publish","type":"product","link":"https:\/\/maluvati.com.ar\/es\/product\/pulsera-ojo-turco-o-7-nudos\/","title":{"rendered":"Pulsera Ojo Turco \u00f3 7 Nudos"},"content":{"rendered":"<p><em><strong>Pulsera Ojo Turco:<\/strong><\/em> Protejen de las malas energ\u00edas, repele la envidia y las malas vibraciones dirigidas hacia quien lo lleva.<\/p>\n<p><em><strong>Pulsera de 7 Nudos:<\/strong><\/em> amuleto con un significado profundo de protecci\u00f3n, buena suerte y conexi\u00f3n espiritual. Cada uno de los siete nudos representa una dimensi\u00f3n espiritual, como la protecci\u00f3n, la fuerza, la prosperidad, la calma, la gratitud, la uni\u00f3n y la intuici\u00f3n. Atrae energ\u00edas positivas, aleja las negativas y protege contra el\u00a0 mal de ojo y la envidia.-<\/p>\n<p>&nbsp;<\/p>\n<p>Consulte dispoinibilidad de colores de ojo turco y pulseras de los 7 nudos.-<\/p>\n<p>&nbsp;<\/p>\n<p>&nbsp;<\/p>\n","protected":false},"excerpt":{"rendered":"<p>Pulsera Ojo Turco: Protejen de las malas energ\u00edas, repele la envidia y las malas vibraciones dirigidas hacia quien lo lleva. Pulsera de 7 Nudos: amuleto con un significado profundo de protecci\u00f3n, buena suerte y conexi\u00f3n espiritual. Cada uno de los siete nudos representa una dimensi\u00f3n espiritual, como la protecci\u00f3n, la fuerza, la prosperidad, la calma, [&hellip;]<\/p>\n","protected":false},"featured_media":3136,"comment_status":"closed","ping_status":"closed","template":"","meta":[],"product_brand":[],"product_cat":[20],"product_tag":[],"class_list":{"0":"post-3113","1":"product","2":"type-product","3":"status-publish","4":"has-post-thumbnail","6":"product_cat-regaleria-y-accesorios-holisticos","8":"first","9":"instock","10":"shipping-taxable","11":"purchasable","12":"product-type-variable"},"_links":{"self":[{"href":"https:\/\/maluvati.com.ar\/es\/wp-json\/wp\/v2\/product\/3113","targetHints":{"allow":["GET"]}}],"collection":[{"href":"https:\/\/maluvati.com.ar\/es\/wp-json\/wp\/v2\/product"}],"about":[{"href":"https:\/\/maluvati.com.ar\/es\/wp-json\/wp\/v2\/types\/product"}],"replies":[{"embeddable":true,"href":"https:\/\/maluvati.com.ar\/es\/wp-json\/wp\/v2\/comments?post=3113"}],"wp:featuredmedia":[{"embeddable":true,"href":"https:\/\/maluvati.com.ar\/es\/wp-json\/wp\/v2\/media\/3136"}],"wp:attachment":[{"href":"https:\/\/maluvati.com.ar\/es\/wp-json\/wp\/v2\/media?parent=3113"}],"wp:term":[{"taxonomy":"product_brand","embeddable":true,"href":"https:\/\/maluvati.com.ar\/es\/wp-json\/wp\/v2\/product_brand?post=3113"},{"taxonomy":"product_cat","embeddable":true,"href":"https:\/\/maluvati.com.ar\/es\/wp-json\/wp\/v2\/product_cat?post=3113"},{"taxonomy":"product_tag","embeddable":true,"href":"https:\/\/maluvati.com.ar\/es\/wp-json\/wp\/v2\/product_tag?post=3113"}],"curies":[{"name":"wp","href":"https:\/\/api.w.org\/{rel}","templated":true}]}}