{"id":3140,"date":"2026-04-05T19:15:17","date_gmt":"2026-04-05T22:15:17","guid":{"rendered":"https:\/\/maluvati.com.ar\/es\/?post_type=product&#038;p=3140"},"modified":"2026-04-05T19:16:18","modified_gmt":"2026-04-05T22:16:18","slug":"piedras-chicas-o-medianas","status":"publish","type":"product","link":"https:\/\/maluvati.com.ar\/es\/product\/piedras-chicas-o-medianas\/","title":{"rendered":"Piedras chicas \u00f3 medianas"},"content":{"rendered":"<p>Hermosisimas piedras<\/p>\n<p>Diferentes piedras y tama\u00f1os, consulte disponibilidad.<\/p>\n<p>&nbsp;<\/p>\n<p>Puede haber variedad en:<\/p>\n<p>\u00e1gata fucsia<\/p>\n<p>\u00e1gata violeta<\/p>\n<p>\u00e1gata azul<\/p>\n<p>\u00e1gata verde<\/p>\n<p>\u00e1gata cornalina<\/p>\n<p>cuarzo verde<\/p>\n<p>cuarzo rosa<\/p>\n<p>cuarzo verde<\/p>\n<p>serpentina<\/p>\n<p>obsidiana<\/p>\n<p>hematite<\/p>\n<p>jaspe marr\u00f3n<\/p>\n<p>&nbsp;<\/p>\n<p>&nbsp;<\/p>\n<p>&nbsp;<\/p>\n<p>&nbsp;<\/p>\n","protected":false},"excerpt":{"rendered":"<p>Hermosisimas piedras Diferentes piedras y tama\u00f1os, consulte disponibilidad. &nbsp; Puede haber variedad en: \u00e1gata fucsia \u00e1gata violeta \u00e1gata azul \u00e1gata verde \u00e1gata cornalina cuarzo verde cuarzo rosa cuarzo verde serpentina obsidiana hematite jaspe marr\u00f3n &nbsp; &nbsp; &nbsp; &nbsp;<\/p>\n","protected":false},"featured_media":3167,"comment_status":"closed","ping_status":"closed","template":"","meta":[],"product_brand":[],"product_cat":[20],"product_tag":[],"class_list":{"0":"post-3140","1":"product","2":"type-product","3":"status-publish","4":"has-post-thumbnail","6":"product_cat-regaleria-y-accesorios-holisticos","8":"first","9":"instock","10":"shipping-taxable","11":"purchasable","12":"product-type-variable"},"_links":{"self":[{"href":"https:\/\/maluvati.com.ar\/es\/wp-json\/wp\/v2\/product\/3140","targetHints":{"allow":["GET"]}}],"collection":[{"href":"https:\/\/maluvati.com.ar\/es\/wp-json\/wp\/v2\/product"}],"about":[{"href":"https:\/\/maluvati.com.ar\/es\/wp-json\/wp\/v2\/types\/product"}],"replies":[{"embeddable":true,"href":"https:\/\/maluvati.com.ar\/es\/wp-json\/wp\/v2\/comments?post=3140"}],"wp:featuredmedia":[{"embeddable":true,"href":"https:\/\/maluvati.com.ar\/es\/wp-json\/wp\/v2\/media\/3167"}],"wp:attachment":[{"href":"https:\/\/maluvati.com.ar\/es\/wp-json\/wp\/v2\/media?parent=3140"}],"wp:term":[{"taxonomy":"product_brand","embeddable":true,"href":"https:\/\/maluvati.com.ar\/es\/wp-json\/wp\/v2\/product_brand?post=3140"},{"taxonomy":"product_cat","embeddable":true,"href":"https:\/\/maluvati.com.ar\/es\/wp-json\/wp\/v2\/product_cat?post=3140"},{"taxonomy":"product_tag","embeddable":true,"href":"https:\/\/maluvati.com.ar\/es\/wp-json\/wp\/v2\/product_tag?post=3140"}],"curies":[{"name":"wp","href":"https:\/\/api.w.org\/{rel}","templated":true}]}}