{"id":3143,"date":"2026-04-05T19:15:17","date_gmt":"2026-04-05T22:15:17","guid":{"rendered":"https:\/\/maluvati.com.ar\/es\/?post_type=product&#038;p=3143"},"modified":"2026-04-05T19:16:18","modified_gmt":"2026-04-05T22:16:18","slug":"hornillo-electrico","status":"publish","type":"product","link":"https:\/\/maluvati.com.ar\/es\/product\/hornillo-electrico\/","title":{"rendered":"Hornillo El\u00e9ctrico"},"content":{"rendered":"<p>\u00a1Tu aliado para las esencias!<\/p>\n<p>\u00a1Hornillo El\u00e9ctrico, chau velitas!<\/p>\n<p>&nbsp;<\/p>\n<p>*Consulte dise\u00f1os y tama\u00f1os disponibles<\/p>\n<p>&nbsp;<\/p>\n","protected":false},"excerpt":{"rendered":"<p>\u00a1Tu aliado para las esencias! \u00a1Hornillo El\u00e9ctrico, chau velitas! &nbsp; *Consulte dise\u00f1os y tama\u00f1os disponibles &nbsp;<\/p>\n","protected":false},"featured_media":3170,"comment_status":"closed","ping_status":"closed","template":"","meta":[],"product_brand":[],"product_cat":[58,20],"product_tag":[],"class_list":{"0":"post-3143","1":"product","2":"type-product","3":"status-publish","4":"has-post-thumbnail","6":"product_cat-hornillo","7":"product_cat-regaleria-y-accesorios-holisticos","9":"first","10":"instock","11":"sold-individually","12":"shipping-taxable","13":"purchasable","14":"product-type-variable"},"_links":{"self":[{"href":"https:\/\/maluvati.com.ar\/es\/wp-json\/wp\/v2\/product\/3143","targetHints":{"allow":["GET"]}}],"collection":[{"href":"https:\/\/maluvati.com.ar\/es\/wp-json\/wp\/v2\/product"}],"about":[{"href":"https:\/\/maluvati.com.ar\/es\/wp-json\/wp\/v2\/types\/product"}],"replies":[{"embeddable":true,"href":"https:\/\/maluvati.com.ar\/es\/wp-json\/wp\/v2\/comments?post=3143"}],"wp:featuredmedia":[{"embeddable":true,"href":"https:\/\/maluvati.com.ar\/es\/wp-json\/wp\/v2\/media\/3170"}],"wp:attachment":[{"href":"https:\/\/maluvati.com.ar\/es\/wp-json\/wp\/v2\/media?parent=3143"}],"wp:term":[{"taxonomy":"product_brand","embeddable":true,"href":"https:\/\/maluvati.com.ar\/es\/wp-json\/wp\/v2\/product_brand?post=3143"},{"taxonomy":"product_cat","embeddable":true,"href":"https:\/\/maluvati.com.ar\/es\/wp-json\/wp\/v2\/product_cat?post=3143"},{"taxonomy":"product_tag","embeddable":true,"href":"https:\/\/maluvati.com.ar\/es\/wp-json\/wp\/v2\/product_tag?post=3143"}],"curies":[{"name":"wp","href":"https:\/\/api.w.org\/{rel}","templated":true}]}}