{"id":3146,"date":"2026-04-05T19:15:17","date_gmt":"2026-04-05T22:15:17","guid":{"rendered":"https:\/\/maluvati.com.ar\/es\/?post_type=product&#038;p=3146"},"modified":"2026-04-05T19:16:27","modified_gmt":"2026-04-05T22:16:27","slug":"esferas-magicas-aromanza","status":"publish","type":"product","link":"https:\/\/maluvati.com.ar\/es\/product\/esferas-magicas-aromanza\/","title":{"rendered":"Esferas M\u00e1gicas &#8211; Aromanza"},"content":{"rendered":"<p>Tu complemento ideal a la hora de sahumar.<\/p>\n<ul>\n<li>Caja de 4 unidades<\/li>\n<\/ul>\n<p>Aromas :<\/p>\n<ul>\n<li>Divina Ofrenda<\/li>\n<li>Purificaci\u00f3n<\/li>\n<li>Abundancia<\/li>\n<li>Abre Caminos<\/li>\n<li>Limpieza<\/li>\n<li>Armon\u00eda<\/li>\n<li>Bienestar<\/li>\n<li>Defumaci\u00f3n<\/li>\n<li>Destrabe<\/li>\n<li>Protecci\u00f3n<\/li>\n<li>4 elementos<\/li>\n<li>Naranja pimienta<\/li>\n<li>Fortuna<\/li>\n<\/ul>\n<p>&nbsp;<\/p>\n<p>Consult\u00e1 disponibilidad.<\/p>\n<p>*Precio publicado por Caja de 4 unidad.<\/p>\n<p>&nbsp;<\/p>\n<p>&nbsp;<\/p>\n","protected":false},"excerpt":{"rendered":"<p>Tu complemento ideal a la hora de sahumar. Caja de 4 unidades Aromas : Divina Ofrenda Purificaci\u00f3n Abundancia Abre Caminos Limpieza Armon\u00eda Bienestar Defumaci\u00f3n Destrabe Protecci\u00f3n 4 elementos Naranja pimienta Fortuna &nbsp; Consult\u00e1 disponibilidad. *Precio publicado por Caja de 4 unidad. &nbsp; &nbsp;<\/p>\n","protected":false},"featured_media":3173,"comment_status":"closed","ping_status":"closed","template":"","meta":[],"product_brand":[],"product_cat":[19],"product_tag":[],"class_list":{"0":"post-3146","1":"product","2":"type-product","3":"status-publish","4":"has-post-thumbnail","6":"product_cat-bombitas-defumacion","8":"first","9":"instock","10":"shipping-taxable","11":"purchasable","12":"product-type-variable"},"_links":{"self":[{"href":"https:\/\/maluvati.com.ar\/es\/wp-json\/wp\/v2\/product\/3146","targetHints":{"allow":["GET"]}}],"collection":[{"href":"https:\/\/maluvati.com.ar\/es\/wp-json\/wp\/v2\/product"}],"about":[{"href":"https:\/\/maluvati.com.ar\/es\/wp-json\/wp\/v2\/types\/product"}],"replies":[{"embeddable":true,"href":"https:\/\/maluvati.com.ar\/es\/wp-json\/wp\/v2\/comments?post=3146"}],"wp:featuredmedia":[{"embeddable":true,"href":"https:\/\/maluvati.com.ar\/es\/wp-json\/wp\/v2\/media\/3173"}],"wp:attachment":[{"href":"https:\/\/maluvati.com.ar\/es\/wp-json\/wp\/v2\/media?parent=3146"}],"wp:term":[{"taxonomy":"product_brand","embeddable":true,"href":"https:\/\/maluvati.com.ar\/es\/wp-json\/wp\/v2\/product_brand?post=3146"},{"taxonomy":"product_cat","embeddable":true,"href":"https:\/\/maluvati.com.ar\/es\/wp-json\/wp\/v2\/product_cat?post=3146"},{"taxonomy":"product_tag","embeddable":true,"href":"https:\/\/maluvati.com.ar\/es\/wp-json\/wp\/v2\/product_tag?post=3146"}],"curies":[{"name":"wp","href":"https:\/\/api.w.org\/{rel}","templated":true}]}}