{"id":3147,"date":"2026-04-05T19:15:17","date_gmt":"2026-04-05T22:15:17","guid":{"rendered":"https:\/\/maluvati.com.ar\/es\/?post_type=product&#038;p=3147"},"modified":"2026-04-05T19:17:29","modified_gmt":"2026-04-05T22:17:29","slug":"resinas-y-hierbas-variedades","status":"publish","type":"product","link":"https:\/\/maluvati.com.ar\/es\/product\/resinas-y-hierbas-variedades\/","title":{"rendered":"Resinas y Hierbas &#8211; Variedades"},"content":{"rendered":"<p>A la hora de sahumar podr\u00e1s complementar tu carb\u00f3n activado con resinas o hierbas.<\/p>\n<p>Tenemos muchas opciones para que puedas utilizar:<\/p>\n<ul>\n<li><em><strong>Alcanfor:\u00a0<\/strong><\/em>Purifica y protege de energ\u00edas negativas. Promueve la armon\u00eda y la paz. Estimula la intuici\u00f3n y conexi\u00f3n espiritual.<\/li>\n<li><em><strong>Almizcle: <\/strong><\/em><span class=\"OYPEnA font-feature-liga-off font-feature-clig-off font-feature-calt-off text-decoration-none text-strikethrough-none\">Logra magnetizar los lugares de forma positiva y ayuda a encontrar la paz interior.<\/span><\/li>\n<li><em><strong>Benjui:<\/strong><\/em> <span class=\"OYPEnA text-decoration-none text-strikethrough-none\">Armoniza, purifica y limpia ambientes, es un gran absorbente de energ\u00edas negativas. Muy utilizada para frenar las negatividades originadas por la envidia.<\/span><\/li>\n<li><em><strong>Incienso: <\/strong><\/em><span class=\"OYPEnA text-decoration-none text-strikethrough-none\">Atrae amoy y fortuna. Equilibra la pasi\u00f3n y la ambiciones humanas. Aporta crecimiento personal, la capacidad de liderar y de triunfar.<\/span><\/li>\n<li><em><strong>Lavanda: <\/strong><\/em><span class=\"OYPEnA text-decoration-none text-strikethrough-none\">Descarga, limpia, aleja el miedo. Remueve las malas vibras en el trabajo e impulsa prosperamente la actividad comercial. Relaja, reduce el estr\u00e9s.<\/span><\/li>\n<li><strong><em>Yagra: <\/em><\/strong><span class=\"OYPEnA text-decoration-none text-strikethrough-none\">Tiene el poder de atraer abundancia, prosperidad, abrir los caminos y atraer el dinero.<\/span><\/li>\n<li><strong><em>Mirra: <\/em><\/strong><span class=\"OYPEnA text-decoration-none text-strikethrough-none\">Protector universal. Protege contra todo mal o da\u00f1o que vayas a recibir. Bueno para la meditaci\u00f3n, limpieza de personas y lugares. Potencia los rituales. Aleja energ\u00edas malas.<\/span><\/li>\n<li><em><strong>Nag Champa:<\/strong><\/em> <span class=\"OYPEnA text-decoration-none text-strikethrough-none\">Estimula la espiritualidad y la meditaci\u00f3n. De aroma dulce y suave, es ideal para la meditacion, clases de yoga, o perfumar salas.<\/span><\/li>\n<li><strong><em>Estoraque: <\/em><\/strong>Purificador de ambientes, atrae energ\u00edas positivas, dinero, prosperidad material. Calma y relaja la mente y el cuerpo.<\/li>\n<li><strong><em>Sangre de Drago:<\/em><\/strong> Crea un escudo protector contra la energ\u00eda negativa, se utiliza para limpieza y ayuda a meditar.<\/li>\n<li><em><strong>Palo Santo:\u00a0<\/strong><\/em> <span class=\"OYPEnA text-decoration-none text-strikethrough-none\">Expulsa las energ\u00edas negativas y atrae las positivas. Limpia y purifica los ambientes. Alivia tensi\u00f3n nerviosa y ayuda a controlar el estr\u00e9s.<\/span><\/li>\n<li><span class=\"OYPEnA font-feature-liga-off font-feature-clig-off font-feature-calt-off text-decoration-none text-strikethrough-none\"><em><strong>S\u00e1ndalo: <\/strong><\/em>Relaja el cuerpo y tranquiliza la mente, otorgando suerte y fortuna, paz interior. Excelente para la meditaci\u00f3n y relajaci\u00f3n.<\/span><\/li>\n<li><em><strong>Laurel:<\/strong><\/em><em> <span class=\"OYPEnA font-feature-liga-off font-feature-clig-off font-feature-calt-off text-decoration-none text-strikethrough-none\">Limpia energ\u00edas, purifica los ambientes y las mentes. Indicado para el amor y la buena suerte.<\/span><\/em><\/li>\n<li><em><strong>Romero:<\/strong>Para la buena suerte. Protecci\u00f3n y limpieza de personas y casas. Afianza la seguridad en uno mismo. Contra el odio y el temor. Aclara la mente.<\/em><\/li>\n<li><em><strong>Ruda:\u00a0<\/strong><\/em><em><span class=\"OYPEnA font-feature-liga-off font-feature-clig-off font-feature-calt-off text-decoration-none text-strikethrough-none\">S\u00edmbolo de protecci\u00f3n en el hogar. Aleja las malas energ\u00edas y las influencias negativas.<\/span><\/em><\/li>\n<li><em><strong>Azufre: <\/strong>se asocia con la transformaci\u00f3n, purificaci\u00f3n y protecci\u00f3n. Se le considera un s\u00edmbolo de poder, vitalidad y fuego, y a menudo se utiliza en rituales para alejar energ\u00edas negativas y fortalecer la conexi\u00f3n con lo divino.<\/em><\/li>\n<li><em><strong>Salvia:<\/strong> para limpiar espacios, tiene un significado espiritual profundo. Se asocia con la sabidur\u00eda, la protecci\u00f3n, la purificaci\u00f3n y la conexi\u00f3n con lo divino.<\/em><\/li>\n<li><strong><em>Mix: <\/em><\/strong>contrayerba, laurel, romero, ruda, salvia<\/li>\n<\/ul>\n<p>&nbsp;<\/p>\n<p>Todas vienen en bolsitas, diferentes cantidades seg\u00fan la hierba \u00f3 resina.<\/p>\n<p>Consulte disponible.-<\/p>\n","protected":false},"excerpt":{"rendered":"<p>A la hora de sahumar podr\u00e1s complementar tu carb\u00f3n activado con resinas o hierbas. Tenemos muchas opciones para que puedas utilizar: Alcanfor:\u00a0Purifica y protege de energ\u00edas negativas. Promueve la armon\u00eda y la paz. Estimula la intuici\u00f3n y conexi\u00f3n espiritual. Almizcle: Logra magnetizar los lugares de forma positiva y ayuda a encontrar la paz interior. Benjui: [&hellip;]<\/p>\n","protected":false},"featured_media":3174,"comment_status":"closed","ping_status":"closed","template":"","meta":[],"product_brand":[],"product_cat":[65],"product_tag":[],"class_list":{"0":"post-3147","1":"product","2":"type-product","3":"status-publish","4":"has-post-thumbnail","6":"product_cat-hierbas-y-resinas","8":"first","9":"instock","10":"shipping-taxable","11":"purchasable","12":"product-type-variable"},"_links":{"self":[{"href":"https:\/\/maluvati.com.ar\/es\/wp-json\/wp\/v2\/product\/3147","targetHints":{"allow":["GET"]}}],"collection":[{"href":"https:\/\/maluvati.com.ar\/es\/wp-json\/wp\/v2\/product"}],"about":[{"href":"https:\/\/maluvati.com.ar\/es\/wp-json\/wp\/v2\/types\/product"}],"replies":[{"embeddable":true,"href":"https:\/\/maluvati.com.ar\/es\/wp-json\/wp\/v2\/comments?post=3147"}],"wp:featuredmedia":[{"embeddable":true,"href":"https:\/\/maluvati.com.ar\/es\/wp-json\/wp\/v2\/media\/3174"}],"wp:attachment":[{"href":"https:\/\/maluvati.com.ar\/es\/wp-json\/wp\/v2\/media?parent=3147"}],"wp:term":[{"taxonomy":"product_brand","embeddable":true,"href":"https:\/\/maluvati.com.ar\/es\/wp-json\/wp\/v2\/product_brand?post=3147"},{"taxonomy":"product_cat","embeddable":true,"href":"https:\/\/maluvati.com.ar\/es\/wp-json\/wp\/v2\/product_cat?post=3147"},{"taxonomy":"product_tag","embeddable":true,"href":"https:\/\/maluvati.com.ar\/es\/wp-json\/wp\/v2\/product_tag?post=3147"}],"curies":[{"name":"wp","href":"https:\/\/api.w.org\/{rel}","templated":true}]}}