{"id":3198,"date":"2026-04-05T19:15:25","date_gmt":"2026-04-05T22:15:25","guid":{"rendered":"https:\/\/maluvati.com.ar\/es\/?post_type=product&#038;p=3198"},"modified":"2026-04-05T19:16:18","modified_gmt":"2026-04-05T22:16:18","slug":"porta-vela-porta-velon","status":"publish","type":"product","link":"https:\/\/maluvati.com.ar\/es\/product\/porta-vela-porta-velon\/","title":{"rendered":"Porta Vela \/ Porta Vel\u00f3n"},"content":{"rendered":"<p>Porta Vela metal &#8211; Varios dise\u00f1os \/ Porta Vel\u00f3n r\u00fastico<\/p>\n<p>La soluci\u00f3n para prender tus velas!<\/p>\n<p>&nbsp;<\/p>\n<p>*Precio publicado por unidad<\/p>\n<p>Consulte motivos disponibles<\/p>\n<p>&nbsp;<\/p>\n<p>&nbsp;<\/p>\n","protected":false},"excerpt":{"rendered":"<p>Porta Vela metal &#8211; Varios dise\u00f1os \/ Porta Vel\u00f3n r\u00fastico La soluci\u00f3n para prender tus velas! &nbsp; *Precio publicado por unidad Consulte motivos disponibles &nbsp; &nbsp;<\/p>\n","protected":false},"featured_media":3214,"comment_status":"closed","ping_status":"closed","template":"","meta":[],"product_brand":[],"product_cat":[20,27,29],"product_tag":[],"class_list":{"0":"post-3198","1":"product","2":"type-product","3":"status-publish","4":"has-post-thumbnail","6":"product_cat-regaleria-y-accesorios-holisticos","7":"product_cat-vela","8":"product_cat-velas","10":"first","11":"instock","12":"sold-individually","13":"shipping-taxable","14":"purchasable","15":"product-type-variable"},"_links":{"self":[{"href":"https:\/\/maluvati.com.ar\/es\/wp-json\/wp\/v2\/product\/3198","targetHints":{"allow":["GET"]}}],"collection":[{"href":"https:\/\/maluvati.com.ar\/es\/wp-json\/wp\/v2\/product"}],"about":[{"href":"https:\/\/maluvati.com.ar\/es\/wp-json\/wp\/v2\/types\/product"}],"replies":[{"embeddable":true,"href":"https:\/\/maluvati.com.ar\/es\/wp-json\/wp\/v2\/comments?post=3198"}],"wp:featuredmedia":[{"embeddable":true,"href":"https:\/\/maluvati.com.ar\/es\/wp-json\/wp\/v2\/media\/3214"}],"wp:attachment":[{"href":"https:\/\/maluvati.com.ar\/es\/wp-json\/wp\/v2\/media?parent=3198"}],"wp:term":[{"taxonomy":"product_brand","embeddable":true,"href":"https:\/\/maluvati.com.ar\/es\/wp-json\/wp\/v2\/product_brand?post=3198"},{"taxonomy":"product_cat","embeddable":true,"href":"https:\/\/maluvati.com.ar\/es\/wp-json\/wp\/v2\/product_cat?post=3198"},{"taxonomy":"product_tag","embeddable":true,"href":"https:\/\/maluvati.com.ar\/es\/wp-json\/wp\/v2\/product_tag?post=3198"}],"curies":[{"name":"wp","href":"https:\/\/api.w.org\/{rel}","templated":true}]}}