{"id":3233,"date":"2026-04-05T19:15:33","date_gmt":"2026-04-05T22:15:33","guid":{"rendered":"https:\/\/maluvati.com.ar\/es\/?post_type=product&#038;p=3233"},"modified":"2026-04-05T19:16:24","modified_gmt":"2026-04-05T22:16:24","slug":"tapas-de-silicona","status":"publish","type":"product","link":"https:\/\/maluvati.com.ar\/es\/product\/tapas-de-silicona\/","title":{"rendered":"Tapas de Silicona"},"content":{"rendered":"<p>Tapas de Silicona<\/p>\n<ul>\n<li>Tapa botella corona con orificio<\/li>\n<li>Tap\u00f3n botella pvc con pesta\u00f1a<\/li>\n<li>Tapa botella corona<\/li>\n<li>Tapa silicona Cerveza<\/li>\n<\/ul>\n<p>Consult\u00e1 disponibles<\/p>\n<p>&nbsp;<\/p>\n<p>&nbsp;<\/p>\n","protected":false},"excerpt":{"rendered":"<p>Tapas de Silicona Tapa botella corona con orificio Tap\u00f3n botella pvc con pesta\u00f1a Tapa botella corona Tapa silicona Cerveza Consult\u00e1 disponibles &nbsp; &nbsp;<\/p>\n","protected":false},"featured_media":3251,"comment_status":"closed","ping_status":"closed","template":"","meta":[],"product_brand":[],"product_cat":[24],"product_tag":[],"class_list":{"0":"post-3233","1":"product","2":"type-product","3":"status-publish","4":"has-post-thumbnail","6":"product_cat-accesorios-hogar-y-personal","8":"first","9":"instock","10":"shipping-taxable","11":"purchasable","12":"product-type-variable"},"_links":{"self":[{"href":"https:\/\/maluvati.com.ar\/es\/wp-json\/wp\/v2\/product\/3233","targetHints":{"allow":["GET"]}}],"collection":[{"href":"https:\/\/maluvati.com.ar\/es\/wp-json\/wp\/v2\/product"}],"about":[{"href":"https:\/\/maluvati.com.ar\/es\/wp-json\/wp\/v2\/types\/product"}],"replies":[{"embeddable":true,"href":"https:\/\/maluvati.com.ar\/es\/wp-json\/wp\/v2\/comments?post=3233"}],"wp:featuredmedia":[{"embeddable":true,"href":"https:\/\/maluvati.com.ar\/es\/wp-json\/wp\/v2\/media\/3251"}],"wp:attachment":[{"href":"https:\/\/maluvati.com.ar\/es\/wp-json\/wp\/v2\/media?parent=3233"}],"wp:term":[{"taxonomy":"product_brand","embeddable":true,"href":"https:\/\/maluvati.com.ar\/es\/wp-json\/wp\/v2\/product_brand?post=3233"},{"taxonomy":"product_cat","embeddable":true,"href":"https:\/\/maluvati.com.ar\/es\/wp-json\/wp\/v2\/product_cat?post=3233"},{"taxonomy":"product_tag","embeddable":true,"href":"https:\/\/maluvati.com.ar\/es\/wp-json\/wp\/v2\/product_tag?post=3233"}],"curies":[{"name":"wp","href":"https:\/\/api.w.org\/{rel}","templated":true}]}}