{"id":3237,"date":"2026-04-05T19:15:33","date_gmt":"2026-04-05T22:15:33","guid":{"rendered":"https:\/\/maluvati.com.ar\/es\/?post_type=product&#038;p=3237"},"modified":"2026-04-05T19:16:38","modified_gmt":"2026-04-05T22:16:38","slug":"gomas-de-borrar-formas-comida-o-emoji","status":"publish","type":"product","link":"https:\/\/maluvati.com.ar\/es\/product\/gomas-de-borrar-formas-comida-o-emoji\/","title":{"rendered":"Gomas de borrar formas comida \u00f3 Emoji"},"content":{"rendered":"<p>Hermosas Gomas de borrar formas comida \u00f3 emoji de diferentes motivos. Ideales para un regalo especial, o para hacer tus dias m\u00e1s lindos.<\/p>\n<p>&nbsp;<\/p>\n<p>\u00a1Consultanos disponibilidad!<\/p>\n<p>&nbsp;<\/p>\n","protected":false},"excerpt":{"rendered":"<p>Hermosas Gomas de borrar formas comida \u00f3 emoji de diferentes motivos. Ideales para un regalo especial, o para hacer tus dias m\u00e1s lindos. &nbsp; \u00a1Consultanos disponibilidad! &nbsp;<\/p>\n","protected":false},"featured_media":3255,"comment_status":"closed","ping_status":"closed","template":"","meta":[],"product_brand":[],"product_cat":[55],"product_tag":[],"class_list":{"0":"post-3237","1":"product","2":"type-product","3":"status-publish","4":"has-post-thumbnail","6":"product_cat-libreria-de-diseno","8":"first","9":"instock","10":"sold-individually","11":"shipping-taxable","12":"purchasable","13":"product-type-variable"},"_links":{"self":[{"href":"https:\/\/maluvati.com.ar\/es\/wp-json\/wp\/v2\/product\/3237","targetHints":{"allow":["GET"]}}],"collection":[{"href":"https:\/\/maluvati.com.ar\/es\/wp-json\/wp\/v2\/product"}],"about":[{"href":"https:\/\/maluvati.com.ar\/es\/wp-json\/wp\/v2\/types\/product"}],"replies":[{"embeddable":true,"href":"https:\/\/maluvati.com.ar\/es\/wp-json\/wp\/v2\/comments?post=3237"}],"wp:featuredmedia":[{"embeddable":true,"href":"https:\/\/maluvati.com.ar\/es\/wp-json\/wp\/v2\/media\/3255"}],"wp:attachment":[{"href":"https:\/\/maluvati.com.ar\/es\/wp-json\/wp\/v2\/media?parent=3237"}],"wp:term":[{"taxonomy":"product_brand","embeddable":true,"href":"https:\/\/maluvati.com.ar\/es\/wp-json\/wp\/v2\/product_brand?post=3237"},{"taxonomy":"product_cat","embeddable":true,"href":"https:\/\/maluvati.com.ar\/es\/wp-json\/wp\/v2\/product_cat?post=3237"},{"taxonomy":"product_tag","embeddable":true,"href":"https:\/\/maluvati.com.ar\/es\/wp-json\/wp\/v2\/product_tag?post=3237"}],"curies":[{"name":"wp","href":"https:\/\/api.w.org\/{rel}","templated":true}]}}