{"id":3571,"date":"2026-04-05T19:16:11","date_gmt":"2026-04-05T22:16:11","guid":{"rendered":"https:\/\/maluvati.com.ar\/es\/?post_type=product&#038;p=3571"},"modified":"2026-04-05T19:17:29","modified_gmt":"2026-04-05T22:17:29","slug":"velas-largas-lisas","status":"publish","type":"product","link":"https:\/\/maluvati.com.ar\/es\/product\/velas-largas-lisas\/","title":{"rendered":"Velas Largas: Lisas"},"content":{"rendered":"<p>Velas Largas &#8211; Lisas<\/p>\n<p>Consulte colores disponibles.<\/p>\n<ul>\n<li>Blanca<\/li>\n<li>Negra<\/li>\n<li>Marr\u00f3n<\/li>\n<li>Rosa<\/li>\n<li>Naranja<\/li>\n<li>Roja<\/li>\n<li>Celeste<\/li>\n<li>Azul<\/li>\n<li>Violeta<\/li>\n<li>|Amarilla<\/li>\n<li>Verde<\/li>\n<\/ul>\n<p>&nbsp;<\/p>\n<p>Precio por unidad \u00f3 PROMO X 5 \u00d3 10 UNIDADES (color surtido o iguales, dependiendo stock)<\/p>\n<p>&nbsp;<\/p>\n","protected":false},"excerpt":{"rendered":"<p>Velas Largas &#8211; Lisas Consulte colores disponibles. Blanca Negra Marr\u00f3n Rosa Naranja Roja Celeste Azul Violeta |Amarilla Verde &nbsp; Precio por unidad \u00f3 PROMO X 5 \u00d3 10 UNIDADES (color surtido o iguales, dependiendo stock) &nbsp;<\/p>\n","protected":false},"featured_media":3597,"comment_status":"closed","ping_status":"closed","template":"","meta":[],"product_brand":[],"product_cat":[27,29],"product_tag":[],"class_list":{"0":"post-3571","1":"product","2":"type-product","3":"status-publish","4":"has-post-thumbnail","6":"product_cat-vela","7":"product_cat-velas","9":"first","10":"instock","11":"shipping-taxable","12":"purchasable","13":"product-type-variable"},"_links":{"self":[{"href":"https:\/\/maluvati.com.ar\/es\/wp-json\/wp\/v2\/product\/3571","targetHints":{"allow":["GET"]}}],"collection":[{"href":"https:\/\/maluvati.com.ar\/es\/wp-json\/wp\/v2\/product"}],"about":[{"href":"https:\/\/maluvati.com.ar\/es\/wp-json\/wp\/v2\/types\/product"}],"replies":[{"embeddable":true,"href":"https:\/\/maluvati.com.ar\/es\/wp-json\/wp\/v2\/comments?post=3571"}],"wp:featuredmedia":[{"embeddable":true,"href":"https:\/\/maluvati.com.ar\/es\/wp-json\/wp\/v2\/media\/3597"}],"wp:attachment":[{"href":"https:\/\/maluvati.com.ar\/es\/wp-json\/wp\/v2\/media?parent=3571"}],"wp:term":[{"taxonomy":"product_brand","embeddable":true,"href":"https:\/\/maluvati.com.ar\/es\/wp-json\/wp\/v2\/product_brand?post=3571"},{"taxonomy":"product_cat","embeddable":true,"href":"https:\/\/maluvati.com.ar\/es\/wp-json\/wp\/v2\/product_cat?post=3571"},{"taxonomy":"product_tag","embeddable":true,"href":"https:\/\/maluvati.com.ar\/es\/wp-json\/wp\/v2\/product_tag?post=3571"}],"curies":[{"name":"wp","href":"https:\/\/api.w.org\/{rel}","templated":true}]}}