{"id":3573,"date":"2026-04-05T19:16:11","date_gmt":"2026-04-05T22:16:11","guid":{"rendered":"https:\/\/maluvati.com.ar\/es\/?post_type=product&#038;p=3573"},"modified":"2026-04-05T19:16:59","modified_gmt":"2026-04-05T22:16:59","slug":"sahumerios-5-elementos-sagrada-madre","status":"publish","type":"product","link":"https:\/\/maluvati.com.ar\/es\/product\/sahumerios-5-elementos-sagrada-madre\/","title":{"rendered":"Sahumerios 5 Elementos &#8211; Sagrada Madre"},"content":{"rendered":"<p>Sahumerios<em> 5 Elementos<\/em><\/p>\n<p>Contenido: 6 varillas gruesas de duraci\u00f3n extra<br \/>\nDuraci\u00f3n: cada varilla dura 1 hora<\/p>\n<p>Variedad:<\/p>\n<ul>\n<li><strong>Agua (Renacer):<\/strong> El aroma puro del Olibano junto a la frescura del lemongrass invitan a fluir en las aguas de la inclusi\u00f3n y aceptaci\u00f3n. <strong>Signos:\u00a0<em>C\u00e1ncer, Escorpio, Piscis.<\/em><\/strong><\/li>\n<\/ul>\n<p>&nbsp;<\/p>\n<ul>\n<li><strong>Aire (Alegr\u00eda):<\/strong> La dulce y fresca fragancia de la flor de \u00c1rbol del Para\u00edso, originalmente de los Himalayas pero muy prominente en Am\u00e9rica del Sur, aliviana los pensamientos y libera el esp\u00edritu. <strong>Signos:<\/strong>\u00a0<strong><em>G\u00e9minis, Libra, Acuario.<\/em><\/strong><\/li>\n<\/ul>\n<p>&nbsp;<\/p>\n<ul>\n<li><strong>Fuego (Fuerza):<\/strong> La excitante fragancia de la sangre de drag\u00f3n, enciende tu fuerza y te da protecci\u00f3n.\u00a0<strong>Signos: <em>Aries, Leo, Sagitario.<\/em><\/strong><\/li>\n<\/ul>\n<p>&nbsp;<\/p>\n<ul>\n<li><strong>Tierra (Armon\u00eda):<\/strong> El c\u00e1lido aroma del Palo Santo da estabilidad y confianza, combinado la vibrante fragancia del jengibre activan la conexi\u00f3n con la madre tierra.\u00a0<strong>Signos:<em> Tauro, Virgo, Capricornio.<\/em><\/strong><\/li>\n<\/ul>\n<p>&nbsp;<\/p>\n<ul>\n<li><strong>\u00c9ter (Claridad):<\/strong> El transformador aroma del incienso envuelto en la apasionante fragancia de la reina de la noche, brindan la claridad para vivir la maravilla del momento presente.<\/li>\n<\/ul>\n<p>&nbsp;<\/p>\n<p>&nbsp;<\/p>\n<p>*Precio publicado por cajita.<\/p>\n<p>*Consulte variedades disponibles debido a las ventas presenciales<\/p>\n<p>&nbsp;<\/p>\n","protected":false},"excerpt":{"rendered":"<p>Sahumerios 5 Elementos Contenido: 6 varillas gruesas de duraci\u00f3n extra Duraci\u00f3n: cada varilla dura 1 hora Variedad: Agua (Renacer): El aroma puro del Olibano junto a la frescura del lemongrass invitan a fluir en las aguas de la inclusi\u00f3n y aceptaci\u00f3n. Signos:\u00a0C\u00e1ncer, Escorpio, Piscis. &nbsp; Aire (Alegr\u00eda): La dulce y fresca fragancia de la flor [&hellip;]<\/p>\n","protected":false},"featured_media":3599,"comment_status":"closed","ping_status":"closed","template":"","meta":[],"product_brand":[],"product_cat":[17,23],"product_tag":[],"class_list":{"0":"post-3573","1":"product","2":"type-product","3":"status-publish","4":"has-post-thumbnail","6":"product_cat-holistica-y-esoterico","7":"product_cat-sahumerios","9":"first","10":"instock","11":"shipping-taxable","12":"purchasable","13":"product-type-variable"},"_links":{"self":[{"href":"https:\/\/maluvati.com.ar\/es\/wp-json\/wp\/v2\/product\/3573","targetHints":{"allow":["GET"]}}],"collection":[{"href":"https:\/\/maluvati.com.ar\/es\/wp-json\/wp\/v2\/product"}],"about":[{"href":"https:\/\/maluvati.com.ar\/es\/wp-json\/wp\/v2\/types\/product"}],"replies":[{"embeddable":true,"href":"https:\/\/maluvati.com.ar\/es\/wp-json\/wp\/v2\/comments?post=3573"}],"wp:featuredmedia":[{"embeddable":true,"href":"https:\/\/maluvati.com.ar\/es\/wp-json\/wp\/v2\/media\/3599"}],"wp:attachment":[{"href":"https:\/\/maluvati.com.ar\/es\/wp-json\/wp\/v2\/media?parent=3573"}],"wp:term":[{"taxonomy":"product_brand","embeddable":true,"href":"https:\/\/maluvati.com.ar\/es\/wp-json\/wp\/v2\/product_brand?post=3573"},{"taxonomy":"product_cat","embeddable":true,"href":"https:\/\/maluvati.com.ar\/es\/wp-json\/wp\/v2\/product_cat?post=3573"},{"taxonomy":"product_tag","embeddable":true,"href":"https:\/\/maluvati.com.ar\/es\/wp-json\/wp\/v2\/product_tag?post=3573"}],"curies":[{"name":"wp","href":"https:\/\/api.w.org\/{rel}","templated":true}]}}