{"id":3947,"date":"2026-04-05T19:16:50","date_gmt":"2026-04-05T22:16:50","guid":{"rendered":"https:\/\/maluvati.com.ar\/es\/?post_type=product&#038;p=3947"},"modified":"2026-04-05T19:16:55","modified_gmt":"2026-04-05T22:16:55","slug":"orgonitos","status":"publish","type":"product","link":"https:\/\/maluvati.com.ar\/es\/product\/orgonitos\/","title":{"rendered":"ORGONITOS"},"content":{"rendered":"<p>\ud835\ude4a\ud835\ude67\ud835\ude5c\ud835\ude64\ud835\ude63\ud835\ude5e\ud835\ude69\ud835\ude64\ud835\ude68<\/p>\n<p>Son una combinaci\u00f3n de materiales org\u00e1nicos (como resina) y materiales inorg\u00e1nicos (como metales y cristales, especialmente cuarzo). La resina act\u00faa como un im\u00e1n para la energ\u00eda, mientras que los metales y cristales la canalizan y equilibran.<\/p>\n<p>\ud83d\udc47 Algunos de los beneficios:<\/p>\n<p>\u2022 Se utilizan para purificar ambientes, neutralizando la contaminaci\u00f3n electromagn\u00e9tica (de celulares, wifi, etc.) y energ\u00edas negativas.<\/p>\n<p>\u2022 Se pueden llevar como amuletos para reducir el estr\u00e9s, mejorar el sue\u00f1o y aumentar la vitalidad.<\/p>\n<p>\u2022 Armonizaci\u00f3n de espacios:<br \/>\nAyudan a crear ambientes m\u00e1s equilibrados y armoniosos en hogares, oficinas o lugares de trabajo.<\/p>\n<p>\u2022 Equilibrio de chakras:<br \/>\nSe utilizan en terapias hol\u00edsticas para alinear y equilibrar los centros energ\u00e9ticos del cuerpo.<\/p>\n<p>\u2022 Inspira en el ambiente una sensaci\u00f3n de optimismo y de energ\u00eda positiva, activa y potencia la energ\u00eda natural.<\/p>\n<p>\u2022 Desarma los bloqueos energ\u00e9ticos, alejando las personas de influencias negativas y par\u00e1sitas.<\/p>\n<p>En \ud835\udc74\ud835\udc82\ud835\udc8d\ud835\udc96\ud835\udc97\ud835\udc82\ud835\udc95\ud835\udc8a tenemos variedad de dise\u00f1os de Orgonitos!\ud83e\udd17<\/p>\n<p>\u2713 Pir\u00e1mides Tetra\u00e9dricas<\/p>\n<p>\u2713 Pir\u00e1mides C\u00f3ncavas<\/p>\n<p>\u2713 Pir\u00e1mides Egipcias con o sin cristal central<\/p>\n<p>\u2713 Llaveros<\/p>\n<p>\u2713 Dijes<\/p>\n<p>\u2713 Protectores Personales Pentagonales \u00f3 Hexagonales<\/p>\n<p>\u2713 Cargador orgon\u00f3tico de comidas y bebidas<\/p>\n<p>\u2713 Protectores para Celulares (redondos, pentagonales \u00f3 hexagonales) \/ Notebook \/ Microondas (rectangular)<\/p>\n<p>&nbsp;<\/p>\n<p>&nbsp;<\/p>\n<p>*Consulte disponibles<\/p>\n<p>&nbsp;<\/p>\n","protected":false},"excerpt":{"rendered":"<p>\ud835\ude4a\ud835\ude67\ud835\ude5c\ud835\ude64\ud835\ude63\ud835\ude5e\ud835\ude69\ud835\ude64\ud835\ude68 Son una combinaci\u00f3n de materiales org\u00e1nicos (como resina) y materiales inorg\u00e1nicos (como metales y cristales, especialmente cuarzo). La resina act\u00faa como un im\u00e1n para la energ\u00eda, mientras que los metales y cristales la canalizan y equilibran. \ud83d\udc47 Algunos de los beneficios: \u2022 Se utilizan para purificar ambientes, neutralizando la contaminaci\u00f3n electromagn\u00e9tica (de celulares, wifi, [&hellip;]<\/p>\n","protected":false},"featured_media":3959,"comment_status":"closed","ping_status":"closed","template":"","meta":[],"product_brand":[],"product_cat":[24,20],"product_tag":[],"class_list":{"0":"post-3947","1":"product","2":"type-product","3":"status-publish","4":"has-post-thumbnail","6":"product_cat-accesorios-hogar-y-personal","7":"product_cat-regaleria-y-accesorios-holisticos","9":"first","10":"instock","11":"sold-individually","12":"shipping-taxable","13":"purchasable","14":"product-type-variable"},"_links":{"self":[{"href":"https:\/\/maluvati.com.ar\/es\/wp-json\/wp\/v2\/product\/3947","targetHints":{"allow":["GET"]}}],"collection":[{"href":"https:\/\/maluvati.com.ar\/es\/wp-json\/wp\/v2\/product"}],"about":[{"href":"https:\/\/maluvati.com.ar\/es\/wp-json\/wp\/v2\/types\/product"}],"replies":[{"embeddable":true,"href":"https:\/\/maluvati.com.ar\/es\/wp-json\/wp\/v2\/comments?post=3947"}],"wp:featuredmedia":[{"embeddable":true,"href":"https:\/\/maluvati.com.ar\/es\/wp-json\/wp\/v2\/media\/3959"}],"wp:attachment":[{"href":"https:\/\/maluvati.com.ar\/es\/wp-json\/wp\/v2\/media?parent=3947"}],"wp:term":[{"taxonomy":"product_brand","embeddable":true,"href":"https:\/\/maluvati.com.ar\/es\/wp-json\/wp\/v2\/product_brand?post=3947"},{"taxonomy":"product_cat","embeddable":true,"href":"https:\/\/maluvati.com.ar\/es\/wp-json\/wp\/v2\/product_cat?post=3947"},{"taxonomy":"product_tag","embeddable":true,"href":"https:\/\/maluvati.com.ar\/es\/wp-json\/wp\/v2\/product_tag?post=3947"}],"curies":[{"name":"wp","href":"https:\/\/api.w.org\/{rel}","templated":true}]}}