{"id":4171,"date":"2026-04-05T19:17:17","date_gmt":"2026-04-05T22:17:17","guid":{"rendered":"https:\/\/maluvati.com.ar\/es\/?post_type=product&#038;p=4171"},"modified":"2026-04-05T19:17:20","modified_gmt":"2026-04-05T22:17:20","slug":"mandalas-e-book-completo","status":"publish","type":"product","link":"https:\/\/maluvati.com.ar\/es\/product\/mandalas-e-book-completo\/","title":{"rendered":"Mandalas &#8211; E-Book &#8211; Completo"},"content":{"rendered":"<p><span style=\"vertical-align: inherit;\"><span style=\"vertical-align: inherit;\">Con su realizaci\u00f3n se pretende conectar con la energ\u00eda universal.<\/span><\/span><\/p>\n<p><span style=\"vertical-align: inherit;\"><span style=\"vertical-align: inherit;\">Se utilizan con intenci\u00f3n de meditar generalmente, aunque tambi\u00e9n ayudan a descansar y generar espacio mental para que entren nuevos y mejores pensamientos.<\/span><\/span><\/p>\n<p><span style=\"vertical-align: inherit;\"><span style=\"vertical-align: inherit;\">Al dibujar y colorear mandalas, estamos dejando que nuestro inconsciente (emociones) se exprese, por lo que, a su vez, se desarrollan sus fines terap\u00e9uticos: se activan mecanismos f\u00edsicos (la acci\u00f3n de dibujar y pintar), mentales (creatividad, elecci\u00f3n y organizaci\u00f3n de colores) y psicol\u00f3gicos (todo sucede bajo la supervisi\u00f3n de nuestras emociones).<\/span><\/span><\/p>\n<p>&nbsp;<\/p>\n<p>&nbsp;<\/p>\n","protected":false},"excerpt":{"rendered":"<p>Con su realizaci\u00f3n se pretende conectar con la energ\u00eda universal. Se utilizan con intenci\u00f3n de meditar generalmente, aunque tambi\u00e9n ayudan a descansar y generar espacio mental para que entren nuevos y mejores pensamientos. Al dibujar y colorear mandalas, estamos dejando que nuestro inconsciente (emociones) se exprese, por lo que, a su vez, se desarrollan sus [&hellip;]<\/p>\n","protected":false},"featured_media":4183,"comment_status":"closed","ping_status":"closed","template":"","meta":[],"product_brand":[],"product_cat":[84,85],"product_tag":[],"class_list":{"0":"post-4171","1":"product","2":"type-product","3":"status-publish","4":"has-post-thumbnail","6":"product_cat-e-book","7":"product_cat-no-categorizado","9":"first","10":"instock","11":"downloadable","12":"virtual","13":"sold-individually","14":"purchasable","15":"product-type-simple"},"_links":{"self":[{"href":"https:\/\/maluvati.com.ar\/es\/wp-json\/wp\/v2\/product\/4171","targetHints":{"allow":["GET"]}}],"collection":[{"href":"https:\/\/maluvati.com.ar\/es\/wp-json\/wp\/v2\/product"}],"about":[{"href":"https:\/\/maluvati.com.ar\/es\/wp-json\/wp\/v2\/types\/product"}],"replies":[{"embeddable":true,"href":"https:\/\/maluvati.com.ar\/es\/wp-json\/wp\/v2\/comments?post=4171"}],"wp:featuredmedia":[{"embeddable":true,"href":"https:\/\/maluvati.com.ar\/es\/wp-json\/wp\/v2\/media\/4183"}],"wp:attachment":[{"href":"https:\/\/maluvati.com.ar\/es\/wp-json\/wp\/v2\/media?parent=4171"}],"wp:term":[{"taxonomy":"product_brand","embeddable":true,"href":"https:\/\/maluvati.com.ar\/es\/wp-json\/wp\/v2\/product_brand?post=4171"},{"taxonomy":"product_cat","embeddable":true,"href":"https:\/\/maluvati.com.ar\/es\/wp-json\/wp\/v2\/product_cat?post=4171"},{"taxonomy":"product_tag","embeddable":true,"href":"https:\/\/maluvati.com.ar\/es\/wp-json\/wp\/v2\/product_tag?post=4171"}],"curies":[{"name":"wp","href":"https:\/\/api.w.org\/{rel}","templated":true}]}}