{"id":4173,"date":"2026-04-05T19:17:17","date_gmt":"2026-04-05T22:17:17","guid":{"rendered":"https:\/\/maluvati.com.ar\/es\/?post_type=product&#038;p=4173"},"modified":"2026-04-05T19:17:20","modified_gmt":"2026-04-05T22:17:20","slug":"animales-de-poder-e-book-completo","status":"publish","type":"product","link":"https:\/\/maluvati.com.ar\/es\/product\/animales-de-poder-e-book-completo\/","title":{"rendered":"Animales de Poder &#8211; E-Book &#8211; Completo"},"content":{"rendered":"<p>&nbsp;<\/p>\n<p>Los animales de poder o t\u00f3tems son gu\u00edas espirituales. Seg\u00fan las creencias cham\u00e1nicas cuando una especie evoluciona la energ\u00eda de su conjunto queda en el cosmo.<br \/>\nSe dice que cada uno nace con un (o varios) animal espiritual como gu\u00eda protector que nos acompa\u00f1a en nuestro camino.<\/p>\n","protected":false},"excerpt":{"rendered":"<p>&nbsp; Los animales de poder o t\u00f3tems son gu\u00edas espirituales. Seg\u00fan las creencias cham\u00e1nicas cuando una especie evoluciona la energ\u00eda de su conjunto queda en el cosmo. Se dice que cada uno nace con un (o varios) animal espiritual como gu\u00eda protector que nos acompa\u00f1a en nuestro camino.<\/p>\n","protected":false},"featured_media":4184,"comment_status":"closed","ping_status":"closed","template":"","meta":[],"product_brand":[],"product_cat":[84,85],"product_tag":[],"class_list":{"0":"post-4173","1":"product","2":"type-product","3":"status-publish","4":"has-post-thumbnail","6":"product_cat-e-book","7":"product_cat-no-categorizado","9":"first","10":"instock","11":"downloadable","12":"virtual","13":"sold-individually","14":"purchasable","15":"product-type-simple"},"_links":{"self":[{"href":"https:\/\/maluvati.com.ar\/es\/wp-json\/wp\/v2\/product\/4173","targetHints":{"allow":["GET"]}}],"collection":[{"href":"https:\/\/maluvati.com.ar\/es\/wp-json\/wp\/v2\/product"}],"about":[{"href":"https:\/\/maluvati.com.ar\/es\/wp-json\/wp\/v2\/types\/product"}],"replies":[{"embeddable":true,"href":"https:\/\/maluvati.com.ar\/es\/wp-json\/wp\/v2\/comments?post=4173"}],"wp:featuredmedia":[{"embeddable":true,"href":"https:\/\/maluvati.com.ar\/es\/wp-json\/wp\/v2\/media\/4184"}],"wp:attachment":[{"href":"https:\/\/maluvati.com.ar\/es\/wp-json\/wp\/v2\/media?parent=4173"}],"wp:term":[{"taxonomy":"product_brand","embeddable":true,"href":"https:\/\/maluvati.com.ar\/es\/wp-json\/wp\/v2\/product_brand?post=4173"},{"taxonomy":"product_cat","embeddable":true,"href":"https:\/\/maluvati.com.ar\/es\/wp-json\/wp\/v2\/product_cat?post=4173"},{"taxonomy":"product_tag","embeddable":true,"href":"https:\/\/maluvati.com.ar\/es\/wp-json\/wp\/v2\/product_tag?post=4173"}],"curies":[{"name":"wp","href":"https:\/\/api.w.org\/{rel}","templated":true}]}}