{"id":4174,"date":"2026-04-05T19:17:17","date_gmt":"2026-04-05T22:17:17","guid":{"rendered":"https:\/\/maluvati.com.ar\/es\/?post_type=product&#038;p=4174"},"modified":"2026-04-05T19:17:20","modified_gmt":"2026-04-05T22:17:20","slug":"como-crear-tu-altar-e-book","status":"publish","type":"product","link":"https:\/\/maluvati.com.ar\/es\/product\/como-crear-tu-altar-e-book\/","title":{"rendered":"C\u00f3mo crear tu Altar &#8211; E-Book"},"content":{"rendered":"<p><span class=\"OYPEnA font-feature-liga-off font-feature-clig-off font-feature-calt-off text-decoration-none text-strikethrough-none\">Un altar es mucho m\u00e1s que un conjunto de objetos bonitos: es un espacio sagrado que refleja tu mundo interior. Es un lugar donde puedes <strong><em>conectar con tu energ\u00eda, tus intenciones<\/em><\/strong> y tus gu\u00edas espirituales. Crear tu propio altar te permite manifestar deseos, canalizar paz, y honrar tu camino espiritual.<\/span><\/p>\n<p>\u00c9ste E-Book te trae, de la mano de Aldy, unos tips para que puedas crear tu propio altar.<\/p>\n<p>&nbsp;<\/p>\n","protected":false},"excerpt":{"rendered":"<p>Un altar es mucho m\u00e1s que un conjunto de objetos bonitos: es un espacio sagrado que refleja tu mundo interior. Es un lugar donde puedes conectar con tu energ\u00eda, tus intenciones y tus gu\u00edas espirituales. Crear tu propio altar te permite manifestar deseos, canalizar paz, y honrar tu camino espiritual. \u00c9ste E-Book te trae, de [&hellip;]<\/p>\n","protected":false},"featured_media":4185,"comment_status":"closed","ping_status":"closed","template":"","meta":[],"product_brand":[],"product_cat":[84],"product_tag":[],"class_list":{"0":"post-4174","1":"product","2":"type-product","3":"status-publish","4":"has-post-thumbnail","6":"product_cat-e-book","8":"first","9":"instock","10":"downloadable","11":"virtual","12":"sold-individually","13":"purchasable","14":"product-type-simple"},"_links":{"self":[{"href":"https:\/\/maluvati.com.ar\/es\/wp-json\/wp\/v2\/product\/4174","targetHints":{"allow":["GET"]}}],"collection":[{"href":"https:\/\/maluvati.com.ar\/es\/wp-json\/wp\/v2\/product"}],"about":[{"href":"https:\/\/maluvati.com.ar\/es\/wp-json\/wp\/v2\/types\/product"}],"replies":[{"embeddable":true,"href":"https:\/\/maluvati.com.ar\/es\/wp-json\/wp\/v2\/comments?post=4174"}],"wp:featuredmedia":[{"embeddable":true,"href":"https:\/\/maluvati.com.ar\/es\/wp-json\/wp\/v2\/media\/4185"}],"wp:attachment":[{"href":"https:\/\/maluvati.com.ar\/es\/wp-json\/wp\/v2\/media?parent=4174"}],"wp:term":[{"taxonomy":"product_brand","embeddable":true,"href":"https:\/\/maluvati.com.ar\/es\/wp-json\/wp\/v2\/product_brand?post=4174"},{"taxonomy":"product_cat","embeddable":true,"href":"https:\/\/maluvati.com.ar\/es\/wp-json\/wp\/v2\/product_cat?post=4174"},{"taxonomy":"product_tag","embeddable":true,"href":"https:\/\/maluvati.com.ar\/es\/wp-json\/wp\/v2\/product_tag?post=4174"}],"curies":[{"name":"wp","href":"https:\/\/api.w.org\/{rel}","templated":true}]}}