{"id":4188,"date":"2026-04-05T19:17:22","date_gmt":"2026-04-05T22:17:22","guid":{"rendered":"https:\/\/maluvati.com.ar\/es\/?post_type=product&#038;p=4188"},"modified":"2026-04-05T19:17:29","modified_gmt":"2026-04-05T22:17:29","slug":"sahumerios-linea-india-black-sagrada-madre","status":"publish","type":"product","link":"https:\/\/maluvati.com.ar\/es\/product\/sahumerios-linea-india-black-sagrada-madre\/","title":{"rendered":"Sahumerios L\u00ednea India Black &#8211; Sagrada Madre"},"content":{"rendered":"<p>Sahumerios<em> l\u00ednea India Black<\/em><\/p>\n<ul>\n<li>Contenido: 8 varillas gruesas de duraci\u00f3n extra<br \/>\nDuraci\u00f3n: cada varilla dura 1.30 hora aproximadamente<\/li>\n<\/ul>\n<p>Opciones:<\/p>\n<ul>\n<li>Enigma<\/li>\n<li>Origen<\/li>\n<li>Astro<\/li>\n<li>Eclipse<\/li>\n<li>Divina<\/li>\n<\/ul>\n<p>*Precio publicado por cajita de 8 unidades.<\/p>\n<p>*Consulte variedades disponibles debido a las ventas presenciales<\/p>\n<p>&nbsp;<\/p>\n","protected":false},"excerpt":{"rendered":"<p>Sahumerios l\u00ednea India Black Contenido: 8 varillas gruesas de duraci\u00f3n extra Duraci\u00f3n: cada varilla dura 1.30 hora aproximadamente Opciones: Enigma Origen Astro Eclipse Divina *Precio publicado por cajita de 8 unidades. *Consulte variedades disponibles debido a las ventas presenciales &nbsp;<\/p>\n","protected":false},"featured_media":4217,"comment_status":"closed","ping_status":"closed","template":"","meta":[],"product_brand":[],"product_cat":[23],"product_tag":[],"class_list":{"0":"post-4188","1":"product","2":"type-product","3":"status-publish","4":"has-post-thumbnail","6":"product_cat-sahumerios","8":"first","9":"instock","10":"shipping-taxable","11":"purchasable","12":"product-type-variable"},"_links":{"self":[{"href":"https:\/\/maluvati.com.ar\/es\/wp-json\/wp\/v2\/product\/4188","targetHints":{"allow":["GET"]}}],"collection":[{"href":"https:\/\/maluvati.com.ar\/es\/wp-json\/wp\/v2\/product"}],"about":[{"href":"https:\/\/maluvati.com.ar\/es\/wp-json\/wp\/v2\/types\/product"}],"replies":[{"embeddable":true,"href":"https:\/\/maluvati.com.ar\/es\/wp-json\/wp\/v2\/comments?post=4188"}],"wp:featuredmedia":[{"embeddable":true,"href":"https:\/\/maluvati.com.ar\/es\/wp-json\/wp\/v2\/media\/4217"}],"wp:attachment":[{"href":"https:\/\/maluvati.com.ar\/es\/wp-json\/wp\/v2\/media?parent=4188"}],"wp:term":[{"taxonomy":"product_brand","embeddable":true,"href":"https:\/\/maluvati.com.ar\/es\/wp-json\/wp\/v2\/product_brand?post=4188"},{"taxonomy":"product_cat","embeddable":true,"href":"https:\/\/maluvati.com.ar\/es\/wp-json\/wp\/v2\/product_cat?post=4188"},{"taxonomy":"product_tag","embeddable":true,"href":"https:\/\/maluvati.com.ar\/es\/wp-json\/wp\/v2\/product_tag?post=4188"}],"curies":[{"name":"wp","href":"https:\/\/api.w.org\/{rel}","templated":true}]}}