{"id":4245,"date":"2026-04-05T19:17:28","date_gmt":"2026-04-05T22:17:28","guid":{"rendered":"https:\/\/maluvati.com.ar\/es\/?post_type=product&#038;p=4245"},"modified":"2026-04-05T19:17:29","modified_gmt":"2026-04-05T22:17:29","slug":"po-astral","status":"publish","type":"product","link":"https:\/\/maluvati.com.ar\/es\/product\/po-astral\/","title":{"rendered":"Po Astral"},"content":{"rendered":"<p class=\"svelte-x57wqa\"><span class=\"svelte-x57wqa\">El\u00a0<\/span><strong class=\"svelte-x57wqa\"><span class=\"svelte-x57wqa\">po astral<\/span><\/strong><span class=\"svelte-x57wqa\">\u00a0es un polvo esot\u00e9rico utilizado principalmente en rituales de magia, santer\u00eda y pr\u00e1cticas espirituales para dar una intenci\u00f3n espec\u00edfica a un trabajo.\u00a0<\/span><button class=\"inline-refs svelte-d37h25\" type=\"button\"><\/button><span class=\"svelte-x57wqa\">\u00a0Su uso principal incluye:<\/span><\/p>\n<ul class=\"svelte-x57wqa\">\n<li class=\"svelte-x57wqa\">\n<p class=\"svelte-x57wqa\"><strong class=\"svelte-x57wqa\"><span class=\"svelte-x57wqa\">Untar velas<\/span><\/strong><span class=\"svelte-x57wqa\">\u00a0con el polvo para potenciar el prop\u00f3sito del ritual (por ejemplo, amor, dinero, protecci\u00f3n).\u00a0<\/span><button class=\"inline-refs svelte-d37h25\" type=\"button\"><\/button><\/p>\n<\/li>\n<li class=\"svelte-x57wqa\">\n<p class=\"svelte-x57wqa\"><strong class=\"svelte-x57wqa\"><span class=\"svelte-x57wqa\">Formar figuras<\/span><\/strong><span class=\"svelte-x57wqa\">\u00a0o s\u00edmbolos durante la invocaci\u00f3n de un rito.\u00a0<\/span><button class=\"inline-refs svelte-d37h25\" type=\"button\"><\/button><\/p>\n<\/li>\n<li class=\"svelte-x57wqa\">\n<p class=\"svelte-x57wqa\"><strong class=\"svelte-x57wqa\"><span class=\"svelte-x57wqa\">Impregnar el ambiente<\/span><\/strong><span class=\"svelte-x57wqa\">\u00a0o elementos del altar para elevar la energ\u00eda y conectar con el plano astral.\u00a0<\/span><button class=\"inline-refs svelte-d37h25\" type=\"button\"><\/button><\/p>\n<\/li>\n<\/ul>\n<p class=\"svelte-x57wqa\"><span class=\"svelte-x57wqa\">El color del po astral var\u00eda seg\u00fan la intenci\u00f3n:<\/span><\/p>\n<ul class=\"svelte-x57wqa\">\n<li class=\"svelte-x57wqa\">\n<p class=\"svelte-x57wqa\"><strong class=\"svelte-x57wqa\"><span class=\"svelte-x57wqa\">Blanco<\/span><\/strong><span class=\"svelte-x57wqa\">: Amor verdadero, amarres, armon\u00eda.<\/span><\/p>\n<\/li>\n<li class=\"svelte-x57wqa\">\n<p class=\"svelte-x57wqa\"><strong class=\"svelte-x57wqa\"><span class=\"svelte-x57wqa\">Amarillo<\/span><\/strong><span class=\"svelte-x57wqa\">: Abundancia, atrae dinero, clientes, oportunidades laborales.<\/span><\/p>\n<\/li>\n<li class=\"svelte-x57wqa\">\n<p class=\"svelte-x57wqa\"><strong class=\"svelte-x57wqa\"><span class=\"svelte-x57wqa\">Verde<\/span><\/strong><span class=\"svelte-x57wqa\">: Sanaci\u00f3n, fertilidad, competencias, complemento de p\u00f3cimas.<\/span><\/p>\n<\/li>\n<\/ul>\n<p>Consultar disponibilidad<\/p>\n<p>&nbsp;<\/p>\n<p>&nbsp;<\/p>\n","protected":false},"excerpt":{"rendered":"<p>El\u00a0po astral\u00a0es un polvo esot\u00e9rico utilizado principalmente en rituales de magia, santer\u00eda y pr\u00e1cticas espirituales para dar una intenci\u00f3n espec\u00edfica a un trabajo.\u00a0\u00a0Su uso principal incluye: Untar velas\u00a0con el polvo para potenciar el prop\u00f3sito del ritual (por ejemplo, amor, dinero, protecci\u00f3n).\u00a0 Formar figuras\u00a0o s\u00edmbolos durante la invocaci\u00f3n de un rito.\u00a0 Impregnar el ambiente\u00a0o elementos del [&hellip;]<\/p>\n","protected":false},"featured_media":0,"comment_status":"closed","ping_status":"closed","template":"","meta":[],"product_brand":[],"product_cat":[68],"product_tag":[],"class_list":{"0":"post-4245","1":"product","2":"type-product","3":"status-publish","5":"product_cat-esoterico","7":"first","8":"instock","9":"shipping-taxable","10":"purchasable","11":"product-type-variable"},"_links":{"self":[{"href":"https:\/\/maluvati.com.ar\/es\/wp-json\/wp\/v2\/product\/4245","targetHints":{"allow":["GET"]}}],"collection":[{"href":"https:\/\/maluvati.com.ar\/es\/wp-json\/wp\/v2\/product"}],"about":[{"href":"https:\/\/maluvati.com.ar\/es\/wp-json\/wp\/v2\/types\/product"}],"replies":[{"embeddable":true,"href":"https:\/\/maluvati.com.ar\/es\/wp-json\/wp\/v2\/comments?post=4245"}],"wp:attachment":[{"href":"https:\/\/maluvati.com.ar\/es\/wp-json\/wp\/v2\/media?parent=4245"}],"wp:term":[{"taxonomy":"product_brand","embeddable":true,"href":"https:\/\/maluvati.com.ar\/es\/wp-json\/wp\/v2\/product_brand?post=4245"},{"taxonomy":"product_cat","embeddable":true,"href":"https:\/\/maluvati.com.ar\/es\/wp-json\/wp\/v2\/product_cat?post=4245"},{"taxonomy":"product_tag","embeddable":true,"href":"https:\/\/maluvati.com.ar\/es\/wp-json\/wp\/v2\/product_tag?post=4245"}],"curies":[{"name":"wp","href":"https:\/\/api.w.org\/{rel}","templated":true}]}}